{"id":107932,"date":"2023-05-20T18:19:51","date_gmt":"2023-05-20T16:19:51","guid":{"rendered":"https:\/\/www.fabioferro.eu\/hamilton-khaki-navy-frogman-automatik-41-mm-uhr.html"},"modified":"2025-04-03T09:54:57","modified_gmt":"2025-04-03T07:54:57","slug":"hamilton-khaki-navy-frogman-automatik-41-mm-uhr","status":"publish","type":"product","link":"https:\/\/www.fabioferro.eu\/de\/hamilton-khaki-navy-frogman-automatik-41-mm-uhr.html","title":{"rendered":"Hamilton Khaki Navy Frogman 41mm H77455331"},"content":{"rendered":"<p>Hamilton Khaki Navy Frogman 41mm H77455331 mechanischer Automatikaufzug, Kaliber H-10 mit 80 Stunden Gangreserve.<\/p>\n<p>Das Edelstahlgeh\u00e4use hat einen Durchmesser von 41 mm, eine Dicke von 13,09 mm und eine Ansto\u00dfbreite von 20 mm. Die Tauchfestigkeit betr\u00e4gt 30 bar\/300 Meter.<\/p>\n<p>Verschraubte Krone mit Stahlbr\u00fcckenschutz.<\/p>\n<p>Das Glas ist aus kratzfestem Saphirglas.<\/p>\n<p>Das Zifferblatt ist schwarz, mit applizierten Stundenmarkierungen auf der Oberseite und im Dunkeln leuchtenden Zeigern. Drehbare L\u00fcnette aus schwarzer Keramik.<\/p>\n<p>Antimagnetische und sto\u00dffeste Nivachron-Spirale.<\/p>\n<p>Salbeigr\u00fcnes Kautschukarmband mit 18 mm Dornschlie\u00dfe.<\/p>\n<p>Mit Verpackung und der offiziellen, internationalen Hamilton 2-Jahres-Garantie.<\/p>\n","protected":false},"excerpt":{"rendered":"<p>Die Hamilton Khaki Navy Frogman 41mm H77455331 zeichnet sich durch technische Leistung und ein ikonisches Design aus, das die Marke schon immer ausgezeichnet hat.<\/p>\n","protected":false},"featured_media":107935,"comment_status":"open","ping_status":"closed","template":"","meta":[],"product_brand":[161],"product_cat":[6310,5974],"product_tag":[7551,7442],"class_list":{"0":"post-107932","1":"product","2":"type-product","3":"status-publish","4":"has-post-thumbnail","6":"product_brand-hamilton","7":"product_cat-ein-uhren-outlet-nur-fur-sie-ein-paar-stucke-zu-kleinen-preisen","8":"product_cat-hamilton-herrenuhren","9":"product_tag-ausschlusse","10":"product_tag-verfugbar","11":"pa_collezione-hamilton-khaki-marine","13":"first","14":"outofstock","15":"sale","16":"taxable","17":"shipping-taxable","18":"purchasable","19":"product-type-simple"},"exclude_global_add_ons":[],"addons":[],"df_price":993.75,"df_sale_price":993.75,"df_regular_price":1325,"df_image_link":"https:\/\/cdn02.fabioferro.eu\/wp-content\/uploads\/orologio-hamilton-khaki-navy-frogman-41mm-h77455331.jpg","_links":{"self":[{"href":"https:\/\/www.fabioferro.eu\/de\/wp-json\/wp\/v2\/product\/107932","targetHints":{"allow":["GET"]}}],"collection":[{"href":"https:\/\/www.fabioferro.eu\/de\/wp-json\/wp\/v2\/product"}],"about":[{"href":"https:\/\/www.fabioferro.eu\/de\/wp-json\/wp\/v2\/types\/product"}],"replies":[{"embeddable":true,"href":"https:\/\/www.fabioferro.eu\/de\/wp-json\/wp\/v2\/comments?post=107932"}],"version-history":[{"count":0,"href":"https:\/\/www.fabioferro.eu\/de\/wp-json\/wp\/v2\/product\/107932\/revisions"}],"wp:featuredmedia":[{"embeddable":true,"href":"https:\/\/www.fabioferro.eu\/de\/wp-json\/wp\/v2\/media\/107935"}],"wp:attachment":[{"href":"https:\/\/www.fabioferro.eu\/de\/wp-json\/wp\/v2\/media?parent=107932"}],"wp:term":[{"taxonomy":"product_brand","embeddable":true,"href":"https:\/\/www.fabioferro.eu\/de\/wp-json\/wp\/v2\/product_brand?post=107932"},{"taxonomy":"product_cat","embeddable":true,"href":"https:\/\/www.fabioferro.eu\/de\/wp-json\/wp\/v2\/product_cat?post=107932"},{"taxonomy":"product_tag","embeddable":true,"href":"https:\/\/www.fabioferro.eu\/de\/wp-json\/wp\/v2\/product_tag?post=107932"}],"curies":[{"name":"wp","href":"https:\/\/api.w.org\/{rel}","templated":true}]}}