{"id":107957,"date":"2023-05-20T16:09:02","date_gmt":"2023-05-20T14:09:02","guid":{"rendered":"https:\/\/www.fabioferro.eu\/fope-flex-it-armband-eka-kollektion-in-rose-und-weissgold-und-diamanten.html"},"modified":"2026-01-09T16:25:43","modified_gmt":"2026-01-09T15:25:43","slug":"fope-flex-it-armband-eka-kollektion-in-rose-und-weissgold-und-diamanten","status":"publish","type":"product","link":"https:\/\/www.fabioferro.eu\/de\/fope-flex-it-armband-eka-kollektion-in-rose-und-weissgold-und-diamanten.html","title":{"rendered":"Fope Flex It Armband Eka Kollektion in Rose und Wei\u00dfgold mit Diamanten"},"content":{"rendered":"<p>Wundersch\u00f6nes Fope-Armband aus der Eka-Kollektion aus 18 Karat Ros\u00e9- und Wei\u00dfgold und Diamanten.<\/p>\n<p>Der Hauptteil ist in Ros\u00e9gold gearbeitet, was diesem sch\u00f6nen Schmuckst\u00fcck einen warmen Ton verleiht. In der Mitte befindet sich eine Unterlegscheibe aus Wei\u00dfgold, die durch die darauf gesetzten Diamanten hervorgehoben wird. Die Steine haben 0,15 Karat und zeichnen sich durch eine Farbe von G und einen Reinheitsgrad von VS1 aus.<\/p>\n<p>Entlang der gesamten Glieder dieses Armbands sind kleine Goldfedern eingesetzt, die ihm Elastizit\u00e4t verleihen.<br \/>\nDie patentierte Flex&#8217;it-Technologie von Fope: Jede Manschette wird mit 12.000 Z\u00fcgen getestet, um ihre Qualit\u00e4t und extreme Zuverl\u00e4ssigkeit zu beweisen.<\/p>\n<p>Armband handgefertigt von Handwerkern aus Vicenza. Qualit\u00e4t Made in Italy. <\/p>\n<p>Mit einem eleganten Etui und internationaler Fope-Garantie.<\/p>\n<p><img decoding=\"async\" class=\"alignnone size-full wp-image-205465\" src=\"http:\/\/cdn02.fabioferro.eu\/wp-content\/uploads\/tabelle-misure-bracciali.jpg\" alt=\"\" width=\"1900\" height=\"153\" title=\"\" srcset=\"https:\/\/cdn02.fabioferro.eu\/wp-content\/uploads\/tabelle-misure-bracciali.jpg 1900w, https:\/\/cdn02.fabioferro.eu\/wp-content\/uploads\/tabelle-misure-bracciali-768x62.jpg 768w, https:\/\/cdn02.fabioferro.eu\/wp-content\/uploads\/tabelle-misure-bracciali-1536x124.jpg 1536w, https:\/\/cdn02.fabioferro.eu\/wp-content\/uploads\/tabelle-misure-bracciali-990x80.jpg 990w, https:\/\/cdn02.fabioferro.eu\/wp-content\/uploads\/tabelle-misure-bracciali-441x36.jpg 441w, https:\/\/cdn02.fabioferro.eu\/wp-content\/uploads\/tabelle-misure-bracciali-600x48.jpg 600w, https:\/\/cdn02.fabioferro.eu\/wp-content\/uploads\/tabelle-misure-bracciali-150x12.jpg 150w\" sizes=\"(max-width: 1900px) 100vw, 1900px\" \/><\/p>\n","protected":false},"excerpt":{"rendered":"<p>Wundersch\u00f6nes Armband signiert FOPE in Rot- und Wei\u00dfgold mit Diamanten. Flex&#8217;it elastisch gestrickt.<\/p>\n","protected":false},"featured_media":107971,"comment_status":"open","ping_status":"closed","template":"","meta":[],"product_brand":[154],"product_cat":[6161],"product_tag":[],"class_list":{"0":"post-107957","1":"product","2":"type-product","3":"status-publish","4":"has-post-thumbnail","6":"product_brand-fope","7":"product_cat-fope-armbander","9":"first","10":"instock","11":"taxable","12":"shipping-taxable","13":"purchasable","14":"product-type-variable","15":"has-default-attributes"},"exclude_global_add_ons":[],"addons":[],"df_price":5310,"df_sale_price":"","df_regular_price":5310,"df_image_link":"https:\/\/cdn02.fabioferro.eu\/wp-content\/uploads\/virtuemart\/product\/bracciale_fope_collezione_eka_in_oro_rosa_721B_BBR_BR__1594401338_751.jpg","_links":{"self":[{"href":"https:\/\/www.fabioferro.eu\/de\/wp-json\/wp\/v2\/product\/107957","targetHints":{"allow":["GET"]}}],"collection":[{"href":"https:\/\/www.fabioferro.eu\/de\/wp-json\/wp\/v2\/product"}],"about":[{"href":"https:\/\/www.fabioferro.eu\/de\/wp-json\/wp\/v2\/types\/product"}],"replies":[{"embeddable":true,"href":"https:\/\/www.fabioferro.eu\/de\/wp-json\/wp\/v2\/comments?post=107957"}],"version-history":[{"count":1,"href":"https:\/\/www.fabioferro.eu\/de\/wp-json\/wp\/v2\/product\/107957\/revisions"}],"predecessor-version":[{"id":206562,"href":"https:\/\/www.fabioferro.eu\/de\/wp-json\/wp\/v2\/product\/107957\/revisions\/206562"}],"wp:featuredmedia":[{"embeddable":true,"href":"https:\/\/www.fabioferro.eu\/de\/wp-json\/wp\/v2\/media\/107971"}],"wp:attachment":[{"href":"https:\/\/www.fabioferro.eu\/de\/wp-json\/wp\/v2\/media?parent=107957"}],"wp:term":[{"taxonomy":"product_brand","embeddable":true,"href":"https:\/\/www.fabioferro.eu\/de\/wp-json\/wp\/v2\/product_brand?post=107957"},{"taxonomy":"product_cat","embeddable":true,"href":"https:\/\/www.fabioferro.eu\/de\/wp-json\/wp\/v2\/product_cat?post=107957"},{"taxonomy":"product_tag","embeddable":true,"href":"https:\/\/www.fabioferro.eu\/de\/wp-json\/wp\/v2\/product_tag?post=107957"}],"curies":[{"name":"wp","href":"https:\/\/api.w.org\/{rel}","templated":true}]}}