{"id":108049,"date":"2023-05-20T16:09:04","date_gmt":"2023-05-20T14:09:04","guid":{"rendered":"https:\/\/www.fabioferro.eu\/fope-flex-it-armband-eka-kollektion-in-gelb-und-weissgold-und-diamant-pave.html"},"modified":"2026-01-09T16:25:46","modified_gmt":"2026-01-09T15:25:46","slug":"fope-flex-it-armband-eka-kollektion-in-gelb-und-weissgold-und-diamant-pave","status":"publish","type":"product","link":"https:\/\/www.fabioferro.eu\/de\/fope-flex-it-armband-eka-kollektion-in-gelb-und-weissgold-und-diamant-pave.html","title":{"rendered":"Fope Flex It Armband Eka Kollektion in Gelb- und Wei\u00dfgold und Diamant Pave"},"content":{"rendered":"<p>Edles und elegantes Fope-Armband aus der Eka-Kollektion. Schmuckst\u00fcck aus 18 Karat Gelb- und Wei\u00dfgold, mit Diamanten besetzt.<\/p>\n<p>Handgefertigtes elastisches Netz aus Gelbgold. Ohne jede Art von Schlie\u00dfe pr\u00e4sentiert sie sich als ein einziges St\u00fcck, das nur durch die zentrale Wei\u00dfgoldscheibe mit einem Durchmesser von 9 mm unterbrochen wird. Fein eingefasst funkelt ein Sturm winziger Diamanten und verleiht der gesamten Komposition Glanz. Die Steine haben 0,37 Karat und zeichnen sich durch eine Farbe von G und einen Reinheitsgrad von VS1 aus.<\/p>\n<p>Ein Schmuckst\u00fcck, das mit der patentierten Flex&#8217;it-Technologie ausgestattet ist, die dem Glied dank kleiner, unsichtbarer Gelbgoldfedern, die darin versteckt sind, Elastizit\u00e4t verleiht. Jedes St\u00fcck wird einem Belastungstest mit 12.000 Ziehungen unterzogen, bevor es in den Verkauf geht.<span class=\"Apple-converted-space\"> <\/span><\/p>\n<p>Armband handgefertigt von Handwerkern aus Vicenza. Qualit\u00e4t Made in Italy. <\/p>\n<p>Mit einem eleganten Etui und internationaler Fope-Garantie.<\/p>\n<p><img decoding=\"async\" class=\"alignnone size-full wp-image-205465\" src=\"http:\/\/cdn02.fabioferro.eu\/wp-content\/uploads\/tabelle-misure-bracciali.jpg\" alt=\"\" width=\"1900\" height=\"153\" title=\"\" srcset=\"https:\/\/cdn02.fabioferro.eu\/wp-content\/uploads\/tabelle-misure-bracciali.jpg 1900w, https:\/\/cdn02.fabioferro.eu\/wp-content\/uploads\/tabelle-misure-bracciali-768x62.jpg 768w, https:\/\/cdn02.fabioferro.eu\/wp-content\/uploads\/tabelle-misure-bracciali-1536x124.jpg 1536w, https:\/\/cdn02.fabioferro.eu\/wp-content\/uploads\/tabelle-misure-bracciali-990x80.jpg 990w, https:\/\/cdn02.fabioferro.eu\/wp-content\/uploads\/tabelle-misure-bracciali-441x36.jpg 441w, https:\/\/cdn02.fabioferro.eu\/wp-content\/uploads\/tabelle-misure-bracciali-600x48.jpg 600w, https:\/\/cdn02.fabioferro.eu\/wp-content\/uploads\/tabelle-misure-bracciali-150x12.jpg 150w\" sizes=\"(max-width: 1900px) 100vw, 1900px\" \/><\/p>\n","protected":false},"excerpt":{"rendered":"<p>Unbestrittene Handwerkskunst Made in Italy. Ein kostbares Juwel voller Charakter. Gelb- und Wei\u00dfgold, mit Diamanten ausgefasst.<\/p>\n","protected":false},"featured_media":108070,"comment_status":"open","ping_status":"closed","template":"","meta":[],"product_brand":[154],"product_cat":[6161],"product_tag":[],"class_list":{"0":"post-108049","1":"product","2":"type-product","3":"status-publish","4":"has-post-thumbnail","6":"product_brand-fope","7":"product_cat-fope-armbander","9":"first","10":"instock","11":"taxable","12":"shipping-taxable","13":"purchasable","14":"product-type-variable","15":"has-default-attributes"},"exclude_global_add_ons":[],"addons":[],"df_price":6190,"df_sale_price":"","df_regular_price":6190,"df_image_link":"https:\/\/cdn02.fabioferro.eu\/wp-content\/uploads\/virtuemart\/product\/bracciale_fope_collezione_eka_in_oro_giallo_721B_PAVE_GB__1594823389_375.jpg","_links":{"self":[{"href":"https:\/\/www.fabioferro.eu\/de\/wp-json\/wp\/v2\/product\/108049","targetHints":{"allow":["GET"]}}],"collection":[{"href":"https:\/\/www.fabioferro.eu\/de\/wp-json\/wp\/v2\/product"}],"about":[{"href":"https:\/\/www.fabioferro.eu\/de\/wp-json\/wp\/v2\/types\/product"}],"replies":[{"embeddable":true,"href":"https:\/\/www.fabioferro.eu\/de\/wp-json\/wp\/v2\/comments?post=108049"}],"version-history":[{"count":1,"href":"https:\/\/www.fabioferro.eu\/de\/wp-json\/wp\/v2\/product\/108049\/revisions"}],"predecessor-version":[{"id":206567,"href":"https:\/\/www.fabioferro.eu\/de\/wp-json\/wp\/v2\/product\/108049\/revisions\/206567"}],"wp:featuredmedia":[{"embeddable":true,"href":"https:\/\/www.fabioferro.eu\/de\/wp-json\/wp\/v2\/media\/108070"}],"wp:attachment":[{"href":"https:\/\/www.fabioferro.eu\/de\/wp-json\/wp\/v2\/media?parent=108049"}],"wp:term":[{"taxonomy":"product_brand","embeddable":true,"href":"https:\/\/www.fabioferro.eu\/de\/wp-json\/wp\/v2\/product_brand?post=108049"},{"taxonomy":"product_cat","embeddable":true,"href":"https:\/\/www.fabioferro.eu\/de\/wp-json\/wp\/v2\/product_cat?post=108049"},{"taxonomy":"product_tag","embeddable":true,"href":"https:\/\/www.fabioferro.eu\/de\/wp-json\/wp\/v2\/product_tag?post=108049"}],"curies":[{"name":"wp","href":"https:\/\/api.w.org\/{rel}","templated":true}]}}