{"id":108068,"date":"2023-05-16T17:39:17","date_gmt":"2023-05-16T15:39:17","guid":{"rendered":"https:\/\/www.fabioferro.eu\/bliss-ohrringe-mit-tahiti-perlen-in-weissgold-und-diamanten-9-95-mm.html"},"modified":"2025-03-11T18:23:28","modified_gmt":"2025-03-11T17:23:28","slug":"bliss-ohrringe-mit-tahiti-perlen-in-weissgold-und-diamanten-9-95-mm","status":"publish","type":"product","link":"https:\/\/www.fabioferro.eu\/de\/bliss-ohrringe-mit-tahiti-perlen-in-weissgold-und-diamanten-9-95-mm.html","title":{"rendered":"Fabio Ferro Ohrringe mit Tahiti-Perlen in Wei\u00dfgold und Diamanten 9-9,5 mm"},"content":{"rendered":"<p>Ein Paar Ohrringe, die in unserer Goldschmiedewerkstatt handgefertigt wurden.<\/p>\n<p>Die Fassung besteht vollst\u00e4ndig aus 750\/1000er Wei\u00dfgold.<\/p>\n<p>Klassischer und praktischer Schmetterlingsverschluss aus Wei\u00dfgold.<\/p>\n<p>Die Perlen wurden sorgf\u00e4ltig ausgew\u00e4hlt, um h\u00f6chste Qualit\u00e4t zu gew\u00e4hrleisten, und messen 9-9,5 mm im Durchmesser.<\/p>\n<p>Sie sind mit zwei Diamanten im Brillantschliff von insgesamt 0,10 Karat, Farbe G und Reinheit VS1 gefasst.<\/p>\n<p>Die Farbe der Perlen kann leicht von der Abbildung abweichen, da es sich um nat\u00fcrliche Perlen handelt und eine Perle von der anderen abweicht.<\/p>\n<p>Im Lieferumfang enthalten sind ein Etui und eine von Fabio Ferro I Gioielli unterzeichnete Qualit\u00e4tsgarantie.<\/p>\n","protected":false},"excerpt":{"rendered":"<p>Perlen von au\u00dfergew\u00f6hnlicher Sch\u00f6nheit und Qualit\u00e4t, die Sie jederzeit verzaubern k\u00f6nnen.<\/p>\n","protected":false},"featured_media":108081,"comment_status":"open","ping_status":"closed","template":"","meta":[],"product_brand":[152],"product_cat":[6022],"product_tag":[],"class_list":{"0":"post-108068","1":"product","2":"type-product","3":"status-publish","4":"has-post-thumbnail","6":"product_brand-fabio-ferro-i-gioielli","7":"product_cat-perlen-ohrringe","9":"first","10":"instock","11":"sale","12":"taxable","13":"shipping-taxable","14":"purchasable","15":"product-type-simple"},"exclude_global_add_ons":[],"addons":[],"df_price":760,"df_sale_price":760,"df_regular_price":950,"df_image_link":"https:\/\/cdn02.fabioferro.eu\/wp-content\/uploads\/orecchini-bliss-perle-tahiti-in-oro-bianco-con-diamanti-20041279-2.jpg","_links":{"self":[{"href":"https:\/\/www.fabioferro.eu\/de\/wp-json\/wp\/v2\/product\/108068","targetHints":{"allow":["GET"]}}],"collection":[{"href":"https:\/\/www.fabioferro.eu\/de\/wp-json\/wp\/v2\/product"}],"about":[{"href":"https:\/\/www.fabioferro.eu\/de\/wp-json\/wp\/v2\/types\/product"}],"replies":[{"embeddable":true,"href":"https:\/\/www.fabioferro.eu\/de\/wp-json\/wp\/v2\/comments?post=108068"}],"version-history":[{"count":0,"href":"https:\/\/www.fabioferro.eu\/de\/wp-json\/wp\/v2\/product\/108068\/revisions"}],"wp:featuredmedia":[{"embeddable":true,"href":"https:\/\/www.fabioferro.eu\/de\/wp-json\/wp\/v2\/media\/108081"}],"wp:attachment":[{"href":"https:\/\/www.fabioferro.eu\/de\/wp-json\/wp\/v2\/media?parent=108068"}],"wp:term":[{"taxonomy":"product_brand","embeddable":true,"href":"https:\/\/www.fabioferro.eu\/de\/wp-json\/wp\/v2\/product_brand?post=108068"},{"taxonomy":"product_cat","embeddable":true,"href":"https:\/\/www.fabioferro.eu\/de\/wp-json\/wp\/v2\/product_cat?post=108068"},{"taxonomy":"product_tag","embeddable":true,"href":"https:\/\/www.fabioferro.eu\/de\/wp-json\/wp\/v2\/product_tag?post=108068"}],"curies":[{"name":"wp","href":"https:\/\/api.w.org\/{rel}","templated":true}]}}