{"id":108086,"date":"2023-05-15T09:36:25","date_gmt":"2023-05-15T07:36:25","guid":{"rendered":"https:\/\/www.fabioferro.eu\/giovanni-raspini-tahiti-leopard-knopf-ohrringe.html"},"modified":"2025-03-11T18:23:21","modified_gmt":"2025-03-11T17:23:21","slug":"giovanni-raspini-tahiti-leopard-knopf-ohrringe","status":"publish","type":"product","link":"https:\/\/www.fabioferro.eu\/de\/giovanni-raspini-tahiti-leopard-knopf-ohrringe.html","title":{"rendered":"Giovanni Raspini Tahiti Leopard Knopf-Ohrringe"},"content":{"rendered":"<p>Ein Paar handgefertigte Ohrringe aus 925\/1000 Silber. Hergestellt in Italien.<\/p>\n<p>Ein Paar ausgew\u00e4hlter S\u00fc\u00dfwasserperlen mit ausgepr\u00e4gter Form.<\/p>\n<p>Das Gewicht eines einzelnen Ohrrings betr\u00e4gt 5 g.<\/p>\n<p>In der H\u00f6he messen sie jeweils 1,8 cm.<\/p>\n<p>Verschluss mit klassischem Schmetterling und G. Raspini-Logo.<\/p>\n<p>Mit offizieller Verpackung und Garantie von Giovanni Raspini.<\/p>\n","protected":false},"excerpt":{"rendered":"<p>Ein Paar Ohrringe, das wie nie zuvor mit der Natur verbunden ist und Sie jederzeit \u00fcberraschen kann.<\/p>\n","protected":false},"featured_media":108090,"comment_status":"open","ping_status":"closed","template":"","meta":[],"product_brand":[155],"product_cat":[7570],"product_tag":[],"class_list":{"0":"post-108086","1":"product","2":"type-product","3":"status-publish","4":"has-post-thumbnail","6":"product_brand-raspini","7":"product_cat-giovanni-raspini-ohrringe","9":"first","10":"instock","11":"sale","12":"taxable","13":"shipping-taxable","14":"purchasable","15":"product-type-simple"},"exclude_global_add_ons":[],"addons":[],"df_price":229.5,"df_sale_price":229.5,"df_regular_price":255,"df_image_link":"https:\/\/cdn02.fabioferro.eu\/wp-content\/uploads\/orecchini-giovanni-raspini-tahiti-leopardo-bottone-10846.jpg","_links":{"self":[{"href":"https:\/\/www.fabioferro.eu\/de\/wp-json\/wp\/v2\/product\/108086","targetHints":{"allow":["GET"]}}],"collection":[{"href":"https:\/\/www.fabioferro.eu\/de\/wp-json\/wp\/v2\/product"}],"about":[{"href":"https:\/\/www.fabioferro.eu\/de\/wp-json\/wp\/v2\/types\/product"}],"replies":[{"embeddable":true,"href":"https:\/\/www.fabioferro.eu\/de\/wp-json\/wp\/v2\/comments?post=108086"}],"version-history":[{"count":0,"href":"https:\/\/www.fabioferro.eu\/de\/wp-json\/wp\/v2\/product\/108086\/revisions"}],"wp:featuredmedia":[{"embeddable":true,"href":"https:\/\/www.fabioferro.eu\/de\/wp-json\/wp\/v2\/media\/108090"}],"wp:attachment":[{"href":"https:\/\/www.fabioferro.eu\/de\/wp-json\/wp\/v2\/media?parent=108086"}],"wp:term":[{"taxonomy":"product_brand","embeddable":true,"href":"https:\/\/www.fabioferro.eu\/de\/wp-json\/wp\/v2\/product_brand?post=108086"},{"taxonomy":"product_cat","embeddable":true,"href":"https:\/\/www.fabioferro.eu\/de\/wp-json\/wp\/v2\/product_cat?post=108086"},{"taxonomy":"product_tag","embeddable":true,"href":"https:\/\/www.fabioferro.eu\/de\/wp-json\/wp\/v2\/product_tag?post=108086"}],"curies":[{"name":"wp","href":"https:\/\/api.w.org\/{rel}","templated":true}]}}