{"id":108087,"date":"2023-05-11T11:49:00","date_gmt":"2023-05-11T09:49:00","guid":{"rendered":"https:\/\/www.fabioferro.eu\/fabio-ferro-ohrringe-mit-japanischen-meeresperlen-und-diamanten-85-9-mm.html"},"modified":"2023-05-11T11:49:00","modified_gmt":"2023-05-11T09:49:00","slug":"fabio-ferro-ohrringe-mit-japanischen-meeresperlen-und-diamanten-85-9-mm","status":"publish","type":"product","link":"https:\/\/www.fabioferro.eu\/de\/fabio-ferro-ohrringe-mit-japanischen-meeresperlen-und-diamanten-85-9-mm.html","title":{"rendered":"Fabio Ferro Ohrringe mit japanischen Meeresperlen und Diamanten 8,5-9 mm"},"content":{"rendered":"<p>Ein Paar Ohrringe, handgefertigt in unserer Goldschmiedewerkstatt.<\/p>\n<p>Die Perlen werden sorgf\u00e4ltig ausgew\u00e4hlt und stammen aus dem Japanischen Meer. Ihr Durchmesser betr\u00e4gt 8,5-9 mm.<\/p>\n<p>Die Fassung ist vollst\u00e4ndig aus 750\/1000er Wei\u00dfgold gefertigt und mit einer klassischen Schmetterlingsschlie\u00dfe versehen. Das Gesamtgewicht betr\u00e4gt 2,90 g.<\/p>\n<p>Sie sind mit zwei Diamanten im Brillantschliff von insgesamt 0,12 Karat besetzt, die sich durch die Farbe F und die Reinheit VS1 auszeichnen.<\/p>\n<p>Die Farbe der Perlen kann leicht von der Abbildung abweichen, da es sich um nat\u00fcrliche Perlen handelt und eine Perle von der anderen verschieden ist.<\/p>\n<p>Begleitet von einem eleganten Etui und einer von Fabio Ferro I Gioielli unterzeichneten Qualit\u00e4ts- und Echtheitsgarantie.<\/p>\n","protected":false},"excerpt":{"rendered":"<p>Zwei Juwelen des Meeres, die eine Bedeutung haben, die sich erst beim Tragen erschlie\u00dft.<\/p>\n","protected":false},"featured_media":108092,"comment_status":"open","ping_status":"closed","template":"","meta":[],"product_brand":[152],"product_cat":[6022],"product_tag":[7442],"class_list":{"0":"post-108087","1":"product","2":"type-product","3":"status-publish","4":"has-post-thumbnail","6":"product_brand-fabio-ferro-i-gioielli","7":"product_cat-perlen-ohrringe","8":"product_tag-verfugbar","10":"first","11":"instock","12":"sale","13":"taxable","14":"shipping-taxable","15":"purchasable","16":"product-type-simple"},"exclude_global_add_ons":[],"addons":[],"df_price":1590,"df_sale_price":1590,"df_regular_price":1990,"df_image_link":"https:\/\/cdn02.fabioferro.eu\/wp-content\/uploads\/orecchini-fabio-ferro-con-perle-in-oro-bianco-e-diamanti-ff45-2-1.jpg","_links":{"self":[{"href":"https:\/\/www.fabioferro.eu\/de\/wp-json\/wp\/v2\/product\/108087","targetHints":{"allow":["GET"]}}],"collection":[{"href":"https:\/\/www.fabioferro.eu\/de\/wp-json\/wp\/v2\/product"}],"about":[{"href":"https:\/\/www.fabioferro.eu\/de\/wp-json\/wp\/v2\/types\/product"}],"replies":[{"embeddable":true,"href":"https:\/\/www.fabioferro.eu\/de\/wp-json\/wp\/v2\/comments?post=108087"}],"version-history":[{"count":0,"href":"https:\/\/www.fabioferro.eu\/de\/wp-json\/wp\/v2\/product\/108087\/revisions"}],"wp:featuredmedia":[{"embeddable":true,"href":"https:\/\/www.fabioferro.eu\/de\/wp-json\/wp\/v2\/media\/108092"}],"wp:attachment":[{"href":"https:\/\/www.fabioferro.eu\/de\/wp-json\/wp\/v2\/media?parent=108087"}],"wp:term":[{"taxonomy":"product_brand","embeddable":true,"href":"https:\/\/www.fabioferro.eu\/de\/wp-json\/wp\/v2\/product_brand?post=108087"},{"taxonomy":"product_cat","embeddable":true,"href":"https:\/\/www.fabioferro.eu\/de\/wp-json\/wp\/v2\/product_cat?post=108087"},{"taxonomy":"product_tag","embeddable":true,"href":"https:\/\/www.fabioferro.eu\/de\/wp-json\/wp\/v2\/product_tag?post=108087"}],"curies":[{"name":"wp","href":"https:\/\/api.w.org\/{rel}","templated":true}]}}