{"id":108111,"date":"2023-05-11T11:21:16","date_gmt":"2023-05-11T09:21:16","guid":{"rendered":"https:\/\/www.fabioferro.eu\/fabio-ferro-ohrringe-mit-tahiti-perlen-in-weissgold-8-mm.html"},"modified":"2024-09-18T16:51:45","modified_gmt":"2024-09-18T14:51:45","slug":"fabio-ferro-ohrringe-mit-tahiti-perlen-in-weissgold-8-mm","status":"publish","type":"product","link":"https:\/\/www.fabioferro.eu\/de\/fabio-ferro-ohrringe-mit-tahiti-perlen-in-weissgold-8-mm.html","title":{"rendered":"Fabio Ferro Ohrringe mit Tahiti-Perlen in Wei\u00dfgold 8 mm"},"content":{"rendered":"<p>Ein Paar Ohrringe, handgefertigt in unserer Goldschmiedewerkstatt aus 750\/1000 Wei\u00dfgold. Die Perlen werden sorgf\u00e4ltig ausgew\u00e4hlt, damit sie von h\u00f6chster Qualit\u00e4t und Sch\u00f6nheit sind. Der Durchmesser betr\u00e4gt 8 mm, das Gesamtgewicht 1,40 g. Sie stammen aus dem tahitianischen Meer, weshalb sie die charakteristische dunkle F\u00e4rbung ihres Anbaugebiets aufweisen. Die Farbe der Perlen kann leicht von der Abbildung abweichen, da es sich um nat\u00fcrliche Perlen handelt und eine Perle von der anderen verschieden ist. Mit einer eleganten Verpackung und einer von Fabio Ferro I Gioielli unterzeichneten Qualit\u00e4ts- und Echtheitsgarantie.<\/p>\n","protected":false},"excerpt":{"rendered":"<p>Elegant, raffiniert und mit einer tiefen Bedeutung, die mit der Meereswelt verbunden ist.<\/p>\n","protected":false},"featured_media":108118,"comment_status":"open","ping_status":"closed","template":"","meta":[],"product_brand":[152],"product_cat":[6022],"product_tag":[],"class_list":{"0":"post-108111","1":"product","2":"type-product","3":"status-publish","4":"has-post-thumbnail","6":"product_brand-fabio-ferro-i-gioielli","7":"product_cat-perlen-ohrringe","9":"first","10":"instock","11":"sale","12":"taxable","13":"shipping-taxable","14":"purchasable","15":"product-type-simple"},"exclude_global_add_ons":[],"addons":[],"df_price":472,"df_sale_price":472,"df_regular_price":590,"df_image_link":"https:\/\/cdn02.fabioferro.eu\/wp-content\/uploads\/orecchini-fabio-ferro-perle-tahiti-in-oro-bianco-ff1244-2.jpg","_links":{"self":[{"href":"https:\/\/www.fabioferro.eu\/de\/wp-json\/wp\/v2\/product\/108111","targetHints":{"allow":["GET"]}}],"collection":[{"href":"https:\/\/www.fabioferro.eu\/de\/wp-json\/wp\/v2\/product"}],"about":[{"href":"https:\/\/www.fabioferro.eu\/de\/wp-json\/wp\/v2\/types\/product"}],"replies":[{"embeddable":true,"href":"https:\/\/www.fabioferro.eu\/de\/wp-json\/wp\/v2\/comments?post=108111"}],"version-history":[{"count":0,"href":"https:\/\/www.fabioferro.eu\/de\/wp-json\/wp\/v2\/product\/108111\/revisions"}],"wp:featuredmedia":[{"embeddable":true,"href":"https:\/\/www.fabioferro.eu\/de\/wp-json\/wp\/v2\/media\/108118"}],"wp:attachment":[{"href":"https:\/\/www.fabioferro.eu\/de\/wp-json\/wp\/v2\/media?parent=108111"}],"wp:term":[{"taxonomy":"product_brand","embeddable":true,"href":"https:\/\/www.fabioferro.eu\/de\/wp-json\/wp\/v2\/product_brand?post=108111"},{"taxonomy":"product_cat","embeddable":true,"href":"https:\/\/www.fabioferro.eu\/de\/wp-json\/wp\/v2\/product_cat?post=108111"},{"taxonomy":"product_tag","embeddable":true,"href":"https:\/\/www.fabioferro.eu\/de\/wp-json\/wp\/v2\/product_tag?post=108111"}],"curies":[{"name":"wp","href":"https:\/\/api.w.org\/{rel}","templated":true}]}}