{"id":108143,"date":"2023-05-13T09:25:01","date_gmt":"2023-05-13T07:25:01","guid":{"rendered":"https:\/\/www.fabioferro.eu\/fope-flex-it-armband-eka-kollektion-in-weissgold-und-diamanten-2.html"},"modified":"2026-01-09T16:25:41","modified_gmt":"2026-01-09T15:25:41","slug":"fope-flex-it-armband-eka-kollektion-in-weissgold-und-diamanten-2","status":"publish","type":"product","link":"https:\/\/www.fabioferro.eu\/de\/fope-flex-it-armband-eka-kollektion-in-weissgold-und-diamanten-2.html","title":{"rendered":"Fope Flex It Armband Eka Kollektion in Wei\u00dfgold und Diamanten"},"content":{"rendered":"<p>Extrem helles und gl\u00e4nzendes Armband aus 18 Karat Wei\u00dfgold und Diamanten aus der Kollektion Eka, minimalistisch und elegant.<span class=\"Apple-converted-space\"> <\/span><\/p>\n<p>In der Mitte befindet sich eine Unterlegscheibe, ebenfalls aus Wei\u00dfgold, mit einem Durchmesser von 9 mm. Auf ihm zieht ein Band aus Brillanten die Blicke auf sich. Die Steine haben 0,15 Karat und zeichnen sich durch eine Farbe von G und einen Reinheitsgrad von VS1 aus.<\/p>\n<p>Das Armband ist mit der patentierten Flex&#8217;it-Technologie ausgestattet, die es dank kleiner Federn, die entlang des Schmuckglieds versteckt sind, v\u00f6llig elastisch macht. Jedes Teil wird mit 12.000 Z\u00fcgen getestet, um seine Zuverl\u00e4ssigkeit und Qualit\u00e4t zu beweisen.<\/p>\n<p>Armband handgefertigt von Handwerkern aus Vicenza. Qualit\u00e4t Made in Italy.<\/p>\n<p>Mit einem eleganten Etui und internationaler Fope-Garantie.<\/p>\n<p><img decoding=\"async\" class=\"alignnone size-full wp-image-205465\" src=\"http:\/\/cdn02.fabioferro.eu\/wp-content\/uploads\/tabelle-misure-bracciali.jpg\" alt=\"\" width=\"1900\" height=\"153\" title=\"\" srcset=\"https:\/\/cdn02.fabioferro.eu\/wp-content\/uploads\/tabelle-misure-bracciali.jpg 1900w, https:\/\/cdn02.fabioferro.eu\/wp-content\/uploads\/tabelle-misure-bracciali-768x62.jpg 768w, https:\/\/cdn02.fabioferro.eu\/wp-content\/uploads\/tabelle-misure-bracciali-1536x124.jpg 1536w, https:\/\/cdn02.fabioferro.eu\/wp-content\/uploads\/tabelle-misure-bracciali-990x80.jpg 990w, https:\/\/cdn02.fabioferro.eu\/wp-content\/uploads\/tabelle-misure-bracciali-441x36.jpg 441w, https:\/\/cdn02.fabioferro.eu\/wp-content\/uploads\/tabelle-misure-bracciali-600x48.jpg 600w, https:\/\/cdn02.fabioferro.eu\/wp-content\/uploads\/tabelle-misure-bracciali-150x12.jpg 150w\" sizes=\"(max-width: 1900px) 100vw, 1900px\" \/><\/p>\n","protected":false},"excerpt":{"rendered":"<p>Der ganze Glanz von Wei\u00dfgold in einem einzigen Schmuckst\u00fcck mit einem runden Diamanten f\u00fcr zus\u00e4tzlichen Glanz. Ein jugendliches und vielseitiges Armband.<\/p>\n","protected":false},"featured_media":108145,"comment_status":"open","ping_status":"closed","template":"","meta":[],"product_brand":[154],"product_cat":[6161],"product_tag":[],"class_list":{"0":"post-108143","1":"product","2":"type-product","3":"status-publish","4":"has-post-thumbnail","6":"product_brand-fope","7":"product_cat-fope-armbander","9":"first","10":"instock","11":"taxable","12":"shipping-taxable","13":"purchasable","14":"product-type-variable","15":"has-default-attributes"},"exclude_global_add_ons":[],"addons":[],"df_price":5310,"df_sale_price":"","df_regular_price":5310,"df_image_link":"https:\/\/cdn02.fabioferro.eu\/wp-content\/uploads\/virtuemart\/product\/bracciale_fope_collezione_eka_in_oro_bianco_721B_BBR_B__1594401224_130.jpg","_links":{"self":[{"href":"https:\/\/www.fabioferro.eu\/de\/wp-json\/wp\/v2\/product\/108143","targetHints":{"allow":["GET"]}}],"collection":[{"href":"https:\/\/www.fabioferro.eu\/de\/wp-json\/wp\/v2\/product"}],"about":[{"href":"https:\/\/www.fabioferro.eu\/de\/wp-json\/wp\/v2\/types\/product"}],"replies":[{"embeddable":true,"href":"https:\/\/www.fabioferro.eu\/de\/wp-json\/wp\/v2\/comments?post=108143"}],"version-history":[{"count":1,"href":"https:\/\/www.fabioferro.eu\/de\/wp-json\/wp\/v2\/product\/108143\/revisions"}],"predecessor-version":[{"id":206559,"href":"https:\/\/www.fabioferro.eu\/de\/wp-json\/wp\/v2\/product\/108143\/revisions\/206559"}],"wp:featuredmedia":[{"embeddable":true,"href":"https:\/\/www.fabioferro.eu\/de\/wp-json\/wp\/v2\/media\/108145"}],"wp:attachment":[{"href":"https:\/\/www.fabioferro.eu\/de\/wp-json\/wp\/v2\/media?parent=108143"}],"wp:term":[{"taxonomy":"product_brand","embeddable":true,"href":"https:\/\/www.fabioferro.eu\/de\/wp-json\/wp\/v2\/product_brand?post=108143"},{"taxonomy":"product_cat","embeddable":true,"href":"https:\/\/www.fabioferro.eu\/de\/wp-json\/wp\/v2\/product_cat?post=108143"},{"taxonomy":"product_tag","embeddable":true,"href":"https:\/\/www.fabioferro.eu\/de\/wp-json\/wp\/v2\/product_tag?post=108143"}],"curies":[{"name":"wp","href":"https:\/\/api.w.org\/{rel}","templated":true}]}}