{"id":108158,"date":"2023-05-11T10:41:00","date_gmt":"2023-05-11T08:41:00","guid":{"rendered":"https:\/\/www.fabioferro.eu\/fabio-ferro-ohrringe-mit-rosa-asiatischen-meeresperlen-mit-diamanten-95-10-mm.html"},"modified":"2024-09-18T17:26:03","modified_gmt":"2024-09-18T15:26:03","slug":"fabio-ferro-ohrringe-mit-rosa-asiatischen-meeresperlen-mit-diamanten-95-10-mm","status":"publish","type":"product","link":"https:\/\/www.fabioferro.eu\/de\/fabio-ferro-ohrringe-mit-rosa-asiatischen-meeresperlen-mit-diamanten-95-10-mm.html","title":{"rendered":"Fabio Ferro Ohrringe mit rosa asiatischen Meeresperlen mit Diamanten 9,5-10 mm"},"content":{"rendered":"<p>Ein Paar elegante Ohrringe, handgefertigt in unserer Goldschmiedewerkstatt, ganz aus 750\/1000 Wei\u00dfgold. Die Perlen werden sorgf\u00e4ltig ausgew\u00e4hlt, damit sie von h\u00f6chster Qualit\u00e4t und Sch\u00f6nheit sind. Sie sind im Asiatischen Meer beheimatet. Es handelt sich um wei\u00dfe Perlen mit einem leichten Hauch von Rosa, was sie einzigartig und sehr elegant macht. Der Durchmesser betr\u00e4gt jeweils 9,5-10 mm. Das Gesamtgewicht betr\u00e4gt 2,39 g. Sie sind fachm\u00e4nnisch mit 0,34 Karat Diamanten im Brillantschliff besetzt, die sich durch die Farbe F und die Reinheit VS1 auszeichnen. Die Farbe der Perlen kann leicht von der Abbildung abweichen, da es sich um nat\u00fcrliche Perlen handelt und eine Perle von der anderen verschieden ist. Zusammen mit einer speziellen Geschenkverpackung und einer von Fabio Ferro I Gioielli unterzeichneten Qualit\u00e4ts- und Echtheitsgarantie.<\/p>\n","protected":false},"excerpt":{"rendered":"<p>Eleganz ist das Hauptmerkmal von Schmuck aus dem Meer, wie z. B. Perlen. Sie fallen auf und wollen, dass es so ist.<\/p>\n","protected":false},"featured_media":108173,"comment_status":"open","ping_status":"closed","template":"","meta":[],"product_brand":[152],"product_cat":[6022],"product_tag":[],"class_list":{"0":"post-108158","1":"product","2":"type-product","3":"status-publish","4":"has-post-thumbnail","6":"product_brand-fabio-ferro-i-gioielli","7":"product_cat-perlen-ohrringe","9":"first","10":"instock","11":"sale","12":"taxable","13":"shipping-taxable","14":"purchasable","15":"product-type-simple"},"exclude_global_add_ons":[],"addons":[],"df_price":1752,"df_sale_price":1752,"df_regular_price":2190,"df_image_link":"https:\/\/cdn02.fabioferro.eu\/wp-content\/uploads\/orecchini-con-perle-fabio-ferro-in-oro-bianco-con-diamanti-ff1232.jpg","_links":{"self":[{"href":"https:\/\/www.fabioferro.eu\/de\/wp-json\/wp\/v2\/product\/108158","targetHints":{"allow":["GET"]}}],"collection":[{"href":"https:\/\/www.fabioferro.eu\/de\/wp-json\/wp\/v2\/product"}],"about":[{"href":"https:\/\/www.fabioferro.eu\/de\/wp-json\/wp\/v2\/types\/product"}],"replies":[{"embeddable":true,"href":"https:\/\/www.fabioferro.eu\/de\/wp-json\/wp\/v2\/comments?post=108158"}],"version-history":[{"count":0,"href":"https:\/\/www.fabioferro.eu\/de\/wp-json\/wp\/v2\/product\/108158\/revisions"}],"wp:featuredmedia":[{"embeddable":true,"href":"https:\/\/www.fabioferro.eu\/de\/wp-json\/wp\/v2\/media\/108173"}],"wp:attachment":[{"href":"https:\/\/www.fabioferro.eu\/de\/wp-json\/wp\/v2\/media?parent=108158"}],"wp:term":[{"taxonomy":"product_brand","embeddable":true,"href":"https:\/\/www.fabioferro.eu\/de\/wp-json\/wp\/v2\/product_brand?post=108158"},{"taxonomy":"product_cat","embeddable":true,"href":"https:\/\/www.fabioferro.eu\/de\/wp-json\/wp\/v2\/product_cat?post=108158"},{"taxonomy":"product_tag","embeddable":true,"href":"https:\/\/www.fabioferro.eu\/de\/wp-json\/wp\/v2\/product_tag?post=108158"}],"curies":[{"name":"wp","href":"https:\/\/api.w.org\/{rel}","templated":true}]}}