{"id":108166,"date":"2023-05-13T09:24:51","date_gmt":"2023-05-13T07:24:51","guid":{"rendered":"https:\/\/www.fabioferro.eu\/fope-flex-it-armband-eka-kollektion-in-gelbgold-2.html"},"modified":"2026-01-09T16:25:42","modified_gmt":"2026-01-09T15:25:42","slug":"fope-flex-it-armband-eka-kollektion-in-gelbgold-2","status":"publish","type":"product","link":"https:\/\/www.fabioferro.eu\/de\/fope-flex-it-armband-eka-kollektion-in-gelbgold-2.html","title":{"rendered":"Fope Flex It Armband Eka Kollektion in Gelbgold"},"content":{"rendered":"<p>Die Flex&#8217;it-Armb\u00e4nder von Fope sind praktisch und angenehm zu tragen. Sie sind mit Federn ausgestattet, die sie elastisch machen, und haben keinen Verschluss.<span class=\"Apple-converted-space\"> <\/span><\/p>\n<p>Fope-Armband aus der Kollektion Eka aus 18 Karat Gelbgold.<\/p>\n<p>In der Mitte befindet sich eine feste Unterlegscheibe aus Gelbgold, in die das Flex&#8217;it-Logo und andere Fabrikstempel eingraviert sind.<\/p>\n<p>Dank der Flex&#8217;it-Technologie werden die Armb\u00e4nder von Fope elastisch. Dutzende von kleinen Goldquellen sind entlang der gl\u00e4nzenden Verbindung versteckt. Jedes einzelne St\u00fcck wird mit 12.000 Z\u00fcgen getestet, bevor es zum Verkauf angeboten wird, um seine Zuverl\u00e4ssigkeit im Laufe der Zeit zu beweisen.<span class=\"Apple-converted-space\"> <\/span><\/p>\n<p>Armband handgefertigt von Handwerkern aus Vicenza. Qualit\u00e4t Made in Italy. <\/p>\n<p>Mit einem eleganten Etui und internationaler Fope-Garantie.<\/p>\n<p><img decoding=\"async\" class=\"alignnone size-full wp-image-205465\" src=\"http:\/\/cdn02.fabioferro.eu\/wp-content\/uploads\/tabelle-misure-bracciali.jpg\" alt=\"\" width=\"1900\" height=\"153\" title=\"\" srcset=\"https:\/\/cdn02.fabioferro.eu\/wp-content\/uploads\/tabelle-misure-bracciali.jpg 1900w, https:\/\/cdn02.fabioferro.eu\/wp-content\/uploads\/tabelle-misure-bracciali-768x62.jpg 768w, https:\/\/cdn02.fabioferro.eu\/wp-content\/uploads\/tabelle-misure-bracciali-1536x124.jpg 1536w, https:\/\/cdn02.fabioferro.eu\/wp-content\/uploads\/tabelle-misure-bracciali-990x80.jpg 990w, https:\/\/cdn02.fabioferro.eu\/wp-content\/uploads\/tabelle-misure-bracciali-441x36.jpg 441w, https:\/\/cdn02.fabioferro.eu\/wp-content\/uploads\/tabelle-misure-bracciali-600x48.jpg 600w, https:\/\/cdn02.fabioferro.eu\/wp-content\/uploads\/tabelle-misure-bracciali-150x12.jpg 150w\" sizes=\"(max-width: 1900px) 100vw, 1900px\" \/><\/p>\n","protected":false},"excerpt":{"rendered":"<p>Schlichtheit und Eleganz in einem einzigen Schmuckst\u00fcck verk\u00f6rpert. Fope, handgefertigter Schmuck, wirklich made in Italy.<\/p>\n","protected":false},"featured_media":108181,"comment_status":"open","ping_status":"closed","template":"","meta":[],"product_brand":[154],"product_cat":[6161],"product_tag":[],"class_list":{"0":"post-108166","1":"product","2":"type-product","3":"status-publish","4":"has-post-thumbnail","6":"product_brand-fope","7":"product_cat-fope-armbander","9":"first","10":"instock","11":"taxable","12":"shipping-taxable","13":"purchasable","14":"product-type-variable","15":"has-default-attributes"},"exclude_global_add_ons":[],"addons":[],"df_price":5830,"df_sale_price":"","df_regular_price":5830,"df_image_link":"https:\/\/cdn02.fabioferro.eu\/wp-content\/uploads\/virtuemart\/product\/bracciale_fope_collezione_eka_in_oro_giallo_704B_G__1594798259_776.jpg","_links":{"self":[{"href":"https:\/\/www.fabioferro.eu\/de\/wp-json\/wp\/v2\/product\/108166","targetHints":{"allow":["GET"]}}],"collection":[{"href":"https:\/\/www.fabioferro.eu\/de\/wp-json\/wp\/v2\/product"}],"about":[{"href":"https:\/\/www.fabioferro.eu\/de\/wp-json\/wp\/v2\/types\/product"}],"replies":[{"embeddable":true,"href":"https:\/\/www.fabioferro.eu\/de\/wp-json\/wp\/v2\/comments?post=108166"}],"version-history":[{"count":1,"href":"https:\/\/www.fabioferro.eu\/de\/wp-json\/wp\/v2\/product\/108166\/revisions"}],"predecessor-version":[{"id":206561,"href":"https:\/\/www.fabioferro.eu\/de\/wp-json\/wp\/v2\/product\/108166\/revisions\/206561"}],"wp:featuredmedia":[{"embeddable":true,"href":"https:\/\/www.fabioferro.eu\/de\/wp-json\/wp\/v2\/media\/108181"}],"wp:attachment":[{"href":"https:\/\/www.fabioferro.eu\/de\/wp-json\/wp\/v2\/media?parent=108166"}],"wp:term":[{"taxonomy":"product_brand","embeddable":true,"href":"https:\/\/www.fabioferro.eu\/de\/wp-json\/wp\/v2\/product_brand?post=108166"},{"taxonomy":"product_cat","embeddable":true,"href":"https:\/\/www.fabioferro.eu\/de\/wp-json\/wp\/v2\/product_cat?post=108166"},{"taxonomy":"product_tag","embeddable":true,"href":"https:\/\/www.fabioferro.eu\/de\/wp-json\/wp\/v2\/product_tag?post=108166"}],"curies":[{"name":"wp","href":"https:\/\/api.w.org\/{rel}","templated":true}]}}