{"id":108196,"date":"2023-05-11T10:26:21","date_gmt":"2023-05-11T08:26:21","guid":{"rendered":"https:\/\/www.fabioferro.eu\/fabio-ferro-ohrringe-mit-weissen-japanischen-meeresperlen-und-diamanten-10-mm.html"},"modified":"2024-07-25T10:00:16","modified_gmt":"2024-07-25T08:00:16","slug":"fabio-ferro-ohrringe-mit-weissen-japanischen-meeresperlen-und-diamanten-10-mm","status":"publish","type":"product","link":"https:\/\/www.fabioferro.eu\/de\/fabio-ferro-ohrringe-mit-weissen-japanischen-meeresperlen-und-diamanten-10-mm.html","title":{"rendered":"Fabio Ferro Ohrringe mit wei\u00dfen japanischen Meeresperlen und Diamanten 10 mm"},"content":{"rendered":"<p>Ein Paar Ohrringe aus nat\u00fcrlichen wei\u00dfen japanischen Meeresperlen, montiert in 750\/1000 Wei\u00dfgold. Jede Perle wird beim Tragen von einer praktischen und bequemen Fliege begleitet. Jede Perle wird sorgf\u00e4ltig ausgew\u00e4hlt und mit \u00e4u\u00dferster Kunstfertigkeit und Pr\u00e4zision montiert. Sie sind mit 0,26 Karat Diamanten im Brillantschliff besetzt, Farbe F und Reinheit VS2. Der Durchmesser betr\u00e4gt jeweils 10 mm. Das Gesamtgewicht betr\u00e4gt 2,48 g. Die Farbe der Perlen kann leicht von der Abbildung abweichen, da es sich um nat\u00fcrliche Perlen handelt und eine Perle von der anderen verschieden ist. Begleitet von einer eleganten Geschenkbox und einer von Fabio Ferro I Gioielli unterzeichneten Qualit\u00e4tsgarantie.<\/p>\n","protected":false},"excerpt":{"rendered":"<p>Ein Paar Ohrringe, die eine unausl\u00f6schliche Spur des Meeres hinterlassen. Eine s\u00fc\u00dfe Pr\u00e4senz, die jedem, der sie tr\u00e4gt, das Gef\u00fchl gibt, zu Hause zu sein.<\/p>\n","protected":false},"featured_media":108205,"comment_status":"open","ping_status":"closed","template":"","meta":[],"product_brand":[152],"product_cat":[6022],"product_tag":[],"class_list":{"0":"post-108196","1":"product","2":"type-product","3":"status-publish","4":"has-post-thumbnail","6":"product_brand-fabio-ferro-i-gioielli","7":"product_cat-perlen-ohrringe","9":"first","10":"instock","11":"sale","12":"taxable","13":"shipping-taxable","14":"purchasable","15":"product-type-simple"},"exclude_global_add_ons":[],"addons":[],"df_price":1672,"df_sale_price":1672,"df_regular_price":2090,"df_image_link":"https:\/\/cdn02.fabioferro.eu\/wp-content\/uploads\/orecchini-fabio-ferro-perle-bianche-in-oro-bianco-con-diamanti-ff1233.jpg","_links":{"self":[{"href":"https:\/\/www.fabioferro.eu\/de\/wp-json\/wp\/v2\/product\/108196","targetHints":{"allow":["GET"]}}],"collection":[{"href":"https:\/\/www.fabioferro.eu\/de\/wp-json\/wp\/v2\/product"}],"about":[{"href":"https:\/\/www.fabioferro.eu\/de\/wp-json\/wp\/v2\/types\/product"}],"replies":[{"embeddable":true,"href":"https:\/\/www.fabioferro.eu\/de\/wp-json\/wp\/v2\/comments?post=108196"}],"version-history":[{"count":0,"href":"https:\/\/www.fabioferro.eu\/de\/wp-json\/wp\/v2\/product\/108196\/revisions"}],"wp:featuredmedia":[{"embeddable":true,"href":"https:\/\/www.fabioferro.eu\/de\/wp-json\/wp\/v2\/media\/108205"}],"wp:attachment":[{"href":"https:\/\/www.fabioferro.eu\/de\/wp-json\/wp\/v2\/media?parent=108196"}],"wp:term":[{"taxonomy":"product_brand","embeddable":true,"href":"https:\/\/www.fabioferro.eu\/de\/wp-json\/wp\/v2\/product_brand?post=108196"},{"taxonomy":"product_cat","embeddable":true,"href":"https:\/\/www.fabioferro.eu\/de\/wp-json\/wp\/v2\/product_cat?post=108196"},{"taxonomy":"product_tag","embeddable":true,"href":"https:\/\/www.fabioferro.eu\/de\/wp-json\/wp\/v2\/product_tag?post=108196"}],"curies":[{"name":"wp","href":"https:\/\/api.w.org\/{rel}","templated":true}]}}