{"id":108198,"date":"2023-05-13T09:24:58","date_gmt":"2023-05-13T07:24:58","guid":{"rendered":"https:\/\/www.fabioferro.eu\/fope-flex-it-armband-eka-kollektion-in-rose-und-weissgold.html"},"modified":"2026-01-09T16:27:37","modified_gmt":"2026-01-09T15:27:37","slug":"fope-flex-it-armband-eka-kollektion-in-rose-und-weissgold","status":"publish","type":"product","link":"https:\/\/www.fabioferro.eu\/de\/fope-flex-it-armband-eka-kollektion-in-rose-und-weissgold.html","title":{"rendered":"Fope Flex It Armband Eka Kollektion in Rose und Wei\u00dfgold"},"content":{"rendered":"<p>Ein raffiniertes und leuchtendes Armband aus 18 Karat Ros\u00e9- und Wei\u00dfgold. Ein edles Schmuckst\u00fcck aus der Eka-Kollektion von Fope.<span class=\"Apple-converted-space\"> <\/span><\/p>\n<p>Das zentrale Element aus Wei\u00dfgold kontrastiert mit dem vollst\u00e4ndig aus Rotgold gefertigten Glied. Die Unterlegscheibe ist au\u00dferdem mit dem Flex&#8217;it-Logo und anderen Produktionsstempeln graviert.<\/p>\n<p>Das Armband ist mit der Flex&#8217;it-Technologie ausgestattet, die es v\u00f6llig elastisch und damit frei von jeglicher Art von Verschluss macht. Jedes einzelne Schmuckst\u00fcck wird einem Belastungstest mit 12.000 Ziehungen unterzogen, bevor es auf den Markt kommt.<span class=\"Apple-converted-space\"> <\/span><\/p>\n<p>Armband handgefertigt von Handwerkern aus Vicenza. Qualit\u00e4t Made in Italy. <\/p>\n<p>Mit einem eleganten Etui und internationaler Fope-Garantie.<\/p>\n<p><img decoding=\"async\" class=\"alignnone size-full wp-image-205465\" src=\"http:\/\/cdn02.fabioferro.eu\/wp-content\/uploads\/tabelle-misure-bracciali.jpg\" alt=\"\" width=\"1900\" height=\"153\" title=\"\" srcset=\"https:\/\/cdn02.fabioferro.eu\/wp-content\/uploads\/tabelle-misure-bracciali.jpg 1900w, https:\/\/cdn02.fabioferro.eu\/wp-content\/uploads\/tabelle-misure-bracciali-768x62.jpg 768w, https:\/\/cdn02.fabioferro.eu\/wp-content\/uploads\/tabelle-misure-bracciali-1536x124.jpg 1536w, https:\/\/cdn02.fabioferro.eu\/wp-content\/uploads\/tabelle-misure-bracciali-990x80.jpg 990w, https:\/\/cdn02.fabioferro.eu\/wp-content\/uploads\/tabelle-misure-bracciali-441x36.jpg 441w, https:\/\/cdn02.fabioferro.eu\/wp-content\/uploads\/tabelle-misure-bracciali-600x48.jpg 600w, https:\/\/cdn02.fabioferro.eu\/wp-content\/uploads\/tabelle-misure-bracciali-150x12.jpg 150w\" sizes=\"(max-width: 1900px) 100vw, 1900px\" \/><\/p>\n","protected":false},"excerpt":{"rendered":"<p>Raffiniert und elegant, ein Armband, das in seiner Wesentlichkeit das Handgelenk jeder Frau, die es tr\u00e4gt, zu akzentuieren wei\u00df.<\/p>\n","protected":false},"featured_media":168559,"comment_status":"open","ping_status":"closed","template":"","meta":[],"product_brand":[154],"product_cat":[6161],"product_tag":[],"class_list":{"0":"post-108198","1":"product","2":"type-product","3":"status-publish","4":"has-post-thumbnail","6":"product_brand-fope","7":"product_cat-fope-armbander","9":"first","10":"instock","11":"taxable","12":"shipping-taxable","13":"purchasable","14":"product-type-variable","15":"has-default-attributes"},"exclude_global_add_ons":[],"addons":[],"df_price":5830,"df_sale_price":"","df_regular_price":5830,"df_image_link":"https:\/\/cdn02.fabioferro.eu\/wp-content\/uploads\/bracciale-fope-collezione-eka-in-oro-rosa-70405BX_XX_R_XBX.jpg","_links":{"self":[{"href":"https:\/\/www.fabioferro.eu\/de\/wp-json\/wp\/v2\/product\/108198","targetHints":{"allow":["GET"]}}],"collection":[{"href":"https:\/\/www.fabioferro.eu\/de\/wp-json\/wp\/v2\/product"}],"about":[{"href":"https:\/\/www.fabioferro.eu\/de\/wp-json\/wp\/v2\/types\/product"}],"replies":[{"embeddable":true,"href":"https:\/\/www.fabioferro.eu\/de\/wp-json\/wp\/v2\/comments?post=108198"}],"version-history":[{"count":1,"href":"https:\/\/www.fabioferro.eu\/de\/wp-json\/wp\/v2\/product\/108198\/revisions"}],"predecessor-version":[{"id":206642,"href":"https:\/\/www.fabioferro.eu\/de\/wp-json\/wp\/v2\/product\/108198\/revisions\/206642"}],"wp:featuredmedia":[{"embeddable":true,"href":"https:\/\/www.fabioferro.eu\/de\/wp-json\/wp\/v2\/media\/168559"}],"wp:attachment":[{"href":"https:\/\/www.fabioferro.eu\/de\/wp-json\/wp\/v2\/media?parent=108198"}],"wp:term":[{"taxonomy":"product_brand","embeddable":true,"href":"https:\/\/www.fabioferro.eu\/de\/wp-json\/wp\/v2\/product_brand?post=108198"},{"taxonomy":"product_cat","embeddable":true,"href":"https:\/\/www.fabioferro.eu\/de\/wp-json\/wp\/v2\/product_cat?post=108198"},{"taxonomy":"product_tag","embeddable":true,"href":"https:\/\/www.fabioferro.eu\/de\/wp-json\/wp\/v2\/product_tag?post=108198"}],"curies":[{"name":"wp","href":"https:\/\/api.w.org\/{rel}","templated":true}]}}