{"id":108214,"date":"2023-05-08T23:06:52","date_gmt":"2023-05-08T21:06:52","guid":{"rendered":"https:\/\/www.fabioferro.eu\/fope-flex-it-solo-collection-armband-aus-rose-und-weissgold-mit-diamanten.html"},"modified":"2026-01-09T16:24:47","modified_gmt":"2026-01-09T15:24:47","slug":"fope-flex-it-solo-collection-armband-aus-rose-und-weissgold-mit-diamanten","status":"publish","type":"product","link":"https:\/\/www.fabioferro.eu\/de\/fope-flex-it-solo-collection-armband-aus-rose-und-weissgold-mit-diamanten.html","title":{"rendered":"Fope Flex It Solo Collection Armband aus Ros\u00e9- und Wei\u00dfgold mit Diamanten"},"content":{"rendered":"<p>Fope ist ein Synonym f\u00fcr unbestreitbare Eleganz, hochwertige Materialien und echte Handwerkskunst Made in Italy. Sein Schmuck ist ein wahres Kunstwerk.<span class=\"Apple-converted-space\"> <\/span><\/p>\n<p>Fope-Armband aus der Kollektion Solo, komplett aus 18 Karat Ros\u00e9- und Wei\u00dfgold und Diamanten im Brillantschliff.<\/p>\n<p>Das sch\u00f6ne und raffinierte Netz ist 5 mm dick.<\/p>\n<p>Das zentrale Element ist mit Diamanten im Brillantschliff von 0,10 Karat, Farbe G und Reinheit VS1 besetzt. An seinen Enden befinden sich das Fope-Zeichen und andere Stempel, die seine Qualit\u00e4t bescheinigen.<span class=\"Apple-converted-space\"> <\/span><\/p>\n<p>Dieses Schmuckst\u00fcck ist mit der Flex&#8217;it-Technologie ausgestattet, die es vollkommen elastisch macht.<br \/>\nDutzende von kleinen Goldfedern sind in den Gliedern dieses Armbands versteckt. Jedes St\u00fcck wird 12.000 Mal gezogen, um seine Qualit\u00e4t und Zuverl\u00e4ssigkeit zu beweisen.<\/p>\n<p>Armband handgefertigt von Handwerkern aus Vicenza. Qualit\u00e4t Made in Italy. <\/p>\n<p>Mit einem eleganten Etui und internationaler Fope-Garantie.<\/p>\n<p><img decoding=\"async\" class=\"alignnone size-full wp-image-205465\" src=\"http:\/\/cdn02.fabioferro.eu\/wp-content\/uploads\/tabelle-misure-bracciali.jpg\" alt=\"\" width=\"1900\" height=\"153\" title=\"\" srcset=\"https:\/\/cdn02.fabioferro.eu\/wp-content\/uploads\/tabelle-misure-bracciali.jpg 1900w, https:\/\/cdn02.fabioferro.eu\/wp-content\/uploads\/tabelle-misure-bracciali-768x62.jpg 768w, https:\/\/cdn02.fabioferro.eu\/wp-content\/uploads\/tabelle-misure-bracciali-1536x124.jpg 1536w, https:\/\/cdn02.fabioferro.eu\/wp-content\/uploads\/tabelle-misure-bracciali-990x80.jpg 990w, https:\/\/cdn02.fabioferro.eu\/wp-content\/uploads\/tabelle-misure-bracciali-441x36.jpg 441w, https:\/\/cdn02.fabioferro.eu\/wp-content\/uploads\/tabelle-misure-bracciali-600x48.jpg 600w, https:\/\/cdn02.fabioferro.eu\/wp-content\/uploads\/tabelle-misure-bracciali-150x12.jpg 150w\" sizes=\"(max-width: 1900px) 100vw, 1900px\" \/><\/p>\n","protected":false},"excerpt":{"rendered":"<p>Wundersch\u00f6nes FOPE-Armband aus gl\u00e4nzendem Ros\u00e9gold und Diamanten. Ein wahres Schmuckst\u00fcck, das vollst\u00e4ndig von Hand gefertigt wird.<\/p>\n","protected":false},"featured_media":108217,"comment_status":"open","ping_status":"closed","template":"","meta":[],"product_brand":[154],"product_cat":[6161],"product_tag":[],"class_list":{"0":"post-108214","1":"product","2":"type-product","3":"status-publish","4":"has-post-thumbnail","6":"product_brand-fope","7":"product_cat-fope-armbander","9":"first","10":"instock","11":"taxable","12":"shipping-taxable","13":"purchasable","14":"product-type-variable","15":"has-default-attributes"},"exclude_global_add_ons":[],"addons":[],"df_price":4900,"df_sale_price":"","df_regular_price":4900,"df_image_link":"https:\/\/cdn02.fabioferro.eu\/wp-content\/uploads\/virtuemart\/product\/bracciale_fope_collezione_solo_in_oro_rosa_621B_BBR_BR__1594808409_557.jpg","_links":{"self":[{"href":"https:\/\/www.fabioferro.eu\/de\/wp-json\/wp\/v2\/product\/108214","targetHints":{"allow":["GET"]}}],"collection":[{"href":"https:\/\/www.fabioferro.eu\/de\/wp-json\/wp\/v2\/product"}],"about":[{"href":"https:\/\/www.fabioferro.eu\/de\/wp-json\/wp\/v2\/types\/product"}],"replies":[{"embeddable":true,"href":"https:\/\/www.fabioferro.eu\/de\/wp-json\/wp\/v2\/comments?post=108214"}],"version-history":[{"count":1,"href":"https:\/\/www.fabioferro.eu\/de\/wp-json\/wp\/v2\/product\/108214\/revisions"}],"predecessor-version":[{"id":206547,"href":"https:\/\/www.fabioferro.eu\/de\/wp-json\/wp\/v2\/product\/108214\/revisions\/206547"}],"wp:featuredmedia":[{"embeddable":true,"href":"https:\/\/www.fabioferro.eu\/de\/wp-json\/wp\/v2\/media\/108217"}],"wp:attachment":[{"href":"https:\/\/www.fabioferro.eu\/de\/wp-json\/wp\/v2\/media?parent=108214"}],"wp:term":[{"taxonomy":"product_brand","embeddable":true,"href":"https:\/\/www.fabioferro.eu\/de\/wp-json\/wp\/v2\/product_brand?post=108214"},{"taxonomy":"product_cat","embeddable":true,"href":"https:\/\/www.fabioferro.eu\/de\/wp-json\/wp\/v2\/product_cat?post=108214"},{"taxonomy":"product_tag","embeddable":true,"href":"https:\/\/www.fabioferro.eu\/de\/wp-json\/wp\/v2\/product_tag?post=108214"}],"curies":[{"name":"wp","href":"https:\/\/api.w.org\/{rel}","templated":true}]}}