{"id":108228,"date":"2023-04-18T15:57:14","date_gmt":"2023-04-18T13:57:14","guid":{"rendered":"https:\/\/www.fabioferro.eu\/fope-flex-it-vendome-collection-armband-aus-gelbgold.html"},"modified":"2026-01-09T16:27:19","modified_gmt":"2026-01-09T15:27:19","slug":"fope-flex-it-vendome-collection-armband-aus-gelbgold","status":"publish","type":"product","link":"https:\/\/www.fabioferro.eu\/de\/fope-flex-it-vendome-collection-armband-aus-gelbgold.html","title":{"rendered":"Fope Flex It Vendome Collection Armband aus Gelbgold"},"content":{"rendered":"<p>Ein Armband, das zu jeder Gelegenheit passt und leicht zu tragen ist. Kunsthandwerker aus Vicenza haben ein Schmuckst\u00fcck geschaffen, das in jeder Situation die Aufmerksamkeit auf sich zieht.<\/p>\n<p>Fope-Armband aus der Kollektion Vend\u00f4me, handgefertigt aus 18 Karat Gelbgold (auch in Ros\u00e9- und Wei\u00dfgold erh\u00e4ltlich).<\/p>\n<p>In der Mitte hebt sich ein Gelbgoldring mit dem Fope-Zeichen ab, der eine Unterbrechung&#8221; des feinmaschigen Goldgeflechts darstellt.<\/p>\n<p>Armband mit kleinen Goldfedern, die geschickt in den Gliedern versteckt sind, um es elastisch zu machen. Dank der Flex&#8217;it-Technologie ist das Schmuckst\u00fcck verschlusslos.<\/p>\n<p>Jedes Armband wird einem Belastungstest mit 12.000 Ziehungen unterzogen, bevor es zertifiziert und in den Verkauf gebracht wird.<\/p>\n<p>Handgefertigt in Vicenza. Qualit\u00e4t Made in Italy.<\/p>\n<p>Mit einem eleganten Etui und internationaler Fope-Garantie.<\/p>\n<p><img decoding=\"async\" class=\"alignnone size-full wp-image-205465\" src=\"http:\/\/cdn02.fabioferro.eu\/wp-content\/uploads\/tabelle-misure-bracciali.jpg\" alt=\"\" width=\"1900\" height=\"153\" title=\"\" srcset=\"https:\/\/cdn02.fabioferro.eu\/wp-content\/uploads\/tabelle-misure-bracciali.jpg 1900w, https:\/\/cdn02.fabioferro.eu\/wp-content\/uploads\/tabelle-misure-bracciali-768x62.jpg 768w, https:\/\/cdn02.fabioferro.eu\/wp-content\/uploads\/tabelle-misure-bracciali-1536x124.jpg 1536w, https:\/\/cdn02.fabioferro.eu\/wp-content\/uploads\/tabelle-misure-bracciali-990x80.jpg 990w, https:\/\/cdn02.fabioferro.eu\/wp-content\/uploads\/tabelle-misure-bracciali-441x36.jpg 441w, https:\/\/cdn02.fabioferro.eu\/wp-content\/uploads\/tabelle-misure-bracciali-600x48.jpg 600w, https:\/\/cdn02.fabioferro.eu\/wp-content\/uploads\/tabelle-misure-bracciali-150x12.jpg 150w\" sizes=\"(max-width: 1900px) 100vw, 1900px\" \/><\/p>\n","protected":false},"excerpt":{"rendered":"<p>Fope stellt Schmuck ausschlie\u00dflich aus 18 Karat Gold her. Das Besondere an den Armb\u00e4ndern ist, dass sie mit der Flex&#8217;it-Technologie ausgestattet sind.<\/p>\n","protected":false},"featured_media":108238,"comment_status":"open","ping_status":"closed","template":"","meta":[],"product_brand":[154],"product_cat":[6161],"product_tag":[],"class_list":{"0":"post-108228","1":"product","2":"type-product","3":"status-publish","4":"has-post-thumbnail","6":"product_brand-fope","7":"product_cat-fope-armbander","9":"first","10":"instock","11":"taxable","12":"shipping-taxable","13":"purchasable","14":"product-type-variable","15":"has-default-attributes"},"exclude_global_add_ons":[],"addons":[],"df_price":4990,"df_sale_price":"","df_regular_price":4990,"df_image_link":"https:\/\/cdn02.fabioferro.eu\/wp-content\/uploads\/virtuemart\/product\/bracciale_fope_collezione_vendome_in_oro_giallo_561B_G__1594801077_555.jpg","_links":{"self":[{"href":"https:\/\/www.fabioferro.eu\/de\/wp-json\/wp\/v2\/product\/108228","targetHints":{"allow":["GET"]}}],"collection":[{"href":"https:\/\/www.fabioferro.eu\/de\/wp-json\/wp\/v2\/product"}],"about":[{"href":"https:\/\/www.fabioferro.eu\/de\/wp-json\/wp\/v2\/types\/product"}],"replies":[{"embeddable":true,"href":"https:\/\/www.fabioferro.eu\/de\/wp-json\/wp\/v2\/comments?post=108228"}],"version-history":[{"count":1,"href":"https:\/\/www.fabioferro.eu\/de\/wp-json\/wp\/v2\/product\/108228\/revisions"}],"predecessor-version":[{"id":206622,"href":"https:\/\/www.fabioferro.eu\/de\/wp-json\/wp\/v2\/product\/108228\/revisions\/206622"}],"wp:featuredmedia":[{"embeddable":true,"href":"https:\/\/www.fabioferro.eu\/de\/wp-json\/wp\/v2\/media\/108238"}],"wp:attachment":[{"href":"https:\/\/www.fabioferro.eu\/de\/wp-json\/wp\/v2\/media?parent=108228"}],"wp:term":[{"taxonomy":"product_brand","embeddable":true,"href":"https:\/\/www.fabioferro.eu\/de\/wp-json\/wp\/v2\/product_brand?post=108228"},{"taxonomy":"product_cat","embeddable":true,"href":"https:\/\/www.fabioferro.eu\/de\/wp-json\/wp\/v2\/product_cat?post=108228"},{"taxonomy":"product_tag","embeddable":true,"href":"https:\/\/www.fabioferro.eu\/de\/wp-json\/wp\/v2\/product_tag?post=108228"}],"curies":[{"name":"wp","href":"https:\/\/api.w.org\/{rel}","templated":true}]}}