{"id":108255,"date":"2023-04-29T18:38:47","date_gmt":"2023-04-29T16:38:47","guid":{"rendered":"https:\/\/www.fabioferro.eu\/fope-flex-it-armband-panorama-kollektion-in-weissgold-mit-diamantpflaster.html"},"modified":"2026-01-09T16:24:42","modified_gmt":"2026-01-09T15:24:42","slug":"fope-flex-it-armband-panorama-kollektion-in-weissgold-mit-diamantpflaster","status":"publish","type":"product","link":"https:\/\/www.fabioferro.eu\/de\/fope-flex-it-armband-panorama-kollektion-in-weissgold-mit-diamantpflaster.html","title":{"rendered":"Fope Flex It Armband Panorama Kollektion in Wei\u00dfgold mit Diamantpflaster"},"content":{"rendered":"<p>Ein Sturm von winzigen Diamanten funkelt auf diesem pr\u00e4chtigen Armband. Die Kombination mit Wei\u00dfgold l\u00e4sst die Tr\u00e4gerin strahlen.<\/p>\n<p>Fope-Armband aus der Kollektion Panorama, handgefertigt aus 18 Karat Wei\u00dfgold mit Diamanten.<\/p>\n<p>Juwelenh\u00f6he von 10 mm und Dicke von 3,5 mm.<\/p>\n<p>In der Mitte gl\u00e4nzen 3 bewegliche Ringe, die vollst\u00e4ndig mit Diamanten besetzt sind. Die Steine sind im Brillantschliff und haben 0,23 Karat, eine Farbe von G und eine Reinheit von VS1.<\/p>\n<p>Im Gegensatz zu den drei Ringen gibt es einen vierten, der komplett aus Wei\u00dfgold besteht. Letztere ist mit der Marke Fope und den Produktionsstempeln graviert.<\/p>\n<p>Das Armband ist mit der patentierten Flex&#8217;it-Technologie von Fope ausgestattet: Winzige, f\u00fcr das Auge unsichtbare Goldfedern machen es vollkommen elastisch. Jedes einzelne Schmuckst\u00fcck wird einem Belastungstest mit 12.000 Z\u00fcgen unterzogen, um seine Qualit\u00e4t zu beweisen, bevor es in den Verkauf geht.<\/p>\n<p>Armband, handgefertigt in Vicenza. Qualit\u00e4t Made in Italy.<\/p>\n<p>Mit einem eleganten Etui und internationaler Fope-Garantie.<\/p>\n<p><img decoding=\"async\" class=\"alignnone size-full wp-image-205465\" src=\"http:\/\/cdn02.fabioferro.eu\/wp-content\/uploads\/tabelle-misure-bracciali.jpg\" alt=\"\" width=\"1900\" height=\"153\" title=\"\" srcset=\"https:\/\/cdn02.fabioferro.eu\/wp-content\/uploads\/tabelle-misure-bracciali.jpg 1900w, https:\/\/cdn02.fabioferro.eu\/wp-content\/uploads\/tabelle-misure-bracciali-768x62.jpg 768w, https:\/\/cdn02.fabioferro.eu\/wp-content\/uploads\/tabelle-misure-bracciali-1536x124.jpg 1536w, https:\/\/cdn02.fabioferro.eu\/wp-content\/uploads\/tabelle-misure-bracciali-990x80.jpg 990w, https:\/\/cdn02.fabioferro.eu\/wp-content\/uploads\/tabelle-misure-bracciali-441x36.jpg 441w, https:\/\/cdn02.fabioferro.eu\/wp-content\/uploads\/tabelle-misure-bracciali-600x48.jpg 600w, https:\/\/cdn02.fabioferro.eu\/wp-content\/uploads\/tabelle-misure-bracciali-150x12.jpg 150w\" sizes=\"(max-width: 1900px) 100vw, 1900px\" \/><\/p>\n","protected":false},"excerpt":{"rendered":"<p>Das perfekte Gleichgewicht zwischen Wei\u00dfgold und Diamanten verleiht diesem Schmuckst\u00fcck eine besondere Leuchtkraft.<\/p>\n","protected":false},"featured_media":108262,"comment_status":"open","ping_status":"closed","template":"","meta":[],"product_brand":[154],"product_cat":[6161],"product_tag":[],"class_list":{"0":"post-108255","1":"product","2":"type-product","3":"status-publish","4":"has-post-thumbnail","6":"product_brand-fope","7":"product_cat-fope-armbander","9":"first","10":"instock","11":"taxable","12":"shipping-taxable","13":"purchasable","14":"product-type-variable","15":"has-default-attributes"},"exclude_global_add_ons":[],"addons":[],"df_price":8600,"df_sale_price":"","df_regular_price":8600,"df_image_link":"https:\/\/cdn02.fabioferro.eu\/wp-content\/uploads\/bracciale-fope-collezione-panorama-con-pave-di-diamanti-in-oro-bianco-587b-pave-b.jpg","_links":{"self":[{"href":"https:\/\/www.fabioferro.eu\/de\/wp-json\/wp\/v2\/product\/108255","targetHints":{"allow":["GET"]}}],"collection":[{"href":"https:\/\/www.fabioferro.eu\/de\/wp-json\/wp\/v2\/product"}],"about":[{"href":"https:\/\/www.fabioferro.eu\/de\/wp-json\/wp\/v2\/types\/product"}],"replies":[{"embeddable":true,"href":"https:\/\/www.fabioferro.eu\/de\/wp-json\/wp\/v2\/comments?post=108255"}],"version-history":[{"count":1,"href":"https:\/\/www.fabioferro.eu\/de\/wp-json\/wp\/v2\/product\/108255\/revisions"}],"predecessor-version":[{"id":206542,"href":"https:\/\/www.fabioferro.eu\/de\/wp-json\/wp\/v2\/product\/108255\/revisions\/206542"}],"wp:featuredmedia":[{"embeddable":true,"href":"https:\/\/www.fabioferro.eu\/de\/wp-json\/wp\/v2\/media\/108262"}],"wp:attachment":[{"href":"https:\/\/www.fabioferro.eu\/de\/wp-json\/wp\/v2\/media?parent=108255"}],"wp:term":[{"taxonomy":"product_brand","embeddable":true,"href":"https:\/\/www.fabioferro.eu\/de\/wp-json\/wp\/v2\/product_brand?post=108255"},{"taxonomy":"product_cat","embeddable":true,"href":"https:\/\/www.fabioferro.eu\/de\/wp-json\/wp\/v2\/product_cat?post=108255"},{"taxonomy":"product_tag","embeddable":true,"href":"https:\/\/www.fabioferro.eu\/de\/wp-json\/wp\/v2\/product_tag?post=108255"}],"curies":[{"name":"wp","href":"https:\/\/api.w.org\/{rel}","templated":true}]}}