{"id":108256,"date":"2023-04-18T15:57:21","date_gmt":"2023-04-18T13:57:21","guid":{"rendered":"https:\/\/www.fabioferro.eu\/fope-flex-it-vendome-collection-armband-aus-rose-und-weissgold-mit-diamant-pave.html"},"modified":"2026-01-09T16:27:26","modified_gmt":"2026-01-09T15:27:26","slug":"fope-flex-it-vendome-collection-armband-aus-rose-und-weissgold-mit-diamant-pave","status":"publish","type":"product","link":"https:\/\/www.fabioferro.eu\/de\/fope-flex-it-vendome-collection-armband-aus-rose-und-weissgold-mit-diamant-pave.html","title":{"rendered":"Fope Flex It Vendome Collection Armband aus Ros\u00e9- und Wei\u00dfgold mit Diamant-Pave"},"content":{"rendered":"<p>Raffiniert und elegant, ein Schmuckst\u00fcck, das es versteht, in jeder Situation im Mittelpunkt zu stehen. Das pr\u00e4chtige Diamantenpav\u00e9 zieht die Blicke der anderen auf sich und verleiht der Frau, die es tr\u00e4gt, Opulenz.<\/p>\n<p>Armband der Kollektion Fope Vend\u00f4me aus 18 Karat Ros\u00e9- und Wei\u00dfgold, handgefertigt und mit Diamanten besetzt.<\/p>\n<p>Das pr\u00e4chtige Diamantenpav\u00e9 in der Mitte des quadratischen Glieds zieht die Aufmerksamkeit auf sich. Die kleinen Steine haben einen Brillantschliff von 0,41 Karat. Sie zeichnen sich durch eine G-Farbe und einen VS1-Reinheitsgrad aus. Auf beiden Seiten des Pav\u00e9s befinden sich zwei kleine Ringe mit dem Fope-Logo und anderen Produktionsstempeln.<\/p>\n<p>Die spezielle Flex&#8217;it-Technologie verleiht dem Schmuckst\u00fcck Elastizit\u00e4t dank kleiner ros\u00e9goldener Federn, die entlang des Gestricks versteckt sind. Jedes St\u00fcck wird mit 12.000 Z\u00fcgen getestet, bevor es zum Verkauf angeboten wird. Auf diese Weise garantiert Fope seine Qualit\u00e4t und Haltbarkeit.<\/p>\n<p>Armband, hergestellt von Handwerkern aus Vicenza. Qualit\u00e4t Made in Italy.<\/p>\n<p>Mit einem eleganten Etui und internationaler Fope-Garantie.<\/p>\n<p><img decoding=\"async\" class=\"alignnone size-full wp-image-205465\" src=\"http:\/\/cdn02.fabioferro.eu\/wp-content\/uploads\/tabelle-misure-bracciali.jpg\" alt=\"\" width=\"1900\" height=\"153\" title=\"\" srcset=\"https:\/\/cdn02.fabioferro.eu\/wp-content\/uploads\/tabelle-misure-bracciali.jpg 1900w, https:\/\/cdn02.fabioferro.eu\/wp-content\/uploads\/tabelle-misure-bracciali-768x62.jpg 768w, https:\/\/cdn02.fabioferro.eu\/wp-content\/uploads\/tabelle-misure-bracciali-1536x124.jpg 1536w, https:\/\/cdn02.fabioferro.eu\/wp-content\/uploads\/tabelle-misure-bracciali-990x80.jpg 990w, https:\/\/cdn02.fabioferro.eu\/wp-content\/uploads\/tabelle-misure-bracciali-441x36.jpg 441w, https:\/\/cdn02.fabioferro.eu\/wp-content\/uploads\/tabelle-misure-bracciali-600x48.jpg 600w, https:\/\/cdn02.fabioferro.eu\/wp-content\/uploads\/tabelle-misure-bracciali-150x12.jpg 150w\" sizes=\"(max-width: 1900px) 100vw, 1900px\" \/><\/p>\n","protected":false},"excerpt":{"rendered":"<p>Raffiniert, \u00fcppig und elegant. Das sind sicherlich die passenden Adjektive f\u00fcr das pr\u00e4chtige Vend\u00f4me-Armband von Fope.<\/p>\n","protected":false},"featured_media":108282,"comment_status":"open","ping_status":"closed","template":"","meta":[],"product_brand":[154],"product_cat":[6161],"product_tag":[],"class_list":{"0":"post-108256","1":"product","2":"type-product","3":"status-publish","4":"has-post-thumbnail","6":"product_brand-fope","7":"product_cat-fope-armbander","9":"first","10":"instock","11":"taxable","12":"shipping-taxable","13":"purchasable","14":"product-type-variable","15":"has-default-attributes"},"exclude_global_add_ons":[],"addons":[],"df_price":7650,"df_sale_price":"","df_regular_price":7650,"df_image_link":"https:\/\/cdn02.fabioferro.eu\/wp-content\/uploads\/bracciale-fope-collezionme-vendome-in-oro-rosa-con-diamanti-561b-pave-br.jpg","_links":{"self":[{"href":"https:\/\/www.fabioferro.eu\/de\/wp-json\/wp\/v2\/product\/108256","targetHints":{"allow":["GET"]}}],"collection":[{"href":"https:\/\/www.fabioferro.eu\/de\/wp-json\/wp\/v2\/product"}],"about":[{"href":"https:\/\/www.fabioferro.eu\/de\/wp-json\/wp\/v2\/types\/product"}],"replies":[{"embeddable":true,"href":"https:\/\/www.fabioferro.eu\/de\/wp-json\/wp\/v2\/comments?post=108256"}],"version-history":[{"count":1,"href":"https:\/\/www.fabioferro.eu\/de\/wp-json\/wp\/v2\/product\/108256\/revisions"}],"predecessor-version":[{"id":206629,"href":"https:\/\/www.fabioferro.eu\/de\/wp-json\/wp\/v2\/product\/108256\/revisions\/206629"}],"wp:featuredmedia":[{"embeddable":true,"href":"https:\/\/www.fabioferro.eu\/de\/wp-json\/wp\/v2\/media\/108282"}],"wp:attachment":[{"href":"https:\/\/www.fabioferro.eu\/de\/wp-json\/wp\/v2\/media?parent=108256"}],"wp:term":[{"taxonomy":"product_brand","embeddable":true,"href":"https:\/\/www.fabioferro.eu\/de\/wp-json\/wp\/v2\/product_brand?post=108256"},{"taxonomy":"product_cat","embeddable":true,"href":"https:\/\/www.fabioferro.eu\/de\/wp-json\/wp\/v2\/product_cat?post=108256"},{"taxonomy":"product_tag","embeddable":true,"href":"https:\/\/www.fabioferro.eu\/de\/wp-json\/wp\/v2\/product_tag?post=108256"}],"curies":[{"name":"wp","href":"https:\/\/api.w.org\/{rel}","templated":true}]}}