{"id":108294,"date":"2023-04-20T17:44:17","date_gmt":"2023-04-20T15:44:17","guid":{"rendered":"https:\/\/www.fabioferro.eu\/charme-giovanni-raspini-votiv-herz-blaetter-gross.html"},"modified":"2024-09-18T16:51:59","modified_gmt":"2024-09-18T14:51:59","slug":"charme-giovanni-raspini-votiv-herz-blaetter-gross","status":"publish","type":"product","link":"https:\/\/www.fabioferro.eu\/de\/charme-giovanni-raspini-votiv-herz-blaetter-gross.html","title":{"rendered":"Charme Giovanni Raspini Votiv Herz Bl\u00e4tter gro\u00df"},"content":{"rendered":"<p>Anh\u00e4nger aus 925\/1000 Silber.  <\/p>\n<div class=\"gmail_default\">Es ist 35 mm hoch (ohne die oberen 0,9 cm Masche) und 25 mm breit.<\/div>\n<p>  Handgefertigt in Italien. Begleitet von Box und offizieller Giovanni Raspini Garantie.<\/p>\n","protected":false},"excerpt":{"rendered":"<p>Ein s\u00fc\u00dfes Herz, das sich mit der Natur verbindet.<\/p>\n","protected":false},"featured_media":108300,"comment_status":"open","ping_status":"closed","template":"","meta":[],"product_brand":[155],"product_cat":[7576,7578],"product_tag":[],"class_list":{"0":"post-108294","1":"product","2":"type-product","3":"status-publish","4":"has-post-thumbnail","6":"product_brand-raspini","7":"product_cat-giovanni-raspini-reize","8":"product_cat-raspini-charms-fur-veranstaltung","10":"first","11":"instock","12":"sale","13":"taxable","14":"shipping-taxable","15":"purchasable","16":"product-type-simple"},"exclude_global_add_ons":[],"addons":[],"df_price":81,"df_sale_price":81,"df_regular_price":90,"df_image_link":"https:\/\/cdn02.fabioferro.eu\/wp-content\/uploads\/charm-giovanni-raspini-cuore-11297.jpg","_links":{"self":[{"href":"https:\/\/www.fabioferro.eu\/de\/wp-json\/wp\/v2\/product\/108294","targetHints":{"allow":["GET"]}}],"collection":[{"href":"https:\/\/www.fabioferro.eu\/de\/wp-json\/wp\/v2\/product"}],"about":[{"href":"https:\/\/www.fabioferro.eu\/de\/wp-json\/wp\/v2\/types\/product"}],"replies":[{"embeddable":true,"href":"https:\/\/www.fabioferro.eu\/de\/wp-json\/wp\/v2\/comments?post=108294"}],"version-history":[{"count":0,"href":"https:\/\/www.fabioferro.eu\/de\/wp-json\/wp\/v2\/product\/108294\/revisions"}],"wp:featuredmedia":[{"embeddable":true,"href":"https:\/\/www.fabioferro.eu\/de\/wp-json\/wp\/v2\/media\/108300"}],"wp:attachment":[{"href":"https:\/\/www.fabioferro.eu\/de\/wp-json\/wp\/v2\/media?parent=108294"}],"wp:term":[{"taxonomy":"product_brand","embeddable":true,"href":"https:\/\/www.fabioferro.eu\/de\/wp-json\/wp\/v2\/product_brand?post=108294"},{"taxonomy":"product_cat","embeddable":true,"href":"https:\/\/www.fabioferro.eu\/de\/wp-json\/wp\/v2\/product_cat?post=108294"},{"taxonomy":"product_tag","embeddable":true,"href":"https:\/\/www.fabioferro.eu\/de\/wp-json\/wp\/v2\/product_tag?post=108294"}],"curies":[{"name":"wp","href":"https:\/\/api.w.org\/{rel}","templated":true}]}}