{"id":108296,"date":"2023-04-18T15:57:12","date_gmt":"2023-04-18T13:57:12","guid":{"rendered":"https:\/\/www.fabioferro.eu\/fope-flex-it-vendome-kollektion-armband-in-rose-gold.html"},"modified":"2026-01-09T16:27:17","modified_gmt":"2026-01-09T15:27:17","slug":"fope-flex-it-vendome-kollektion-armband-in-rose-gold","status":"publish","type":"product","link":"https:\/\/www.fabioferro.eu\/de\/fope-flex-it-vendome-kollektion-armband-in-rose-gold.html","title":{"rendered":"Fope Flex It Vendome Kollektion Armband in Rose Gold"},"content":{"rendered":"<p>Unbestrittene Einfachheit f\u00fcr dieses elegante Armband, das dank der Elastizit\u00e4t der Flex&#8217;it-Technologie leicht zu tragen ist.<\/p>\n<p>Armband der Kollektion Fope Vend\u00f4me, vollst\u00e4ndig aus 18 Karat Ros\u00e9gold.<\/p>\n<p>Geflochtenes Glied, dessen zentrales Element ein mit dem Fope-Logo gravierter Ring aus Ros\u00e9gold ist.<\/p>\n<p>Dank der Flex&#8217;it-Technologie hat das Schmuckst\u00fcck keine Verschl\u00fcsse, da es mit Dutzenden von kleinen goldenen Federn ausgestattet ist, die dem Armband Elastizit\u00e4t verleihen.<\/p>\n<p>Jedes Teil wird mit 12.000 Z\u00fcgen getestet, um seine absolute Zuverl\u00e4ssigkeit \u00fcber einen l\u00e4ngeren Zeitraum zu gew\u00e4hrleisten.<\/p>\n<p>Armband handgefertigt von Handwerkern aus Vicenza. Qualit\u00e4t Made in Italy. <\/p>\n<p>Mit einem eleganten Etui und internationaler Fope-Garantie.<\/p>\n<p><img decoding=\"async\" class=\"alignnone size-full wp-image-205465\" src=\"http:\/\/cdn02.fabioferro.eu\/wp-content\/uploads\/tabelle-misure-bracciali.jpg\" alt=\"\" width=\"1900\" height=\"153\" title=\"\" srcset=\"https:\/\/cdn02.fabioferro.eu\/wp-content\/uploads\/tabelle-misure-bracciali.jpg 1900w, https:\/\/cdn02.fabioferro.eu\/wp-content\/uploads\/tabelle-misure-bracciali-768x62.jpg 768w, https:\/\/cdn02.fabioferro.eu\/wp-content\/uploads\/tabelle-misure-bracciali-1536x124.jpg 1536w, https:\/\/cdn02.fabioferro.eu\/wp-content\/uploads\/tabelle-misure-bracciali-990x80.jpg 990w, https:\/\/cdn02.fabioferro.eu\/wp-content\/uploads\/tabelle-misure-bracciali-441x36.jpg 441w, https:\/\/cdn02.fabioferro.eu\/wp-content\/uploads\/tabelle-misure-bracciali-600x48.jpg 600w, https:\/\/cdn02.fabioferro.eu\/wp-content\/uploads\/tabelle-misure-bracciali-150x12.jpg 150w\" sizes=\"(max-width: 1900px) 100vw, 1900px\" \/><\/p>\n","protected":false},"excerpt":{"rendered":"<p>Komfort, Schlichtheit und Eleganz sind die Hauptmerkmale von Fope-Schmuck. Armband vollst\u00e4ndig von Hand gefertigt.<\/p>\n","protected":false},"featured_media":108308,"comment_status":"open","ping_status":"closed","template":"","meta":[],"product_brand":[154],"product_cat":[6161],"product_tag":[],"class_list":{"0":"post-108296","1":"product","2":"type-product","3":"status-publish","4":"has-post-thumbnail","6":"product_brand-fope","7":"product_cat-fope-armbander","9":"first","10":"instock","11":"taxable","12":"shipping-taxable","13":"purchasable","14":"product-type-variable","15":"has-default-attributes"},"exclude_global_add_ons":[],"addons":[],"df_price":4990,"df_sale_price":"","df_regular_price":4990,"df_image_link":"https:\/\/cdn02.fabioferro.eu\/wp-content\/uploads\/bracciale-fope-collezione-vendome-in-oro-rosa-flexit-561b-r.jpg","_links":{"self":[{"href":"https:\/\/www.fabioferro.eu\/de\/wp-json\/wp\/v2\/product\/108296","targetHints":{"allow":["GET"]}}],"collection":[{"href":"https:\/\/www.fabioferro.eu\/de\/wp-json\/wp\/v2\/product"}],"about":[{"href":"https:\/\/www.fabioferro.eu\/de\/wp-json\/wp\/v2\/types\/product"}],"replies":[{"embeddable":true,"href":"https:\/\/www.fabioferro.eu\/de\/wp-json\/wp\/v2\/comments?post=108296"}],"version-history":[{"count":1,"href":"https:\/\/www.fabioferro.eu\/de\/wp-json\/wp\/v2\/product\/108296\/revisions"}],"predecessor-version":[{"id":206620,"href":"https:\/\/www.fabioferro.eu\/de\/wp-json\/wp\/v2\/product\/108296\/revisions\/206620"}],"wp:featuredmedia":[{"embeddable":true,"href":"https:\/\/www.fabioferro.eu\/de\/wp-json\/wp\/v2\/media\/108308"}],"wp:attachment":[{"href":"https:\/\/www.fabioferro.eu\/de\/wp-json\/wp\/v2\/media?parent=108296"}],"wp:term":[{"taxonomy":"product_brand","embeddable":true,"href":"https:\/\/www.fabioferro.eu\/de\/wp-json\/wp\/v2\/product_brand?post=108296"},{"taxonomy":"product_cat","embeddable":true,"href":"https:\/\/www.fabioferro.eu\/de\/wp-json\/wp\/v2\/product_cat?post=108296"},{"taxonomy":"product_tag","embeddable":true,"href":"https:\/\/www.fabioferro.eu\/de\/wp-json\/wp\/v2\/product_tag?post=108296"}],"curies":[{"name":"wp","href":"https:\/\/api.w.org\/{rel}","templated":true}]}}