{"id":108318,"date":"2023-04-18T15:57:19","date_gmt":"2023-04-18T13:57:19","guid":{"rendered":"https:\/\/www.fabioferro.eu\/fope-flex-it-armband-panorama-kollektion-in-weissgold-mit-diamanten.html"},"modified":"2026-01-09T16:27:21","modified_gmt":"2026-01-09T15:27:21","slug":"fope-flex-it-armband-panorama-kollektion-in-weissgold-mit-diamanten","status":"publish","type":"product","link":"https:\/\/www.fabioferro.eu\/de\/fope-flex-it-armband-panorama-kollektion-in-weissgold-mit-diamanten.html","title":{"rendered":"Fope Flex It Armband Panorama Kollektion in Wei\u00dfgold mit Diamanten"},"content":{"rendered":"<p>Die Armb\u00e4nder aus der Panorama-Kollektion von Fope zeichnen sich durch flache Glieder und Diamanteinlagen aus. Das Modell ist auch in Gelbgold und Ros\u00e9gold erh\u00e4ltlich.<\/p>\n<p>Armband der Kollektion Fope Panorama, handgefertigt aus 18 Karat Wei\u00dfgold und Diamanten.<\/p>\n<p>Die Maschenweite betr\u00e4gt 10 mm bei einer Dicke von 3,5 mm.<\/p>\n<p>In der Mitte befindet sich ein beweglicher Ring, der mit Diamanten im Brillantschliff von 0,08 Karat besetzt ist, die eine Farbe von G und eine Reinheit von VS1 aufweisen. Auf beiden Seiten befinden sich zwei weitere Ringe aus Wei\u00dfgold.<\/p>\n<p>Auf der den 3 Ringen gegen\u00fcberliegenden Seite befindet sich die Platte mit dem Fope-Logo und den Produktionsstempeln.<\/p>\n<p>Armband mit patentierter Flex&#8217;it-Technologie: Dutzende von winzigen Wei\u00dfgoldfedern machen das Glied vollkommen elastisch. Jedes St\u00fcck wird mit 12.000 Z\u00fcgen getestet, bevor es zum Verkauf angeboten wird. Auf diese Weise garantiert Fope seine Qualit\u00e4t und Haltbarkeit.<\/p>\n<p>Armband handgefertigt von Handwerkern aus Vicenza. Qualit\u00e4t Made in Italy. <\/p>\n<p>Mit einem eleganten Etui und internationaler Fope-Garantie.<\/p>\n<p><img decoding=\"async\" class=\"alignnone size-full wp-image-205465\" src=\"http:\/\/cdn02.fabioferro.eu\/wp-content\/uploads\/tabelle-misure-bracciali.jpg\" alt=\"\" width=\"1900\" height=\"153\" title=\"\" srcset=\"https:\/\/cdn02.fabioferro.eu\/wp-content\/uploads\/tabelle-misure-bracciali.jpg 1900w, https:\/\/cdn02.fabioferro.eu\/wp-content\/uploads\/tabelle-misure-bracciali-768x62.jpg 768w, https:\/\/cdn02.fabioferro.eu\/wp-content\/uploads\/tabelle-misure-bracciali-1536x124.jpg 1536w, https:\/\/cdn02.fabioferro.eu\/wp-content\/uploads\/tabelle-misure-bracciali-990x80.jpg 990w, https:\/\/cdn02.fabioferro.eu\/wp-content\/uploads\/tabelle-misure-bracciali-441x36.jpg 441w, https:\/\/cdn02.fabioferro.eu\/wp-content\/uploads\/tabelle-misure-bracciali-600x48.jpg 600w, https:\/\/cdn02.fabioferro.eu\/wp-content\/uploads\/tabelle-misure-bracciali-150x12.jpg 150w\" sizes=\"(max-width: 1900px) 100vw, 1900px\" \/><\/p>\n","protected":false},"excerpt":{"rendered":"<p>Ein perfektes Juwel in jeder Hinsicht. Die Handwerker von Fope setzen ihre ganze Erfahrung ein, um jedes Schmuckst\u00fcck einzigartig zu machen.<\/p>\n","protected":false},"featured_media":108336,"comment_status":"open","ping_status":"closed","template":"","meta":[],"product_brand":[154],"product_cat":[6161],"product_tag":[],"class_list":{"0":"post-108318","1":"product","2":"type-product","3":"status-publish","4":"has-post-thumbnail","6":"product_brand-fope","7":"product_cat-fope-armbander","9":"first","10":"instock","11":"taxable","12":"shipping-taxable","13":"purchasable","14":"product-type-variable","15":"has-default-attributes"},"exclude_global_add_ons":[],"addons":[],"df_price":7940,"df_sale_price":"","df_regular_price":7940,"df_image_link":"https:\/\/cdn02.fabioferro.eu\/wp-content\/uploads\/bracciale-fope-collezione-panorama-in-oro-bianco-con-diamanti-587b-bbr-bb.jpg","_links":{"self":[{"href":"https:\/\/www.fabioferro.eu\/de\/wp-json\/wp\/v2\/product\/108318","targetHints":{"allow":["GET"]}}],"collection":[{"href":"https:\/\/www.fabioferro.eu\/de\/wp-json\/wp\/v2\/product"}],"about":[{"href":"https:\/\/www.fabioferro.eu\/de\/wp-json\/wp\/v2\/types\/product"}],"replies":[{"embeddable":true,"href":"https:\/\/www.fabioferro.eu\/de\/wp-json\/wp\/v2\/comments?post=108318"}],"version-history":[{"count":2,"href":"https:\/\/www.fabioferro.eu\/de\/wp-json\/wp\/v2\/product\/108318\/revisions"}],"predecessor-version":[{"id":206625,"href":"https:\/\/www.fabioferro.eu\/de\/wp-json\/wp\/v2\/product\/108318\/revisions\/206625"}],"wp:featuredmedia":[{"embeddable":true,"href":"https:\/\/www.fabioferro.eu\/de\/wp-json\/wp\/v2\/media\/108336"}],"wp:attachment":[{"href":"https:\/\/www.fabioferro.eu\/de\/wp-json\/wp\/v2\/media?parent=108318"}],"wp:term":[{"taxonomy":"product_brand","embeddable":true,"href":"https:\/\/www.fabioferro.eu\/de\/wp-json\/wp\/v2\/product_brand?post=108318"},{"taxonomy":"product_cat","embeddable":true,"href":"https:\/\/www.fabioferro.eu\/de\/wp-json\/wp\/v2\/product_cat?post=108318"},{"taxonomy":"product_tag","embeddable":true,"href":"https:\/\/www.fabioferro.eu\/de\/wp-json\/wp\/v2\/product_tag?post=108318"}],"curies":[{"name":"wp","href":"https:\/\/api.w.org\/{rel}","templated":true}]}}