{"id":108407,"date":"2023-04-11T17:24:25","date_gmt":"2023-04-11T15:24:25","guid":{"rendered":"https:\/\/www.fabioferro.eu\/armband-giovanni-raspini-mini-schale-intrecci.html"},"modified":"2025-03-11T18:33:43","modified_gmt":"2025-03-11T17:33:43","slug":"armband-giovanni-raspini-mini-schale-intrecci","status":"publish","type":"product","link":"https:\/\/www.fabioferro.eu\/de\/armband-giovanni-raspini-mini-schale-intrecci.html","title":{"rendered":"Armband Giovanni Raspini Mini-Schale Intrecci"},"content":{"rendered":"<p>Giovanni Raspini Armband aus 925er Sterlingsilber mit 100% italienischer Handwerkskunst.<\/p>\n<p>Die L\u00e4nge des Armbands betr\u00e4gt 21 cm.<\/p>\n<p>Der Verschluss ist mit einem Karabiner-System versehen.<\/p>\n<p>Das Armband wird komplett mit Box und original Giovanni Raspini Garantie geliefert.<\/p>\n","protected":false},"excerpt":{"rendered":"<p>Armband aus Silberkugeln mit geh\u00e4mmerter Oberfl\u00e4che und Verflechtung. Letzteres tr\u00e4gt n\u00e4mlich dazu bei, ein Gef\u00fchl der Bewegung zu erzeugen, das die Leuchtfunktion des Armbands noch effektiver macht.<\/p>\n","protected":false},"featured_media":108416,"comment_status":"open","ping_status":"closed","template":"","meta":[],"product_brand":[155],"product_cat":[7569],"product_tag":[],"class_list":{"0":"post-108407","1":"product","2":"type-product","3":"status-publish","4":"has-post-thumbnail","6":"product_brand-raspini","7":"product_cat-armbander-giovanni-raspini","9":"first","10":"instock","11":"sale","12":"taxable","13":"shipping-taxable","14":"purchasable","15":"product-type-simple"},"exclude_global_add_ons":[],"addons":[],"df_price":432,"df_sale_price":432,"df_regular_price":480,"df_image_link":"https:\/\/cdn02.fabioferro.eu\/wp-content\/uploads\/collana-giovanni-raspini-super-bowl-10577.jpg","_links":{"self":[{"href":"https:\/\/www.fabioferro.eu\/de\/wp-json\/wp\/v2\/product\/108407","targetHints":{"allow":["GET"]}}],"collection":[{"href":"https:\/\/www.fabioferro.eu\/de\/wp-json\/wp\/v2\/product"}],"about":[{"href":"https:\/\/www.fabioferro.eu\/de\/wp-json\/wp\/v2\/types\/product"}],"replies":[{"embeddable":true,"href":"https:\/\/www.fabioferro.eu\/de\/wp-json\/wp\/v2\/comments?post=108407"}],"version-history":[{"count":0,"href":"https:\/\/www.fabioferro.eu\/de\/wp-json\/wp\/v2\/product\/108407\/revisions"}],"wp:featuredmedia":[{"embeddable":true,"href":"https:\/\/www.fabioferro.eu\/de\/wp-json\/wp\/v2\/media\/108416"}],"wp:attachment":[{"href":"https:\/\/www.fabioferro.eu\/de\/wp-json\/wp\/v2\/media?parent=108407"}],"wp:term":[{"taxonomy":"product_brand","embeddable":true,"href":"https:\/\/www.fabioferro.eu\/de\/wp-json\/wp\/v2\/product_brand?post=108407"},{"taxonomy":"product_cat","embeddable":true,"href":"https:\/\/www.fabioferro.eu\/de\/wp-json\/wp\/v2\/product_cat?post=108407"},{"taxonomy":"product_tag","embeddable":true,"href":"https:\/\/www.fabioferro.eu\/de\/wp-json\/wp\/v2\/product_tag?post=108407"}],"curies":[{"name":"wp","href":"https:\/\/api.w.org\/{rel}","templated":true}]}}