{"id":108443,"date":"2023-04-13T12:01:00","date_gmt":"2023-04-13T10:01:00","guid":{"rendered":"https:\/\/www.fabioferro.eu\/fope-eka-collection-armband-in-rose-gold.html"},"modified":"2026-01-09T16:27:20","modified_gmt":"2026-01-09T15:27:20","slug":"fope-eka-collection-armband-in-rose-gold","status":"publish","type":"product","link":"https:\/\/www.fabioferro.eu\/de\/fope-eka-collection-armband-in-rose-gold.html","title":{"rendered":"Fope Eka Collection Armband in Rose Gold"},"content":{"rendered":"<p>Fope-Armband aus der Eka-Kollektion aus 18 Karat Ros\u00e9gold. Besonders handgefertigtes Fope-Glied mit einer St\u00e4rke von 3 mm. Das Armband hat eine einzigartige L\u00e4nge von 19 cm mit einer praktischen Fope-Federschlie\u00dfe. Auf der L\u00e4nge des Armbands ist eine ovale Platte mit dem Logo des Unternehmens eingraviert. Das Armband wird von einem eleganten Etui und der offiziellen Fope-Garantie begleitet.<\/p>\n","protected":false},"excerpt":{"rendered":"<p>Ein Juwel, geboren aus dem Wunsch, Perfektion zu schaffen. Ihre Aufgabe ist es nur, sie zu tragen.<\/p>\n","protected":false},"featured_media":108450,"comment_status":"open","ping_status":"closed","template":"","meta":[],"product_brand":[154],"product_cat":[6161,6187],"product_tag":[],"class_list":{"0":"post-108443","1":"product","2":"type-product","3":"status-publish","4":"has-post-thumbnail","6":"product_brand-fope","7":"product_cat-fope-armbander","8":"product_cat-fope-herrenschmuck","10":"first","11":"instock","12":"taxable","13":"shipping-taxable","14":"purchasable","15":"product-type-simple"},"exclude_global_add_ons":[],"addons":[],"df_price":1700,"df_sale_price":"","df_regular_price":1700,"df_image_link":"https:\/\/cdn02.fabioferro.eu\/wp-content\/uploads\/bracciale-fope-eka-tiny-in-oro-rosa-730b-r.jpg","_links":{"self":[{"href":"https:\/\/www.fabioferro.eu\/de\/wp-json\/wp\/v2\/product\/108443","targetHints":{"allow":["GET"]}}],"collection":[{"href":"https:\/\/www.fabioferro.eu\/de\/wp-json\/wp\/v2\/product"}],"about":[{"href":"https:\/\/www.fabioferro.eu\/de\/wp-json\/wp\/v2\/types\/product"}],"replies":[{"embeddable":true,"href":"https:\/\/www.fabioferro.eu\/de\/wp-json\/wp\/v2\/comments?post=108443"}],"version-history":[{"count":1,"href":"https:\/\/www.fabioferro.eu\/de\/wp-json\/wp\/v2\/product\/108443\/revisions"}],"predecessor-version":[{"id":206623,"href":"https:\/\/www.fabioferro.eu\/de\/wp-json\/wp\/v2\/product\/108443\/revisions\/206623"}],"wp:featuredmedia":[{"embeddable":true,"href":"https:\/\/www.fabioferro.eu\/de\/wp-json\/wp\/v2\/media\/108450"}],"wp:attachment":[{"href":"https:\/\/www.fabioferro.eu\/de\/wp-json\/wp\/v2\/media?parent=108443"}],"wp:term":[{"taxonomy":"product_brand","embeddable":true,"href":"https:\/\/www.fabioferro.eu\/de\/wp-json\/wp\/v2\/product_brand?post=108443"},{"taxonomy":"product_cat","embeddable":true,"href":"https:\/\/www.fabioferro.eu\/de\/wp-json\/wp\/v2\/product_cat?post=108443"},{"taxonomy":"product_tag","embeddable":true,"href":"https:\/\/www.fabioferro.eu\/de\/wp-json\/wp\/v2\/product_tag?post=108443"}],"curies":[{"name":"wp","href":"https:\/\/api.w.org\/{rel}","templated":true}]}}