{"id":108464,"date":"2023-04-11T17:23:14","date_gmt":"2023-04-11T15:23:14","guid":{"rendered":"https:\/\/www.fabioferro.eu\/fope-flex-it-vendome-collection-armband-aus-weissgold-und-diamanten.html"},"modified":"2026-01-09T16:27:11","modified_gmt":"2026-01-09T15:27:11","slug":"fope-flex-it-vendome-collection-armband-aus-weissgold-und-diamanten","status":"publish","type":"product","link":"https:\/\/www.fabioferro.eu\/de\/fope-flex-it-vendome-collection-armband-aus-weissgold-und-diamanten.html","title":{"rendered":"Fope Flex It Vendome Collection Armband aus Wei\u00dfgold und Diamanten"},"content":{"rendered":"<p>Fope hat Armb\u00e4nder entworfen, die ohne Verschluss getragen werden k\u00f6nnen. Dank der speziellen Flex&#8217;it-Technologie sind sie sogar &#8220;elastisch&#8221;.<br \/>\nDieses schlichte, aber charaktervolle Armband wird hier in einer Wei\u00dfgoldversion pr\u00e4sentiert (auch in Gelb- und Ros\u00e9gold erh\u00e4ltlich).<\/p>\n<p>Armband der Kollektion Fope Vend\u00f4me aus gl\u00e4nzendem 18 Karat Wei\u00dfgold und Diamanten.<\/p>\n<p>Flachgewebe mit einer Breite von 6,50 mm und einer Dicke von 4 mm.<\/p>\n<p>Das zentrale Element besteht aus einem Rondell, das mit kleinen Diamanten im Brillantschliff von 0,10 Karat, Farbe G und Reinheit VS1, besetzt ist.<\/p>\n<p>Das Armband hat keine Schlie\u00dfe, da es mit der patentierten Flex&#8217;it-Technologie ausgestattet ist.<br \/>\nIn den Gliedern dieses Schmuckst\u00fccks sind Dutzende von Federn aus Wei\u00dfgold versteckt, die es elastisch machen. Jedes Armband wird einem Belastungstest mit 12.000 Ziehungen unterzogen, um seine Qualit\u00e4t zu gew\u00e4hrleisten, bevor es auf den Markt kommt.<\/p>\n<p>Armband, hergestellt von Handwerkern aus Vicenza. Qualit\u00e4t Made in Italy.<\/p>\n<p>Mit einem eleganten Etui und internationaler Fope-Garantie.<\/p>\n<p><img decoding=\"async\" class=\"alignnone size-full wp-image-205465\" src=\"http:\/\/cdn02.fabioferro.eu\/wp-content\/uploads\/tabelle-misure-bracciali.jpg\" alt=\"\" width=\"1900\" height=\"153\" title=\"\" srcset=\"https:\/\/cdn02.fabioferro.eu\/wp-content\/uploads\/tabelle-misure-bracciali.jpg 1900w, https:\/\/cdn02.fabioferro.eu\/wp-content\/uploads\/tabelle-misure-bracciali-768x62.jpg 768w, https:\/\/cdn02.fabioferro.eu\/wp-content\/uploads\/tabelle-misure-bracciali-1536x124.jpg 1536w, https:\/\/cdn02.fabioferro.eu\/wp-content\/uploads\/tabelle-misure-bracciali-990x80.jpg 990w, https:\/\/cdn02.fabioferro.eu\/wp-content\/uploads\/tabelle-misure-bracciali-441x36.jpg 441w, https:\/\/cdn02.fabioferro.eu\/wp-content\/uploads\/tabelle-misure-bracciali-600x48.jpg 600w, https:\/\/cdn02.fabioferro.eu\/wp-content\/uploads\/tabelle-misure-bracciali-150x12.jpg 150w\" sizes=\"(max-width: 1900px) 100vw, 1900px\" \/><\/p>\n","protected":false},"excerpt":{"rendered":"<p>FOPE ist ein Synonym f\u00fcr hohe venezianische Handwerkskunst. Jedes Schmuckst\u00fcck wird vollst\u00e4ndig von Hand gefertigt und auf seine Qualit\u00e4t hin gepr\u00fcft, bevor es zum Verkauf angeboten wird.<\/p>\n","protected":false},"featured_media":108478,"comment_status":"open","ping_status":"closed","template":"","meta":[],"product_brand":[154],"product_cat":[6161],"product_tag":[],"class_list":{"0":"post-108464","1":"product","2":"type-product","3":"status-publish","4":"has-post-thumbnail","6":"product_brand-fope","7":"product_cat-fope-armbander","9":"first","10":"instock","11":"taxable","12":"shipping-taxable","13":"purchasable","14":"product-type-variable","15":"has-default-attributes"},"exclude_global_add_ons":[],"addons":[],"df_price":5670,"df_sale_price":"","df_regular_price":5670,"df_image_link":"https:\/\/cdn02.fabioferro.eu\/wp-content\/uploads\/virtuemart\/product\/bracciale_fope_collezione_vendome_in_oro_bianco_560B_BBR_B__1594806127_981.jpg","_links":{"self":[{"href":"https:\/\/www.fabioferro.eu\/de\/wp-json\/wp\/v2\/product\/108464","targetHints":{"allow":["GET"]}}],"collection":[{"href":"https:\/\/www.fabioferro.eu\/de\/wp-json\/wp\/v2\/product"}],"about":[{"href":"https:\/\/www.fabioferro.eu\/de\/wp-json\/wp\/v2\/types\/product"}],"replies":[{"embeddable":true,"href":"https:\/\/www.fabioferro.eu\/de\/wp-json\/wp\/v2\/comments?post=108464"}],"version-history":[{"count":1,"href":"https:\/\/www.fabioferro.eu\/de\/wp-json\/wp\/v2\/product\/108464\/revisions"}],"predecessor-version":[{"id":206615,"href":"https:\/\/www.fabioferro.eu\/de\/wp-json\/wp\/v2\/product\/108464\/revisions\/206615"}],"wp:featuredmedia":[{"embeddable":true,"href":"https:\/\/www.fabioferro.eu\/de\/wp-json\/wp\/v2\/media\/108478"}],"wp:attachment":[{"href":"https:\/\/www.fabioferro.eu\/de\/wp-json\/wp\/v2\/media?parent=108464"}],"wp:term":[{"taxonomy":"product_brand","embeddable":true,"href":"https:\/\/www.fabioferro.eu\/de\/wp-json\/wp\/v2\/product_brand?post=108464"},{"taxonomy":"product_cat","embeddable":true,"href":"https:\/\/www.fabioferro.eu\/de\/wp-json\/wp\/v2\/product_cat?post=108464"},{"taxonomy":"product_tag","embeddable":true,"href":"https:\/\/www.fabioferro.eu\/de\/wp-json\/wp\/v2\/product_tag?post=108464"}],"curies":[{"name":"wp","href":"https:\/\/api.w.org\/{rel}","templated":true}]}}