{"id":108469,"date":"2023-04-11T17:21:57","date_gmt":"2023-04-11T15:21:57","guid":{"rendered":"https:\/\/www.fabioferro.eu\/giovanni-raspini-perlenkette-kleine-ohrringe.html"},"modified":"2025-03-11T18:33:08","modified_gmt":"2025-03-11T17:33:08","slug":"giovanni-raspini-perlenkette-kleine-ohrringe","status":"publish","type":"product","link":"https:\/\/www.fabioferro.eu\/de\/giovanni-raspini-perlenkette-kleine-ohrringe.html","title":{"rendered":"Giovanni Raspini Perlenkette Kleine Ohrringe"},"content":{"rendered":"<p>Ohrringe von Giovanni Raspini aus 925er Silber mit 100% italienischer Handwerkskunst.<\/p>\n<p>Das Gewicht pro St\u00fcck betr\u00e4gt 4 g, w\u00e4hrend der Durchmesser 2,5 cm betr\u00e4gt.<\/p>\n<p>Der Verschluss ist mit einem Schmetterlingssystem versehen.<\/p>\n<p>Ohrring komplett mit Verpackung und original Giovanni Raspini Garantie.<\/p>\n","protected":false},"excerpt":{"rendered":"<p>Dank seiner besonders kleinen Gr\u00f6\u00dfe umrahmt dieser Ohrring das weibliche Gesicht diskret und zart und tr\u00e4gt dazu bei, zwei interessante Lichtpunkte zu schaffen.<\/p>\n","protected":false},"featured_media":108493,"comment_status":"open","ping_status":"closed","template":"","meta":[],"product_brand":[155],"product_cat":[7570],"product_tag":[],"class_list":{"0":"post-108469","1":"product","2":"type-product","3":"status-publish","4":"has-post-thumbnail","6":"product_brand-raspini","7":"product_cat-giovanni-raspini-ohrringe","9":"first","10":"instock","11":"sale","12":"taxable","13":"shipping-taxable","14":"purchasable","15":"product-type-simple"},"exclude_global_add_ons":[],"addons":[],"df_price":148.5,"df_sale_price":148.5,"df_regular_price":165,"df_image_link":"https:\/\/cdn02.fabioferro.eu\/wp-content\/uploads\/orecchini-giovanni-raspini-cerchio-perlage-piccoli-10610.jpg","_links":{"self":[{"href":"https:\/\/www.fabioferro.eu\/de\/wp-json\/wp\/v2\/product\/108469","targetHints":{"allow":["GET"]}}],"collection":[{"href":"https:\/\/www.fabioferro.eu\/de\/wp-json\/wp\/v2\/product"}],"about":[{"href":"https:\/\/www.fabioferro.eu\/de\/wp-json\/wp\/v2\/types\/product"}],"replies":[{"embeddable":true,"href":"https:\/\/www.fabioferro.eu\/de\/wp-json\/wp\/v2\/comments?post=108469"}],"version-history":[{"count":0,"href":"https:\/\/www.fabioferro.eu\/de\/wp-json\/wp\/v2\/product\/108469\/revisions"}],"wp:featuredmedia":[{"embeddable":true,"href":"https:\/\/www.fabioferro.eu\/de\/wp-json\/wp\/v2\/media\/108493"}],"wp:attachment":[{"href":"https:\/\/www.fabioferro.eu\/de\/wp-json\/wp\/v2\/media?parent=108469"}],"wp:term":[{"taxonomy":"product_brand","embeddable":true,"href":"https:\/\/www.fabioferro.eu\/de\/wp-json\/wp\/v2\/product_brand?post=108469"},{"taxonomy":"product_cat","embeddable":true,"href":"https:\/\/www.fabioferro.eu\/de\/wp-json\/wp\/v2\/product_cat?post=108469"},{"taxonomy":"product_tag","embeddable":true,"href":"https:\/\/www.fabioferro.eu\/de\/wp-json\/wp\/v2\/product_tag?post=108469"}],"curies":[{"name":"wp","href":"https:\/\/api.w.org\/{rel}","templated":true}]}}