{"id":108471,"date":"2023-04-11T17:23:36","date_gmt":"2023-04-11T15:23:36","guid":{"rendered":"https:\/\/www.fabioferro.eu\/giovanni-raspini-gaensebluemchen-armband-2.html"},"modified":"2025-03-11T18:33:28","modified_gmt":"2025-03-11T17:33:28","slug":"giovanni-raspini-gaensebluemchen-armband-2","status":"publish","type":"product","link":"https:\/\/www.fabioferro.eu\/de\/giovanni-raspini-gaensebluemchen-armband-2.html","title":{"rendered":"Giovanni Raspini G\u00e4nsebl\u00fcmchen-Armband"},"content":{"rendered":"<p>Armband aus 925er Silber mit 100% italienischer Handwerkskunst.<\/p>\n<p>Dieses Armband hat eine L\u00e4nge von 19 cm.<\/p>\n<p>Der Verschluss ist mit einem Karabinerhaken-System mit verstellbaren Gliedern versehen.<\/p>\n<p>Wird mit Box und offizieller Giovanni Raspini-Garantie geliefert.<\/p>\n","protected":false},"excerpt":{"rendered":"<p>Diese aus br\u00fcniertem Silber gefertigte Kreation ist eine der repr\u00e4sentativsten aus dem Katalog von Giovanni Raspini. Ein Juwel von unbestrittener Eleganz, ikonisch und unglaublich repr\u00e4sentativ.<\/p>\n","protected":false},"featured_media":108488,"comment_status":"open","ping_status":"closed","template":"","meta":[],"product_brand":[155],"product_cat":[7569],"product_tag":[],"class_list":{"0":"post-108471","1":"product","2":"type-product","3":"status-publish","4":"has-post-thumbnail","6":"product_brand-raspini","7":"product_cat-armbander-giovanni-raspini","9":"first","10":"instock","11":"sale","12":"taxable","13":"shipping-taxable","14":"purchasable","15":"product-type-simple"},"exclude_global_add_ons":[],"addons":[],"df_price":364.5,"df_sale_price":364.5,"df_regular_price":405,"df_image_link":"https:\/\/cdn02.fabioferro.eu\/wp-content\/uploads\/bracciale-giovanni-raspini-margherite-snodato-7503.jpg","_links":{"self":[{"href":"https:\/\/www.fabioferro.eu\/de\/wp-json\/wp\/v2\/product\/108471","targetHints":{"allow":["GET"]}}],"collection":[{"href":"https:\/\/www.fabioferro.eu\/de\/wp-json\/wp\/v2\/product"}],"about":[{"href":"https:\/\/www.fabioferro.eu\/de\/wp-json\/wp\/v2\/types\/product"}],"replies":[{"embeddable":true,"href":"https:\/\/www.fabioferro.eu\/de\/wp-json\/wp\/v2\/comments?post=108471"}],"version-history":[{"count":0,"href":"https:\/\/www.fabioferro.eu\/de\/wp-json\/wp\/v2\/product\/108471\/revisions"}],"wp:featuredmedia":[{"embeddable":true,"href":"https:\/\/www.fabioferro.eu\/de\/wp-json\/wp\/v2\/media\/108488"}],"wp:attachment":[{"href":"https:\/\/www.fabioferro.eu\/de\/wp-json\/wp\/v2\/media?parent=108471"}],"wp:term":[{"taxonomy":"product_brand","embeddable":true,"href":"https:\/\/www.fabioferro.eu\/de\/wp-json\/wp\/v2\/product_brand?post=108471"},{"taxonomy":"product_cat","embeddable":true,"href":"https:\/\/www.fabioferro.eu\/de\/wp-json\/wp\/v2\/product_cat?post=108471"},{"taxonomy":"product_tag","embeddable":true,"href":"https:\/\/www.fabioferro.eu\/de\/wp-json\/wp\/v2\/product_tag?post=108471"}],"curies":[{"name":"wp","href":"https:\/\/api.w.org\/{rel}","templated":true}]}}