{"id":108533,"date":"2023-04-11T17:23:48","date_gmt":"2023-04-11T15:23:48","guid":{"rendered":"https:\/\/www.fabioferro.eu\/giovanni-raspini-gaensebluemchen-halskette-2.html"},"modified":"2025-03-11T18:33:27","modified_gmt":"2025-03-11T17:33:27","slug":"giovanni-raspini-gaensebluemchen-halskette-2","status":"publish","type":"product","link":"https:\/\/www.fabioferro.eu\/de\/giovanni-raspini-gaensebluemchen-halskette-2.html","title":{"rendered":"Giovanni Raspini G\u00e4nsebl\u00fcmchen-Halskette"},"content":{"rendered":"<p>Halskette aus 925er Silber, vollst\u00e4ndig in Italien handgefertigt, mit einem Blumenmotiv.<\/p>\n<p>Die L\u00e4nge von 47 cm ist verstellbar, so dass Sie die Art, wie Sie die Kette tragen, individuell anpassen k\u00f6nnen.<\/p>\n<p>Diese Halskette zeichnet sich durch einen Karabinerverschluss aus.<\/p>\n<p>wird von einer Verpackung und der offiziellen Garantie von Giovanni Raspini begleitet.<\/p>\n","protected":false},"excerpt":{"rendered":"<p>Diese Halskette aus der G\u00e4nsebl\u00fcmchen-Kollektion stellt auf zarte und elegante Weise die Leichtigkeit einer bl\u00fchenden Wiese dar. Die Handwerkskunst dieses Artefakts macht es einzigartig und gleichzeitig unglaublich elegant.<\/p>\n","protected":false},"featured_media":108498,"comment_status":"open","ping_status":"closed","template":"","meta":[],"product_brand":[155],"product_cat":[7568],"product_tag":[],"class_list":{"0":"post-108533","1":"product","2":"type-product","3":"status-publish","4":"has-post-thumbnail","6":"product_brand-raspini","7":"product_cat-giovanni-raspini-halsketten","9":"first","10":"instock","11":"sale","12":"taxable","13":"shipping-taxable","14":"purchasable","15":"product-type-simple"},"exclude_global_add_ons":[],"addons":[],"df_price":643.5,"df_sale_price":643.5,"df_regular_price":715,"df_image_link":"https:\/\/cdn02.fabioferro.eu\/wp-content\/uploads\/collana-giovanni-raspini-margherite-8824.jpg","_links":{"self":[{"href":"https:\/\/www.fabioferro.eu\/de\/wp-json\/wp\/v2\/product\/108533","targetHints":{"allow":["GET"]}}],"collection":[{"href":"https:\/\/www.fabioferro.eu\/de\/wp-json\/wp\/v2\/product"}],"about":[{"href":"https:\/\/www.fabioferro.eu\/de\/wp-json\/wp\/v2\/types\/product"}],"replies":[{"embeddable":true,"href":"https:\/\/www.fabioferro.eu\/de\/wp-json\/wp\/v2\/comments?post=108533"}],"version-history":[{"count":0,"href":"https:\/\/www.fabioferro.eu\/de\/wp-json\/wp\/v2\/product\/108533\/revisions"}],"wp:featuredmedia":[{"embeddable":true,"href":"https:\/\/www.fabioferro.eu\/de\/wp-json\/wp\/v2\/media\/108498"}],"wp:attachment":[{"href":"https:\/\/www.fabioferro.eu\/de\/wp-json\/wp\/v2\/media?parent=108533"}],"wp:term":[{"taxonomy":"product_brand","embeddable":true,"href":"https:\/\/www.fabioferro.eu\/de\/wp-json\/wp\/v2\/product_brand?post=108533"},{"taxonomy":"product_cat","embeddable":true,"href":"https:\/\/www.fabioferro.eu\/de\/wp-json\/wp\/v2\/product_cat?post=108533"},{"taxonomy":"product_tag","embeddable":true,"href":"https:\/\/www.fabioferro.eu\/de\/wp-json\/wp\/v2\/product_tag?post=108533"}],"curies":[{"name":"wp","href":"https:\/\/api.w.org\/{rel}","templated":true}]}}