{"id":108550,"date":"2023-04-11T17:23:17","date_gmt":"2023-04-11T15:23:17","guid":{"rendered":"https:\/\/www.fabioferro.eu\/fope-flex-it-vendome-collection-armband-aus-gelb-und-weissgold-mit-diamantpflaster.html"},"modified":"2026-01-09T16:27:13","modified_gmt":"2026-01-09T15:27:13","slug":"fope-flex-it-vendome-collection-armband-aus-gelb-und-weissgold-mit-diamantpflaster","status":"publish","type":"product","link":"https:\/\/www.fabioferro.eu\/de\/fope-flex-it-vendome-collection-armband-aus-gelb-und-weissgold-mit-diamantpflaster.html","title":{"rendered":"Fope Flex It Vendome Collection Armband aus Gelb- und Wei\u00dfgold mit Diamantpflaster"},"content":{"rendered":"<p>Meisterhandwerker aus Vicenza haben dieses Armband geschaffen und dabei nichts dem Zufall \u00fcberlassen: gl\u00e4nzendes Gelbgoldgewebe und gro\u00dfz\u00fcgiges Diamantpav\u00e9. Ein Traumarmband, das sehr leicht zu tragen ist.<\/p>\n<p>Handgefertigtes Armband der Kollektion Fope Vend\u00f4me aus 18 Karat Gelb- und Wei\u00dfgold, ausgefasst mit Diamanten.<\/p>\n<p>Der Charakter dieses Schmuckst\u00fccks wird durch das quadratische, mit Diamanten besetzte zentrale Element unterstrichen. Die Steine haben einen Brillantschliff und wiegen 0,41 Karat. Sie zeichnen sich durch eine G-Farbe und einen VS1-Reinheitsgrad aus. An der Seite befinden sich zwei Ringe mit dem Fope-Logo und anderen Produktionsstempeln.<\/p>\n<p>Schmuckst\u00fcck mit patentierter Flex&#8217;it-Technologie: Dutzende von winzigen Gelbgoldfedern machen das Armbandglied vollkommen elastisch.<br \/>\nDie Federn sind f\u00fcr das Auge unsichtbar, da sie entlang des Juwelenglieds versteckt sind. Jedes St\u00fcck wird 12.000 Mal gezogen, bevor es zum Verkauf angeboten wird. Auf diese Weise garantiert Fope seine Qualit\u00e4t und Haltbarkeit.<\/p>\n<p>Armband, handgefertigt in Vicenza. Qualit\u00e4t Made in Italy.<\/p>\n<p>Mit einem eleganten Etui und internationaler Fope-Garantie.<\/p>\n<p><img decoding=\"async\" class=\"alignnone size-full wp-image-205465\" src=\"http:\/\/cdn02.fabioferro.eu\/wp-content\/uploads\/tabelle-misure-bracciali.jpg\" alt=\"\" width=\"1900\" height=\"153\" title=\"\" srcset=\"https:\/\/cdn02.fabioferro.eu\/wp-content\/uploads\/tabelle-misure-bracciali.jpg 1900w, https:\/\/cdn02.fabioferro.eu\/wp-content\/uploads\/tabelle-misure-bracciali-768x62.jpg 768w, https:\/\/cdn02.fabioferro.eu\/wp-content\/uploads\/tabelle-misure-bracciali-1536x124.jpg 1536w, https:\/\/cdn02.fabioferro.eu\/wp-content\/uploads\/tabelle-misure-bracciali-990x80.jpg 990w, https:\/\/cdn02.fabioferro.eu\/wp-content\/uploads\/tabelle-misure-bracciali-441x36.jpg 441w, https:\/\/cdn02.fabioferro.eu\/wp-content\/uploads\/tabelle-misure-bracciali-600x48.jpg 600w, https:\/\/cdn02.fabioferro.eu\/wp-content\/uploads\/tabelle-misure-bracciali-150x12.jpg 150w\" sizes=\"(max-width: 1900px) 100vw, 1900px\" \/><\/p>\n","protected":false},"excerpt":{"rendered":"<p>Gl\u00e4nzendes Armband aus Gelb- und Wei\u00dfgold mit Pav\u00e9-Diamanten. Fope Schmuck garantiert Made in Italy.<\/p>\n","protected":false},"featured_media":108563,"comment_status":"open","ping_status":"closed","template":"","meta":[],"product_brand":[154],"product_cat":[6161],"product_tag":[],"class_list":{"0":"post-108550","1":"product","2":"type-product","3":"status-publish","4":"has-post-thumbnail","6":"product_brand-fope","7":"product_cat-fope-armbander","9":"first","10":"instock","11":"taxable","12":"shipping-taxable","13":"purchasable","14":"product-type-variable","15":"has-default-attributes"},"exclude_global_add_ons":[],"addons":[],"df_price":7650,"df_sale_price":"","df_regular_price":7650,"df_image_link":"https:\/\/cdn02.fabioferro.eu\/wp-content\/uploads\/virtuemart\/product\/bracciale_fope_collezione_vendome_in_oro_giallo_561B_PAVE_GB__1594827949_358.jpg","_links":{"self":[{"href":"https:\/\/www.fabioferro.eu\/de\/wp-json\/wp\/v2\/product\/108550","targetHints":{"allow":["GET"]}}],"collection":[{"href":"https:\/\/www.fabioferro.eu\/de\/wp-json\/wp\/v2\/product"}],"about":[{"href":"https:\/\/www.fabioferro.eu\/de\/wp-json\/wp\/v2\/types\/product"}],"replies":[{"embeddable":true,"href":"https:\/\/www.fabioferro.eu\/de\/wp-json\/wp\/v2\/comments?post=108550"}],"version-history":[{"count":1,"href":"https:\/\/www.fabioferro.eu\/de\/wp-json\/wp\/v2\/product\/108550\/revisions"}],"predecessor-version":[{"id":206618,"href":"https:\/\/www.fabioferro.eu\/de\/wp-json\/wp\/v2\/product\/108550\/revisions\/206618"}],"wp:featuredmedia":[{"embeddable":true,"href":"https:\/\/www.fabioferro.eu\/de\/wp-json\/wp\/v2\/media\/108563"}],"wp:attachment":[{"href":"https:\/\/www.fabioferro.eu\/de\/wp-json\/wp\/v2\/media?parent=108550"}],"wp:term":[{"taxonomy":"product_brand","embeddable":true,"href":"https:\/\/www.fabioferro.eu\/de\/wp-json\/wp\/v2\/product_brand?post=108550"},{"taxonomy":"product_cat","embeddable":true,"href":"https:\/\/www.fabioferro.eu\/de\/wp-json\/wp\/v2\/product_cat?post=108550"},{"taxonomy":"product_tag","embeddable":true,"href":"https:\/\/www.fabioferro.eu\/de\/wp-json\/wp\/v2\/product_tag?post=108550"}],"curies":[{"name":"wp","href":"https:\/\/api.w.org\/{rel}","templated":true}]}}