{"id":108572,"date":"2023-04-11T17:23:41","date_gmt":"2023-04-11T15:23:41","guid":{"rendered":"https:\/\/www.fabioferro.eu\/halskette-giovanni-raspini-jolie-gaensebluemchen.html"},"modified":"2025-03-11T18:33:25","modified_gmt":"2025-03-11T17:33:25","slug":"halskette-giovanni-raspini-jolie-gaensebluemchen","status":"publish","type":"product","link":"https:\/\/www.fabioferro.eu\/de\/halskette-giovanni-raspini-jolie-gaensebluemchen.html","title":{"rendered":"Halskette Giovanni Raspini Jolie G\u00e4nsebl\u00fcmchen"},"content":{"rendered":"<p>Halskette aus 925er Silber, vollst\u00e4ndig handgefertigt in Italien.<\/p>\n<p>Die Halskette ist 45 cm lang.<\/p>\n<p>Der Verschluss ist ein Karabiner.<\/p>\n<p>Mit Verpackung und offizieller Giovanni Raspini Garantie.<\/p>\n<p>&nbsp;<\/p>\n","protected":false},"excerpt":{"rendered":"<p>Dieses Collier aus der Kollektion Jolie zeichnet sich durch eine leichte und zarte Linie aus, die auf nat\u00fcrliche Weise eine Welt der Gelassenheit und Sch\u00f6nheit vermittelt. Auch die Verarbeitung best\u00e4tigt einmal mehr die unglaubliche Eleganz und Raffinesse der Kreationen von Giovanni Raspini<\/p>\n","protected":false},"featured_media":108501,"comment_status":"open","ping_status":"closed","template":"","meta":[],"product_brand":[155],"product_cat":[7568],"product_tag":[],"class_list":{"0":"post-108572","1":"product","2":"type-product","3":"status-publish","4":"has-post-thumbnail","6":"product_brand-raspini","7":"product_cat-giovanni-raspini-halsketten","9":"first","10":"instock","11":"sale","12":"taxable","13":"shipping-taxable","14":"purchasable","15":"product-type-simple"},"exclude_global_add_ons":[],"addons":[],"df_price":171,"df_sale_price":171,"df_regular_price":190,"df_image_link":"https:\/\/cdn02.fabioferro.eu\/wp-content\/uploads\/collana-giovanni-raspini-mini-margherite-11224.jpg","_links":{"self":[{"href":"https:\/\/www.fabioferro.eu\/de\/wp-json\/wp\/v2\/product\/108572","targetHints":{"allow":["GET"]}}],"collection":[{"href":"https:\/\/www.fabioferro.eu\/de\/wp-json\/wp\/v2\/product"}],"about":[{"href":"https:\/\/www.fabioferro.eu\/de\/wp-json\/wp\/v2\/types\/product"}],"replies":[{"embeddable":true,"href":"https:\/\/www.fabioferro.eu\/de\/wp-json\/wp\/v2\/comments?post=108572"}],"version-history":[{"count":0,"href":"https:\/\/www.fabioferro.eu\/de\/wp-json\/wp\/v2\/product\/108572\/revisions"}],"wp:featuredmedia":[{"embeddable":true,"href":"https:\/\/www.fabioferro.eu\/de\/wp-json\/wp\/v2\/media\/108501"}],"wp:attachment":[{"href":"https:\/\/www.fabioferro.eu\/de\/wp-json\/wp\/v2\/media?parent=108572"}],"wp:term":[{"taxonomy":"product_brand","embeddable":true,"href":"https:\/\/www.fabioferro.eu\/de\/wp-json\/wp\/v2\/product_brand?post=108572"},{"taxonomy":"product_cat","embeddable":true,"href":"https:\/\/www.fabioferro.eu\/de\/wp-json\/wp\/v2\/product_cat?post=108572"},{"taxonomy":"product_tag","embeddable":true,"href":"https:\/\/www.fabioferro.eu\/de\/wp-json\/wp\/v2\/product_tag?post=108572"}],"curies":[{"name":"wp","href":"https:\/\/api.w.org\/{rel}","templated":true}]}}