{"id":108578,"date":"2023-04-11T17:22:15","date_gmt":"2023-04-11T15:22:15","guid":{"rendered":"https:\/\/www.fabioferro.eu\/giovanni-raspini-piccola-mini-maui-halskette.html"},"modified":"2025-03-11T18:33:10","modified_gmt":"2025-03-11T17:33:10","slug":"giovanni-raspini-piccola-mini-maui-halskette","status":"publish","type":"product","link":"https:\/\/www.fabioferro.eu\/de\/giovanni-raspini-piccola-mini-maui-halskette.html","title":{"rendered":"Giovanni Raspini Piccola Mini Maui Halskette"},"content":{"rendered":"<p>Giovanni Raspini Halskette aus 925er Silber mit 100% italienischer Handwerkskunst.<\/p>\n<p>Die L\u00e4nge der Halskette betr\u00e4gt 42 cm mit einer Verstellfunktion.<\/p>\n<p>Sie hat au\u00dferdem einen Karabinerverschluss.<\/p>\n<p>Komplett mit Box und original Giovanni Raspini Garantie.<\/p>\n","protected":false},"excerpt":{"rendered":"<p>Die Entstehung dieses Colliers ist auf die sorgf\u00e4ltige Auswahl von Materialien wie br\u00fcniertem Silber und Perlmutt zur\u00fcckzuf\u00fchren. Diese sind in der Lage, interessante Reflexe zu erzeugen, die im Kontrast zueinander den Hals einer raffinierten Frau versch\u00f6nern.<\/p>\n","protected":false},"featured_media":108499,"comment_status":"open","ping_status":"closed","template":"","meta":[],"product_brand":[155],"product_cat":[7568],"product_tag":[],"class_list":{"0":"post-108578","1":"product","2":"type-product","3":"status-publish","4":"has-post-thumbnail","6":"product_brand-raspini","7":"product_cat-giovanni-raspini-halsketten","9":"first","10":"instock","11":"sale","12":"taxable","13":"shipping-taxable","14":"purchasable","15":"product-type-simple"},"exclude_global_add_ons":[],"addons":[],"df_price":585,"df_sale_price":585,"df_regular_price":650,"df_image_link":"https:\/\/cdn02.fabioferro.eu\/wp-content\/uploads\/collana-giovanni-raspini-maui-grande-10680.jpg","_links":{"self":[{"href":"https:\/\/www.fabioferro.eu\/de\/wp-json\/wp\/v2\/product\/108578","targetHints":{"allow":["GET"]}}],"collection":[{"href":"https:\/\/www.fabioferro.eu\/de\/wp-json\/wp\/v2\/product"}],"about":[{"href":"https:\/\/www.fabioferro.eu\/de\/wp-json\/wp\/v2\/types\/product"}],"replies":[{"embeddable":true,"href":"https:\/\/www.fabioferro.eu\/de\/wp-json\/wp\/v2\/comments?post=108578"}],"version-history":[{"count":0,"href":"https:\/\/www.fabioferro.eu\/de\/wp-json\/wp\/v2\/product\/108578\/revisions"}],"wp:featuredmedia":[{"embeddable":true,"href":"https:\/\/www.fabioferro.eu\/de\/wp-json\/wp\/v2\/media\/108499"}],"wp:attachment":[{"href":"https:\/\/www.fabioferro.eu\/de\/wp-json\/wp\/v2\/media?parent=108578"}],"wp:term":[{"taxonomy":"product_brand","embeddable":true,"href":"https:\/\/www.fabioferro.eu\/de\/wp-json\/wp\/v2\/product_brand?post=108578"},{"taxonomy":"product_cat","embeddable":true,"href":"https:\/\/www.fabioferro.eu\/de\/wp-json\/wp\/v2\/product_cat?post=108578"},{"taxonomy":"product_tag","embeddable":true,"href":"https:\/\/www.fabioferro.eu\/de\/wp-json\/wp\/v2\/product_tag?post=108578"}],"curies":[{"name":"wp","href":"https:\/\/api.w.org\/{rel}","templated":true}]}}