{"id":108641,"date":"2024-02-10T16:20:58","date_gmt":"2024-02-10T15:20:58","guid":{"rendered":"https:\/\/www.fabioferro.eu\/.html?post_type=product&#038;p=108641"},"modified":"2024-10-30T09:46:09","modified_gmt":"2024-10-30T08:46:09","slug":"madi-laguna-bubble-solitaire-ring-mit-gruenem-hydrothermalquarz","status":"publish","type":"product","link":"https:\/\/www.fabioferro.eu\/de\/madi-laguna-bubble-solitaire-ring-mit-gruenem-hydrothermalquarz.html","title":{"rendered":"Madi Laguna Bubble Solitaire Ring mit gr\u00fcnem Hydrothermalquarz"},"content":{"rendered":"<p>Solit\u00e4rring aus 925er Silber in einem Ros\u00e9goldbad. Einzigartiger gr\u00fcner \u00f6kologischer hydrothermaler Quarz. Mit Sorgfalt von italienischen Handwerkern hergestellt, Made in Italy. Wird von einer 2-Jahres-Garantie, einer offiziellen Mad\u00ec-Box und einer Einkaufstasche begleitet.<\/p>\n","protected":false},"excerpt":{"rendered":"<p>Pr\u00e4chtig, strahlend und besonders gr\u00fcn. Ein bescheidener Ring mit viel Charme.<\/p>\n","protected":false},"featured_media":108642,"comment_status":"open","ping_status":"closed","template":"","meta":[],"product_brand":[],"product_cat":[7595],"product_tag":[],"class_list":{"0":"post-108641","1":"product","2":"type-product","3":"status-publish","4":"has-post-thumbnail","6":"product_cat-madi-ringe-de","8":"first","9":"instock","10":"sale","11":"taxable","12":"shipping-taxable","13":"purchasable","14":"product-type-variable","15":"has-default-attributes"},"exclude_global_add_ons":[],"addons":[],"df_price":112.5,"df_sale_price":"","df_regular_price":112.5,"df_image_link":"https:\/\/cdn02.fabioferro.eu\/wp-content\/uploads\/Anello-Madi-Laguna-Bubble-Solitario-con-Quarzo-Idrotermale-Verde.jpg","_links":{"self":[{"href":"https:\/\/www.fabioferro.eu\/de\/wp-json\/wp\/v2\/product\/108641","targetHints":{"allow":["GET"]}}],"collection":[{"href":"https:\/\/www.fabioferro.eu\/de\/wp-json\/wp\/v2\/product"}],"about":[{"href":"https:\/\/www.fabioferro.eu\/de\/wp-json\/wp\/v2\/types\/product"}],"replies":[{"embeddable":true,"href":"https:\/\/www.fabioferro.eu\/de\/wp-json\/wp\/v2\/comments?post=108641"}],"version-history":[{"count":0,"href":"https:\/\/www.fabioferro.eu\/de\/wp-json\/wp\/v2\/product\/108641\/revisions"}],"wp:featuredmedia":[{"embeddable":true,"href":"https:\/\/www.fabioferro.eu\/de\/wp-json\/wp\/v2\/media\/108642"}],"wp:attachment":[{"href":"https:\/\/www.fabioferro.eu\/de\/wp-json\/wp\/v2\/media?parent=108641"}],"wp:term":[{"taxonomy":"product_brand","embeddable":true,"href":"https:\/\/www.fabioferro.eu\/de\/wp-json\/wp\/v2\/product_brand?post=108641"},{"taxonomy":"product_cat","embeddable":true,"href":"https:\/\/www.fabioferro.eu\/de\/wp-json\/wp\/v2\/product_cat?post=108641"},{"taxonomy":"product_tag","embeddable":true,"href":"https:\/\/www.fabioferro.eu\/de\/wp-json\/wp\/v2\/product_tag?post=108641"}],"curies":[{"name":"wp","href":"https:\/\/api.w.org\/{rel}","templated":true}]}}