{"id":108678,"date":"2023-11-09T15:10:07","date_gmt":"2023-11-09T14:10:07","guid":{"rendered":"https:\/\/www.fabioferro.eu\/.html?post_type=product&#038;p=108678"},"modified":"2024-03-26T09:44:04","modified_gmt":"2024-03-26T08:44:04","slug":"rue-des-mille-gelbe-herz-halskette","status":"publish","type":"product","link":"https:\/\/www.fabioferro.eu\/de\/rue-des-mille-gelbe-herz-halskette.html","title":{"rendered":"Rue des Mille Gelbe Herz-Halskette"},"content":{"rendered":"<div id=\"cgkit-tab-description\" class=\"woocommerce-Tabs-panel commercekit-Tabs-panel--description panel entry-content\">\n<p>Halskette aus 925\/1000 Sterlingsilber, 18 Karat vergoldet, mit einem einzigartigen herzf\u00f6rmigen Motiv und kleinen Kugeln am Ring.<\/p>\n<p>L\u00e4nge 80 cm, Gr\u00f6\u00dfe des Anh\u00e4ngers 4 cm.<\/p>\n<p>Hergestellt in Italien.<\/p>\n<p>Mit Original-Garantie und -Verpackung der Rue des Mille.<\/p>\n<\/div>\n<p><span data-sheets-root=\"1\" data-sheets-value=\"{\"1\":2,\"2\":\"CL-GB 01 CUO AU\"}\" data-sheets-userformat=\"{\"2\":6657,\"3\":{\"1\":0},\"12\":0,\"14\":{\"1\":2,\"2\":2236962},\"15\":\"Arial, Helvetica, sans-serif\"}\"> <\/span><\/p>\n","protected":false},"excerpt":{"rendered":"<p>Schlichte Halskette von sanfter Eleganz.<\/p>\n","protected":false},"featured_media":108681,"comment_status":"open","ping_status":"closed","template":"","meta":[],"product_brand":[205],"product_cat":[6204],"product_tag":[],"class_list":{"0":"post-108678","1":"product","2":"type-product","3":"status-publish","4":"has-post-thumbnail","6":"product_brand-rue-des-mille","7":"product_cat-rue-des-mille-halsketten","9":"first","10":"outofstock","11":"sale","12":"purchasable","13":"product-type-simple"},"exclude_global_add_ons":[],"addons":[],"df_price":117,"df_sale_price":117,"df_regular_price":195,"df_image_link":"https:\/\/cdn02.fabioferro.eu\/wp-content\/uploads\/girocollo-rue-des-mille-soggetto-cuore-giallo-cl-gb-01-cuo-au.webp","_links":{"self":[{"href":"https:\/\/www.fabioferro.eu\/de\/wp-json\/wp\/v2\/product\/108678","targetHints":{"allow":["GET"]}}],"collection":[{"href":"https:\/\/www.fabioferro.eu\/de\/wp-json\/wp\/v2\/product"}],"about":[{"href":"https:\/\/www.fabioferro.eu\/de\/wp-json\/wp\/v2\/types\/product"}],"replies":[{"embeddable":true,"href":"https:\/\/www.fabioferro.eu\/de\/wp-json\/wp\/v2\/comments?post=108678"}],"version-history":[{"count":0,"href":"https:\/\/www.fabioferro.eu\/de\/wp-json\/wp\/v2\/product\/108678\/revisions"}],"wp:featuredmedia":[{"embeddable":true,"href":"https:\/\/www.fabioferro.eu\/de\/wp-json\/wp\/v2\/media\/108681"}],"wp:attachment":[{"href":"https:\/\/www.fabioferro.eu\/de\/wp-json\/wp\/v2\/media?parent=108678"}],"wp:term":[{"taxonomy":"product_brand","embeddable":true,"href":"https:\/\/www.fabioferro.eu\/de\/wp-json\/wp\/v2\/product_brand?post=108678"},{"taxonomy":"product_cat","embeddable":true,"href":"https:\/\/www.fabioferro.eu\/de\/wp-json\/wp\/v2\/product_cat?post=108678"},{"taxonomy":"product_tag","embeddable":true,"href":"https:\/\/www.fabioferro.eu\/de\/wp-json\/wp\/v2\/product_tag?post=108678"}],"curies":[{"name":"wp","href":"https:\/\/api.w.org\/{rel}","templated":true}]}}