{"id":108743,"date":"2023-11-09T15:08:32","date_gmt":"2023-11-09T14:08:32","guid":{"rendered":"https:\/\/www.fabioferro.eu\/.html?post_type=product&#038;p=108743"},"modified":"2024-02-29T16:16:09","modified_gmt":"2024-02-29T15:16:09","slug":"ohrringe-rue-des-mille-lobo-zirkone-gruen","status":"publish","type":"product","link":"https:\/\/www.fabioferro.eu\/de\/ohrringe-rue-des-mille-lobo-zirkone-gruen.html","title":{"rendered":"Ohrringe Rue des Mille Lobo Zirkone Gr\u00fcn"},"content":{"rendered":"<p>Ohrringe aus 925\/1000 Sterlingsilber, 18 Karat vergoldet, in Form eines vierbl\u00e4ttrigen Klees.<\/p>\n<p>Das Innere der vierbl\u00e4ttrigen Kleebl\u00e4tter besteht aus gr\u00fcnem Zirkonia.<\/p>\n<p>Hergestellt in Italien.<\/p>\n<p>Komplett mit Originalverpackung und Garantie der Rue des Mille.<\/p>\n","protected":false},"excerpt":{"rendered":"<p>Ein Paar gl\u00e4nzende gr\u00fcne Ohrringe in Form eines Klees.<\/p>\n","protected":false},"featured_media":108740,"comment_status":"open","ping_status":"closed","template":"","meta":[],"product_brand":[205],"product_cat":[6205],"product_tag":[],"class_list":{"0":"post-108743","1":"product","2":"type-product","3":"status-publish","4":"has-post-thumbnail","6":"product_brand-rue-des-mille","7":"product_cat-ohrringe-rue-des-mille","9":"first","10":"outofstock","11":"sale","12":"purchasable","13":"product-type-simple"},"exclude_global_add_ons":[],"addons":[],"df_price":45,"df_sale_price":45,"df_regular_price":75,"df_image_link":"https:\/\/cdn02.fabioferro.eu\/wp-content\/uploads\/orecchini-rue-des-mille-ORZ-LOBO-QUADR.jpg","_links":{"self":[{"href":"https:\/\/www.fabioferro.eu\/de\/wp-json\/wp\/v2\/product\/108743","targetHints":{"allow":["GET"]}}],"collection":[{"href":"https:\/\/www.fabioferro.eu\/de\/wp-json\/wp\/v2\/product"}],"about":[{"href":"https:\/\/www.fabioferro.eu\/de\/wp-json\/wp\/v2\/types\/product"}],"replies":[{"embeddable":true,"href":"https:\/\/www.fabioferro.eu\/de\/wp-json\/wp\/v2\/comments?post=108743"}],"version-history":[{"count":0,"href":"https:\/\/www.fabioferro.eu\/de\/wp-json\/wp\/v2\/product\/108743\/revisions"}],"wp:featuredmedia":[{"embeddable":true,"href":"https:\/\/www.fabioferro.eu\/de\/wp-json\/wp\/v2\/media\/108740"}],"wp:attachment":[{"href":"https:\/\/www.fabioferro.eu\/de\/wp-json\/wp\/v2\/media?parent=108743"}],"wp:term":[{"taxonomy":"product_brand","embeddable":true,"href":"https:\/\/www.fabioferro.eu\/de\/wp-json\/wp\/v2\/product_brand?post=108743"},{"taxonomy":"product_cat","embeddable":true,"href":"https:\/\/www.fabioferro.eu\/de\/wp-json\/wp\/v2\/product_cat?post=108743"},{"taxonomy":"product_tag","embeddable":true,"href":"https:\/\/www.fabioferro.eu\/de\/wp-json\/wp\/v2\/product_tag?post=108743"}],"curies":[{"name":"wp","href":"https:\/\/api.w.org\/{rel}","templated":true}]}}