{"id":108799,"date":"2023-11-09T15:08:32","date_gmt":"2023-11-09T14:08:32","guid":{"rendered":"https:\/\/www.fabioferro.eu\/.html?post_type=product&#038;p=108799"},"modified":"2024-02-29T16:17:05","modified_gmt":"2024-02-29T15:17:05","slug":"rue-des-mille-tierra-schwarzes-kettenhalsband","status":"publish","type":"product","link":"https:\/\/www.fabioferro.eu\/de\/rue-des-mille-tierra-schwarzes-kettenhalsband.html","title":{"rendered":"Rue des Mille Tierra Schwarzes Kettenhalsband"},"content":{"rendered":"<p>Halskette mit schwarzen Steinen und vergoldeten Anh\u00e4ngern mit verschiedenen Gravuren.<\/p>\n<p>L\u00e4nge 98 cm mit einer m\u00f6glichen Verl\u00e4ngerung von 4 cm.<\/p>\n<p>Hergestellt in Italien.<\/p>\n<p>Mit einer offiziellen Garantie der Rue des Mille und einer Verpackung.<\/p>\n","protected":false},"excerpt":{"rendered":"<p>Elegante und raffinierte Halskette.<\/p>\n","protected":false},"featured_media":108802,"comment_status":"open","ping_status":"closed","template":"","meta":[],"product_brand":[205],"product_cat":[6204],"product_tag":[7442],"class_list":{"0":"post-108799","1":"product","2":"type-product","3":"status-publish","4":"has-post-thumbnail","6":"product_brand-rue-des-mille","7":"product_cat-rue-des-mille-halsketten","8":"product_tag-verfugbar","10":"first","11":"instock","12":"sale","13":"purchasable","14":"product-type-simple"},"exclude_global_add_ons":[],"addons":[],"df_price":144,"df_sale_price":144,"df_regular_price":240,"df_image_link":"https:\/\/cdn02.fabioferro.eu\/wp-content\/uploads\/girocollo-rue-des-mille-tierra-black-incatenato-cl-gip-1-v4-n.webp","_links":{"self":[{"href":"https:\/\/www.fabioferro.eu\/de\/wp-json\/wp\/v2\/product\/108799","targetHints":{"allow":["GET"]}}],"collection":[{"href":"https:\/\/www.fabioferro.eu\/de\/wp-json\/wp\/v2\/product"}],"about":[{"href":"https:\/\/www.fabioferro.eu\/de\/wp-json\/wp\/v2\/types\/product"}],"replies":[{"embeddable":true,"href":"https:\/\/www.fabioferro.eu\/de\/wp-json\/wp\/v2\/comments?post=108799"}],"version-history":[{"count":0,"href":"https:\/\/www.fabioferro.eu\/de\/wp-json\/wp\/v2\/product\/108799\/revisions"}],"wp:featuredmedia":[{"embeddable":true,"href":"https:\/\/www.fabioferro.eu\/de\/wp-json\/wp\/v2\/media\/108802"}],"wp:attachment":[{"href":"https:\/\/www.fabioferro.eu\/de\/wp-json\/wp\/v2\/media?parent=108799"}],"wp:term":[{"taxonomy":"product_brand","embeddable":true,"href":"https:\/\/www.fabioferro.eu\/de\/wp-json\/wp\/v2\/product_brand?post=108799"},{"taxonomy":"product_cat","embeddable":true,"href":"https:\/\/www.fabioferro.eu\/de\/wp-json\/wp\/v2\/product_cat?post=108799"},{"taxonomy":"product_tag","embeddable":true,"href":"https:\/\/www.fabioferro.eu\/de\/wp-json\/wp\/v2\/product_tag?post=108799"}],"curies":[{"name":"wp","href":"https:\/\/api.w.org\/{rel}","templated":true}]}}