{"id":108826,"date":"2023-11-09T15:07:41","date_gmt":"2023-11-09T14:07:41","guid":{"rendered":"https:\/\/www.fabioferro.eu\/.html?post_type=product&#038;p=108826"},"modified":"2024-02-23T08:27:51","modified_gmt":"2024-02-23T07:27:51","slug":"rue-des-mille-tropfen-ohrringe-mit-spirale-weissen-zirkonen-und-weisser-galvanisierung","status":"publish","type":"product","link":"https:\/\/www.fabioferro.eu\/de\/rue-des-mille-tropfen-ohrringe-mit-spirale-weissen-zirkonen-und-weisser-galvanisierung.html","title":{"rendered":"Rue des Mille Tropfen-Ohrringe mit Spirale, wei\u00dfen Zirkonen und wei\u00dfer Galvanisierung"},"content":{"rendered":"<p>Ohrringe mit wei\u00dfen Zirkonia und gelber Galvanisierung in Form einer Spirale mit abstehenden Spitzen.<\/p>\n<p>4 cm Durchmesser<\/p>\n<p>Hergestellt in Italien.<\/p>\n<p>Mit offizieller Rue des Mille-Box und Garantie.<\/p>\n","protected":false},"excerpt":{"rendered":"<p>Spiralf\u00f6rmige Ohrringe mit wei\u00dfen Zirkonia und gelber Galvanisierung.<\/p>\n","protected":false},"featured_media":108828,"comment_status":"open","ping_status":"closed","template":"","meta":[],"product_brand":[205],"product_cat":[6205],"product_tag":[],"class_list":{"0":"post-108826","1":"product","2":"type-product","3":"status-publish","4":"has-post-thumbnail","6":"product_brand-rue-des-mille","7":"product_cat-ohrringe-rue-des-mille","9":"first","10":"outofstock","11":"sale","12":"purchasable","13":"product-type-simple"},"exclude_global_add_ons":[],"addons":[],"df_price":117,"df_sale_price":117,"df_regular_price":195,"df_image_link":"https:\/\/cdn02.fabioferro.eu\/wp-content\/uploads\/orecchini-rue-des-mille-drop-spirale-zirconi-bianchi-e-galvanica-bianca-orz-014-m5-au.webp","_links":{"self":[{"href":"https:\/\/www.fabioferro.eu\/de\/wp-json\/wp\/v2\/product\/108826","targetHints":{"allow":["GET"]}}],"collection":[{"href":"https:\/\/www.fabioferro.eu\/de\/wp-json\/wp\/v2\/product"}],"about":[{"href":"https:\/\/www.fabioferro.eu\/de\/wp-json\/wp\/v2\/types\/product"}],"replies":[{"embeddable":true,"href":"https:\/\/www.fabioferro.eu\/de\/wp-json\/wp\/v2\/comments?post=108826"}],"version-history":[{"count":0,"href":"https:\/\/www.fabioferro.eu\/de\/wp-json\/wp\/v2\/product\/108826\/revisions"}],"wp:featuredmedia":[{"embeddable":true,"href":"https:\/\/www.fabioferro.eu\/de\/wp-json\/wp\/v2\/media\/108828"}],"wp:attachment":[{"href":"https:\/\/www.fabioferro.eu\/de\/wp-json\/wp\/v2\/media?parent=108826"}],"wp:term":[{"taxonomy":"product_brand","embeddable":true,"href":"https:\/\/www.fabioferro.eu\/de\/wp-json\/wp\/v2\/product_brand?post=108826"},{"taxonomy":"product_cat","embeddable":true,"href":"https:\/\/www.fabioferro.eu\/de\/wp-json\/wp\/v2\/product_cat?post=108826"},{"taxonomy":"product_tag","embeddable":true,"href":"https:\/\/www.fabioferro.eu\/de\/wp-json\/wp\/v2\/product_tag?post=108826"}],"curies":[{"name":"wp","href":"https:\/\/api.w.org\/{rel}","templated":true}]}}