{"id":108827,"date":"2023-11-09T15:07:41","date_gmt":"2023-11-09T14:07:41","guid":{"rendered":"https:\/\/www.fabioferro.eu\/.html?post_type=product&#038;p=108827"},"modified":"2024-02-23T08:27:08","modified_gmt":"2024-02-23T07:27:08","slug":"rue-des-mille-symmetrische-ohrringe-double-drops-zirkone-rosa-galvanisch-gelb","status":"publish","type":"product","link":"https:\/\/www.fabioferro.eu\/de\/rue-des-mille-symmetrische-ohrringe-double-drops-zirkone-rosa-galvanisch-gelb.html","title":{"rendered":"Rue des Mille symmetrische Ohrringe Double Drops Zirkone Rosa Galvanisch Gelb"},"content":{"rendered":"<p>Gelb galvanisierte Ohrringe in Tropfenform mit rosa Zirkonia.<\/p>\n<p>H\u00f6he des gro\u00dfen Tropfens 1,5 cm, Breite des gro\u00dfen Tropfens 1 cm; Gesamtbreite 2,5 cm, L\u00e4nge des kleinen Tropfens 0,8 cm.<\/p>\n<p>Hergestellt in Italien.<\/p>\n<p>Mit offizieller Rue des Mille-Box und Garantie.<\/p>\n","protected":false},"excerpt":{"rendered":"<p>Ohrringe mit verf\u00fchrerischer Eleganz und einfachen, aber interessanten Formen. Expressversand in ganz Italien zum besten Online-Preis!<\/p>\n","protected":false},"featured_media":108830,"comment_status":"open","ping_status":"closed","template":"","meta":[],"product_brand":[205],"product_cat":[6205],"product_tag":[],"class_list":{"0":"post-108827","1":"product","2":"type-product","3":"status-publish","4":"has-post-thumbnail","6":"product_brand-rue-des-mille","7":"product_cat-ohrringe-rue-des-mille","9":"first","10":"outofstock","11":"sale","12":"purchasable","13":"product-type-simple"},"exclude_global_add_ons":[],"addons":[],"df_price":54,"df_sale_price":54,"df_regular_price":90,"df_image_link":"https:\/\/cdn02.fabioferro.eu\/wp-content\/uploads\/orecchini-rue-des-mille-simmetrici-double-drops-zirconi-rosa-galvanica-gialla-orz-014-m2-au.webp","_links":{"self":[{"href":"https:\/\/www.fabioferro.eu\/de\/wp-json\/wp\/v2\/product\/108827","targetHints":{"allow":["GET"]}}],"collection":[{"href":"https:\/\/www.fabioferro.eu\/de\/wp-json\/wp\/v2\/product"}],"about":[{"href":"https:\/\/www.fabioferro.eu\/de\/wp-json\/wp\/v2\/types\/product"}],"replies":[{"embeddable":true,"href":"https:\/\/www.fabioferro.eu\/de\/wp-json\/wp\/v2\/comments?post=108827"}],"version-history":[{"count":0,"href":"https:\/\/www.fabioferro.eu\/de\/wp-json\/wp\/v2\/product\/108827\/revisions"}],"wp:featuredmedia":[{"embeddable":true,"href":"https:\/\/www.fabioferro.eu\/de\/wp-json\/wp\/v2\/media\/108830"}],"wp:attachment":[{"href":"https:\/\/www.fabioferro.eu\/de\/wp-json\/wp\/v2\/media?parent=108827"}],"wp:term":[{"taxonomy":"product_brand","embeddable":true,"href":"https:\/\/www.fabioferro.eu\/de\/wp-json\/wp\/v2\/product_brand?post=108827"},{"taxonomy":"product_cat","embeddable":true,"href":"https:\/\/www.fabioferro.eu\/de\/wp-json\/wp\/v2\/product_cat?post=108827"},{"taxonomy":"product_tag","embeddable":true,"href":"https:\/\/www.fabioferro.eu\/de\/wp-json\/wp\/v2\/product_tag?post=108827"}],"curies":[{"name":"wp","href":"https:\/\/api.w.org\/{rel}","templated":true}]}}