{"id":108829,"date":"2024-04-05T12:01:31","date_gmt":"2024-04-05T10:01:31","guid":{"rendered":"https:\/\/www.fabioferro.eu\/.html?post_type=product&#038;p=108829"},"modified":"2025-03-11T18:06:40","modified_gmt":"2025-03-11T17:06:40","slug":"fabio-ferro-regenbogen-tennisarmband-aus-rosegold-mit-5-karat-saphir-schatten","status":"publish","type":"product","link":"https:\/\/www.fabioferro.eu\/de\/fabio-ferro-regenbogen-tennisarmband-aus-rosegold-mit-5-karat-saphir-schatten.html","title":{"rendered":"Fabio Ferro Regenbogen-Tennisarmband aus Ros\u00e9gold mit 5 Karat Saphir-Schatten"},"content":{"rendered":"<p>In unserer Goldschmiedewerkstatt handgefertigtes Armband, vollst\u00e4ndig aus 18 Karat Ros\u00e9gold.<\/p>\n<p>Die gefassten Edelsteine sind &#8216;pastellfarbene&#8217; Saphire in verschiedenen Farben von insgesamt etwa 5,20 Karat.<\/p>\n<p>Alle Steine sind nat\u00fcrlichen Ursprungs und wurden in keiner Weise behandelt\/ver\u00e4ndert.<\/p>\n<p>Der handgefertigte Rahmen verf\u00fcgt \u00fcber einen zentralen Drehpunkt zwischen L\u00fcnette und Ring, der jegliche Unannehmlichkeiten f\u00fcr die Haut ausschlie\u00dft.<\/p>\n<p>Jeder Stein ist zwischen vier Zacken fachm\u00e4nnisch von Hand gefasst. Das Armband wird vollst\u00e4ndig in Italien hergestellt.<\/p>\n<p>Bequemer verdeckter Bajonettverschluss und doppelte Sicherung an den Seiten. Er kann auch unabh\u00e4ngig davon getragen werden.<\/p>\n<p>Die L\u00e4nge betr\u00e4gt 18 cm und kann auf Anfrage angepasst werden.<\/p>\n<p>Bitte verlassen Sie sich auf die Beschreibung f\u00fcr die tats\u00e4chlichen Eigenschaften des Juwels, das Foto ist nur zu Demonstrationszwecken.<\/p>\n<p>Begleitet von einem eleganten Etui und einer 2-Jahres-Qualit\u00e4tsgarantie, unterzeichnet von Fabio Ferro I Gioielli.<\/p>\n","protected":false},"excerpt":{"rendered":"<p>Das Armband mit den sch\u00f6nsten Farben, die es gibt, in Form von Edelsteinen.<\/p>\n","protected":false},"featured_media":108832,"comment_status":"open","ping_status":"closed","template":"","meta":[],"product_brand":[152],"product_cat":[5933],"product_tag":[],"class_list":{"0":"post-108829","1":"product","2":"type-product","3":"status-publish","4":"has-post-thumbnail","6":"product_brand-fabio-ferro-i-gioielli","7":"product_cat-tennis-armbander","9":"first","10":"instock","11":"sale","12":"taxable","13":"shipping-taxable","14":"purchasable","15":"product-type-simple"},"exclude_global_add_ons":[],"addons":[],"df_price":4880,"df_sale_price":4880,"df_regular_price":6100,"df_image_link":"https:\/\/cdn02.fabioferro.eu\/wp-content\/uploads\/bracciale-tennis-fabio-ferro-rainbow-con-diamanti-brown-e-oro-rosa-ff1264.jpg","_links":{"self":[{"href":"https:\/\/www.fabioferro.eu\/de\/wp-json\/wp\/v2\/product\/108829","targetHints":{"allow":["GET"]}}],"collection":[{"href":"https:\/\/www.fabioferro.eu\/de\/wp-json\/wp\/v2\/product"}],"about":[{"href":"https:\/\/www.fabioferro.eu\/de\/wp-json\/wp\/v2\/types\/product"}],"replies":[{"embeddable":true,"href":"https:\/\/www.fabioferro.eu\/de\/wp-json\/wp\/v2\/comments?post=108829"}],"version-history":[{"count":0,"href":"https:\/\/www.fabioferro.eu\/de\/wp-json\/wp\/v2\/product\/108829\/revisions"}],"wp:featuredmedia":[{"embeddable":true,"href":"https:\/\/www.fabioferro.eu\/de\/wp-json\/wp\/v2\/media\/108832"}],"wp:attachment":[{"href":"https:\/\/www.fabioferro.eu\/de\/wp-json\/wp\/v2\/media?parent=108829"}],"wp:term":[{"taxonomy":"product_brand","embeddable":true,"href":"https:\/\/www.fabioferro.eu\/de\/wp-json\/wp\/v2\/product_brand?post=108829"},{"taxonomy":"product_cat","embeddable":true,"href":"https:\/\/www.fabioferro.eu\/de\/wp-json\/wp\/v2\/product_cat?post=108829"},{"taxonomy":"product_tag","embeddable":true,"href":"https:\/\/www.fabioferro.eu\/de\/wp-json\/wp\/v2\/product_tag?post=108829"}],"curies":[{"name":"wp","href":"https:\/\/api.w.org\/{rel}","templated":true}]}}