{"id":108850,"date":"2024-09-18T16:08:17","date_gmt":"2024-09-18T14:08:17","guid":{"rendered":"https:\/\/www.fabioferro.eu\/.html?post_type=product&#038;p=108850"},"modified":"2025-09-24T16:46:54","modified_gmt":"2025-09-24T14:46:54","slug":"fabio-ferro-tennisarmband-weissgold-knopfmodell-mit-schwarzen-diamanten","status":"publish","type":"product","link":"https:\/\/www.fabioferro.eu\/de\/fabio-ferro-tennisarmband-weissgold-knopfmodell-mit-schwarzen-diamanten.html","title":{"rendered":"Fabio Ferro Tennisarmband Wei\u00dfgold Knopfmodell mit schwarzen Diamanten"},"content":{"rendered":"<p>Armband aus 18 Karat Wei\u00dfgold, hergestellt in unserer Goldschmiedewerkstatt.<\/p>\n<p>Sie sind mit 2,09 Karat schwarzen Diamanten und 0,02 Karat wei\u00dfen Diamanten als Abschluss besetzt. Farbe F und Reinheit VS1.<\/p>\n<p>Die L\u00e4nge betr\u00e4gt 17 cm und kann individuell angepasst werden.<\/p>\n<p>Bajonettverschluss mit doppeltem Sicherheitsverschluss, bequem und praktisch zu tragen.<\/p>\n<p>Der handgefertigte Rahmen verf\u00fcgt \u00fcber einen zentralen Drehpunkt zwischen L\u00fcnette und Ring, der jegliche Unannehmlichkeiten f\u00fcr die Haut ausschlie\u00dft.<\/p>\n<p>Jeder Diamant ist zwischen vier br\u00fcnierten Greifen eingefasst, was das Tennis noch eleganter macht.<\/p>\n<p>Vollst\u00e4ndig in Italien hergestellt.<\/p>\n<p>Begleitet von einem eleganten Etui und einer 2-Jahres-Garantie, signiert von Fabio Ferro I Gioielli.<\/p>\n","protected":false},"excerpt":{"rendered":"<p>Ein elegantes Schmuckst\u00fcck, das zu jeder Zeit des Lebens getragen werden sollte. Entdecken Sie die hohe Qualit\u00e4t, mit der es hergestellt wird.<\/p>\n","protected":false},"featured_media":108851,"comment_status":"open","ping_status":"closed","template":"","meta":[],"product_brand":[152],"product_cat":[5933],"product_tag":[],"class_list":{"0":"post-108850","1":"product","2":"type-product","3":"status-publish","4":"has-post-thumbnail","6":"product_brand-fabio-ferro-i-gioielli","7":"product_cat-tennis-armbander","9":"first","10":"instock","11":"taxable","12":"shipping-taxable","13":"purchasable","14":"product-type-simple"},"exclude_global_add_ons":[],"addons":[],"df_price":"","df_sale_price":"","df_regular_price":"","df_image_link":"https:\/\/cdn02.fabioferro.eu\/wp-content\/uploads\/tennis-fabio-ferro-in-oro-bianco-con-diamanti-nero-e-chiusura-bianco-ff1260.jpg","_links":{"self":[{"href":"https:\/\/www.fabioferro.eu\/de\/wp-json\/wp\/v2\/product\/108850","targetHints":{"allow":["GET"]}}],"collection":[{"href":"https:\/\/www.fabioferro.eu\/de\/wp-json\/wp\/v2\/product"}],"about":[{"href":"https:\/\/www.fabioferro.eu\/de\/wp-json\/wp\/v2\/types\/product"}],"replies":[{"embeddable":true,"href":"https:\/\/www.fabioferro.eu\/de\/wp-json\/wp\/v2\/comments?post=108850"}],"version-history":[{"count":1,"href":"https:\/\/www.fabioferro.eu\/de\/wp-json\/wp\/v2\/product\/108850\/revisions"}],"predecessor-version":[{"id":196178,"href":"https:\/\/www.fabioferro.eu\/de\/wp-json\/wp\/v2\/product\/108850\/revisions\/196178"}],"wp:featuredmedia":[{"embeddable":true,"href":"https:\/\/www.fabioferro.eu\/de\/wp-json\/wp\/v2\/media\/108851"}],"wp:attachment":[{"href":"https:\/\/www.fabioferro.eu\/de\/wp-json\/wp\/v2\/media?parent=108850"}],"wp:term":[{"taxonomy":"product_brand","embeddable":true,"href":"https:\/\/www.fabioferro.eu\/de\/wp-json\/wp\/v2\/product_brand?post=108850"},{"taxonomy":"product_cat","embeddable":true,"href":"https:\/\/www.fabioferro.eu\/de\/wp-json\/wp\/v2\/product_cat?post=108850"},{"taxonomy":"product_tag","embeddable":true,"href":"https:\/\/www.fabioferro.eu\/de\/wp-json\/wp\/v2\/product_tag?post=108850"}],"curies":[{"name":"wp","href":"https:\/\/api.w.org\/{rel}","templated":true}]}}