{"id":108867,"date":"2023-11-09T15:07:41","date_gmt":"2023-11-09T14:07:41","guid":{"rendered":"https:\/\/www.fabioferro.eu\/.html?post_type=product&#038;p=108867"},"modified":"2024-02-29T16:17:11","modified_gmt":"2024-02-29T15:17:11","slug":"rue-des-mille-ohrringe-in-paar-clips-gelb","status":"publish","type":"product","link":"https:\/\/www.fabioferro.eu\/de\/rue-des-mille-ohrringe-in-paar-clips-gelb.html","title":{"rendered":"Rue des Mille Ohrringe in Paar Clips Gelb"},"content":{"rendered":"<div id=\"cgkit-tab-description\" class=\"woocommerce-Tabs-panel commercekit-Tabs-panel--description panel entry-content\">\n<p>Ohrringe aus 925\/1000 Sterlingsilber mit 18-kar\u00e4tiger Vergoldung und herzf\u00f6rmigem Anh\u00e4nger.<\/p>\n<p>Ausgestattet mit einem Clip-Verschluss.<\/p>\n<p>Hergestellt in Italien.<\/p>\n<p>Mit offizieller Rue des Mille-Box und Garantie.<\/p>\n<\/div>\n","protected":false},"excerpt":{"rendered":"<p>Ohrringe mit doppelt gl\u00e4nzendem Herz.<\/p>\n","protected":false},"featured_media":108871,"comment_status":"open","ping_status":"closed","template":"","meta":[],"product_brand":[205],"product_cat":[6205],"product_tag":[],"class_list":{"0":"post-108867","1":"product","2":"type-product","3":"status-publish","4":"has-post-thumbnail","6":"product_brand-rue-des-mille","7":"product_cat-ohrringe-rue-des-mille","9":"first","10":"outofstock","11":"sale","12":"purchasable","13":"product-type-simple"},"exclude_global_add_ons":[],"addons":[],"df_price":42,"df_sale_price":42,"df_regular_price":70,"df_image_link":"https:\/\/cdn02.fabioferro.eu\/wp-content\/uploads\/orecchini-rue-des-mille-a-paio-clips-giallo-or-ef-02-cuo-au-scaled.webp","_links":{"self":[{"href":"https:\/\/www.fabioferro.eu\/de\/wp-json\/wp\/v2\/product\/108867","targetHints":{"allow":["GET"]}}],"collection":[{"href":"https:\/\/www.fabioferro.eu\/de\/wp-json\/wp\/v2\/product"}],"about":[{"href":"https:\/\/www.fabioferro.eu\/de\/wp-json\/wp\/v2\/types\/product"}],"replies":[{"embeddable":true,"href":"https:\/\/www.fabioferro.eu\/de\/wp-json\/wp\/v2\/comments?post=108867"}],"version-history":[{"count":0,"href":"https:\/\/www.fabioferro.eu\/de\/wp-json\/wp\/v2\/product\/108867\/revisions"}],"wp:featuredmedia":[{"embeddable":true,"href":"https:\/\/www.fabioferro.eu\/de\/wp-json\/wp\/v2\/media\/108871"}],"wp:attachment":[{"href":"https:\/\/www.fabioferro.eu\/de\/wp-json\/wp\/v2\/media?parent=108867"}],"wp:term":[{"taxonomy":"product_brand","embeddable":true,"href":"https:\/\/www.fabioferro.eu\/de\/wp-json\/wp\/v2\/product_brand?post=108867"},{"taxonomy":"product_cat","embeddable":true,"href":"https:\/\/www.fabioferro.eu\/de\/wp-json\/wp\/v2\/product_cat?post=108867"},{"taxonomy":"product_tag","embeddable":true,"href":"https:\/\/www.fabioferro.eu\/de\/wp-json\/wp\/v2\/product_tag?post=108867"}],"curies":[{"name":"wp","href":"https:\/\/api.w.org\/{rel}","templated":true}]}}