{"id":108868,"date":"2023-11-09T15:07:41","date_gmt":"2023-11-09T14:07:41","guid":{"rendered":"https:\/\/www.fabioferro.eu\/.html?post_type=product&#038;p=108868"},"modified":"2024-03-26T09:44:06","modified_gmt":"2024-03-26T08:44:06","slug":"rue-des-mille-dreiteilige-rosa-ohrringe","status":"publish","type":"product","link":"https:\/\/www.fabioferro.eu\/de\/rue-des-mille-dreiteilige-rosa-ohrringe.html","title":{"rendered":"Rue des Mille Dreiteilige rosa Ohrringe"},"content":{"rendered":"<div id=\"cgkit-tab-description\" class=\"woocommerce-Tabs-panel commercekit-Tabs-panel--description panel entry-content\">\n<p>Ohrringe aus 925\/1000 Sterlingsilber, ros\u00e9farben plattiert, mit einem vierbl\u00e4ttrigen Kleeblatt, das am gr\u00f6\u00dften Element baumelt. Hufeisenanh\u00e4nger mit gr\u00fcnen Zirkonen im mittleren Element und einfaches Hufeisen, ohne Anh\u00e4nger, wiederum mit gr\u00fcnen Zirkonen, auf dem dritten Element.<\/p>\n<p>Der Kreis hat einen Durchmesser von 3 cm, der Ring einen Durchmesser von 1 cm und die Ohrringe eine L\u00e4nge von 1 cm.<\/p>\n<p>Hergestellt in Italien.<\/p>\n<p>Mit offizieller Rue des Mille-Box und Garantie.<\/p>\n<\/div>\n","protected":false},"excerpt":{"rendered":"<p>Modische Ohrringe mit unverwechselbarem Stil.<\/p>\n","protected":false},"featured_media":108739,"comment_status":"open","ping_status":"closed","template":"","meta":[],"product_brand":[],"product_cat":[6205],"product_tag":[],"class_list":{"0":"post-108868","1":"product","2":"type-product","3":"status-publish","4":"has-post-thumbnail","6":"product_cat-ohrringe-rue-des-mille","8":"first","9":"outofstock","10":"sale","11":"purchasable","12":"product-type-simple"},"exclude_global_add_ons":[],"addons":[],"df_price":39,"df_sale_price":39,"df_regular_price":65,"df_image_link":"https:\/\/cdn02.fabioferro.eu\/wp-content\/uploads\/orecchini-rue-des-mille-ORZ-3PZ-C4-RSA.jpg","_links":{"self":[{"href":"https:\/\/www.fabioferro.eu\/de\/wp-json\/wp\/v2\/product\/108868","targetHints":{"allow":["GET"]}}],"collection":[{"href":"https:\/\/www.fabioferro.eu\/de\/wp-json\/wp\/v2\/product"}],"about":[{"href":"https:\/\/www.fabioferro.eu\/de\/wp-json\/wp\/v2\/types\/product"}],"replies":[{"embeddable":true,"href":"https:\/\/www.fabioferro.eu\/de\/wp-json\/wp\/v2\/comments?post=108868"}],"version-history":[{"count":0,"href":"https:\/\/www.fabioferro.eu\/de\/wp-json\/wp\/v2\/product\/108868\/revisions"}],"wp:featuredmedia":[{"embeddable":true,"href":"https:\/\/www.fabioferro.eu\/de\/wp-json\/wp\/v2\/media\/108739"}],"wp:attachment":[{"href":"https:\/\/www.fabioferro.eu\/de\/wp-json\/wp\/v2\/media?parent=108868"}],"wp:term":[{"taxonomy":"product_brand","embeddable":true,"href":"https:\/\/www.fabioferro.eu\/de\/wp-json\/wp\/v2\/product_brand?post=108868"},{"taxonomy":"product_cat","embeddable":true,"href":"https:\/\/www.fabioferro.eu\/de\/wp-json\/wp\/v2\/product_cat?post=108868"},{"taxonomy":"product_tag","embeddable":true,"href":"https:\/\/www.fabioferro.eu\/de\/wp-json\/wp\/v2\/product_tag?post=108868"}],"curies":[{"name":"wp","href":"https:\/\/api.w.org\/{rel}","templated":true}]}}