{"id":108873,"date":"2024-09-18T16:08:21","date_gmt":"2024-09-18T14:08:21","guid":{"rendered":"https:\/\/www.fabioferro.eu\/.html?post_type=product&#038;p=108873"},"modified":"2025-09-24T16:46:58","modified_gmt":"2025-09-24T14:46:58","slug":"fabio-ferro-wave-braunes-weissgold-tennisarmband-mit-braun-schattierten-diamanten","status":"publish","type":"product","link":"https:\/\/www.fabioferro.eu\/de\/fabio-ferro-wave-braunes-weissgold-tennisarmband-mit-braun-schattierten-diamanten.html","title":{"rendered":"Fabio Ferro Wave Braunes Wei\u00dfgold Tennisarmband mit braun schattierten Diamanten"},"content":{"rendered":"<p>Armband aus 18 Karat Ros\u00e9gold, handgefertigt in unserer Goldschmiedewerkstatt.<\/p>\n<p>Diamanten im Brillantschliff in brauner Farbe sind in schattierten Abstufungen gefasst. Ihr Gewicht betr\u00e4gt 2,95 Karat.<\/p>\n<p>Wei\u00dfe Diamanten im Brillantschliff von insgesamt 0,34 Karat sind ebenfalls vorhanden.<\/p>\n<p>Die L\u00e4nge des Armbands betr\u00e4gt 18,5 cm. Individuell anpassbar auf Anfrage.<\/p>\n<p>Eleganter verdeckter Bajonettverschluss und doppelte Sicherheit an den Seiten.<\/p>\n<p>Das Armband ist bewusst in einem Farbton gehalten, der von Dunkelbraun bis Diamantwei\u00df reicht.<\/p>\n<p>Der handgefertigte Rahmen verf\u00fcgt \u00fcber einen zentralen Drehpunkt zwischen L\u00fcnette und Ring, der jegliche Unannehmlichkeiten f\u00fcr die Haut ausschlie\u00dft.<\/p>\n<p>Vollst\u00e4ndig in Italien hergestellt.<\/p>\n<p>Mit einer eleganten Verpackung und einer von Fabio Ferro I Gioielli unterzeichneten 2-j\u00e4hrigen Qualit\u00e4tsgarantie.<\/p>\n","protected":false},"excerpt":{"rendered":"<p>Ein Schmuckst\u00fcck von nie dagewesener Eleganz und Leichtigkeit. Eine endlos jagende Schattierung von braunen Diamanten.<\/p>\n","protected":false},"featured_media":108874,"comment_status":"open","ping_status":"closed","template":"","meta":[],"product_brand":[152],"product_cat":[5933],"product_tag":[],"class_list":{"0":"post-108873","1":"product","2":"type-product","3":"status-publish","4":"has-post-thumbnail","6":"product_brand-fabio-ferro-i-gioielli","7":"product_cat-tennis-armbander","9":"first","10":"instock","11":"taxable","12":"shipping-taxable","13":"purchasable","14":"product-type-simple"},"exclude_global_add_ons":[],"addons":[],"df_price":"","df_sale_price":"","df_regular_price":"","df_image_link":"https:\/\/cdn02.fabioferro.eu\/wp-content\/uploads\/bracciale-tennis-fabio-ferro-wave-brown-in-oro-bianco-e-diamanti-ff1263.jpg","_links":{"self":[{"href":"https:\/\/www.fabioferro.eu\/de\/wp-json\/wp\/v2\/product\/108873","targetHints":{"allow":["GET"]}}],"collection":[{"href":"https:\/\/www.fabioferro.eu\/de\/wp-json\/wp\/v2\/product"}],"about":[{"href":"https:\/\/www.fabioferro.eu\/de\/wp-json\/wp\/v2\/types\/product"}],"replies":[{"embeddable":true,"href":"https:\/\/www.fabioferro.eu\/de\/wp-json\/wp\/v2\/comments?post=108873"}],"version-history":[{"count":1,"href":"https:\/\/www.fabioferro.eu\/de\/wp-json\/wp\/v2\/product\/108873\/revisions"}],"predecessor-version":[{"id":196184,"href":"https:\/\/www.fabioferro.eu\/de\/wp-json\/wp\/v2\/product\/108873\/revisions\/196184"}],"wp:featuredmedia":[{"embeddable":true,"href":"https:\/\/www.fabioferro.eu\/de\/wp-json\/wp\/v2\/media\/108874"}],"wp:attachment":[{"href":"https:\/\/www.fabioferro.eu\/de\/wp-json\/wp\/v2\/media?parent=108873"}],"wp:term":[{"taxonomy":"product_brand","embeddable":true,"href":"https:\/\/www.fabioferro.eu\/de\/wp-json\/wp\/v2\/product_brand?post=108873"},{"taxonomy":"product_cat","embeddable":true,"href":"https:\/\/www.fabioferro.eu\/de\/wp-json\/wp\/v2\/product_cat?post=108873"},{"taxonomy":"product_tag","embeddable":true,"href":"https:\/\/www.fabioferro.eu\/de\/wp-json\/wp\/v2\/product_tag?post=108873"}],"curies":[{"name":"wp","href":"https:\/\/api.w.org\/{rel}","templated":true}]}}