{"id":109005,"date":"2023-04-07T09:28:34","date_gmt":"2023-04-07T07:28:34","guid":{"rendered":"https:\/\/www.fabioferro.eu\/giovanni-raspini-dadini-und-onyx-armband.html"},"modified":"2024-10-30T09:52:16","modified_gmt":"2024-10-30T08:52:16","slug":"giovanni-raspini-dadini-und-onyx-armband","status":"publish","type":"product","link":"https:\/\/www.fabioferro.eu\/de\/giovanni-raspini-dadini-und-onyx-armband.html","title":{"rendered":"Giovanni Raspini Dadini und Onyx Armband"},"content":{"rendered":"<p>Giovanni Raspini Armband aus 925er Sterlingsilber und Onyx. Die L\u00e4nge des Armbands betr\u00e4gt 20 cm bei Gr\u00f6\u00dfe M und 22 cm bei Gr\u00f6\u00dfe L. Es ist mit einem Karabinerverschluss mit verstellbarem Glied ausgestattet. Hergestellt in 100% italienischer Handwerkskunst. Das Armband wird komplett mit Box und original Giovanni Raspini Garantie geliefert.<\/p>\n","protected":false},"excerpt":{"rendered":"<p>Armband aus gegossenen und br\u00fcnierten Silberelementen und schwarzen Onyxperlen. Die Verwendung dieser beiden Materialien macht es m\u00f6glich, ein Armband zu kreieren, das elegant und raffiniert, aber gleichzeitig unglaublich diskret ist.<\/p>\n","protected":false},"featured_media":109012,"comment_status":"open","ping_status":"closed","template":"","meta":[],"product_brand":[],"product_cat":[7597],"product_tag":[],"class_list":{"0":"post-109005","1":"product","2":"type-product","3":"status-publish","4":"has-post-thumbnail","6":"product_cat-armbander-giovanni-raspini-manner","8":"first","9":"instock","10":"sale","11":"taxable","12":"shipping-taxable","13":"purchasable","14":"product-type-variable","15":"has-default-attributes"},"exclude_global_add_ons":[],"addons":[],"df_price":130.5,"df_sale_price":"","df_regular_price":130.5,"df_image_link":"https:\/\/cdn02.fabioferro.eu\/wp-content\/uploads\/bracciale-giovanni-raspini-dadini-e-onice-11648.jpg","_links":{"self":[{"href":"https:\/\/www.fabioferro.eu\/de\/wp-json\/wp\/v2\/product\/109005","targetHints":{"allow":["GET"]}}],"collection":[{"href":"https:\/\/www.fabioferro.eu\/de\/wp-json\/wp\/v2\/product"}],"about":[{"href":"https:\/\/www.fabioferro.eu\/de\/wp-json\/wp\/v2\/types\/product"}],"replies":[{"embeddable":true,"href":"https:\/\/www.fabioferro.eu\/de\/wp-json\/wp\/v2\/comments?post=109005"}],"version-history":[{"count":0,"href":"https:\/\/www.fabioferro.eu\/de\/wp-json\/wp\/v2\/product\/109005\/revisions"}],"wp:featuredmedia":[{"embeddable":true,"href":"https:\/\/www.fabioferro.eu\/de\/wp-json\/wp\/v2\/media\/109012"}],"wp:attachment":[{"href":"https:\/\/www.fabioferro.eu\/de\/wp-json\/wp\/v2\/media?parent=109005"}],"wp:term":[{"taxonomy":"product_brand","embeddable":true,"href":"https:\/\/www.fabioferro.eu\/de\/wp-json\/wp\/v2\/product_brand?post=109005"},{"taxonomy":"product_cat","embeddable":true,"href":"https:\/\/www.fabioferro.eu\/de\/wp-json\/wp\/v2\/product_cat?post=109005"},{"taxonomy":"product_tag","embeddable":true,"href":"https:\/\/www.fabioferro.eu\/de\/wp-json\/wp\/v2\/product_tag?post=109005"}],"curies":[{"name":"wp","href":"https:\/\/api.w.org\/{rel}","templated":true}]}}