{"id":109008,"date":"2023-04-07T09:24:12","date_gmt":"2023-04-07T07:24:12","guid":{"rendered":"https:\/\/www.fabioferro.eu\/giovanni-raspini-nodini-und-lapis-armband.html"},"modified":"2025-06-06T16:00:02","modified_gmt":"2025-06-06T14:00:02","slug":"giovanni-raspini-nodini-und-lapis-armband","status":"publish","type":"product","link":"https:\/\/www.fabioferro.eu\/de\/giovanni-raspini-nodini-und-lapis-armband.html","title":{"rendered":"Giovanni Raspini Nodini und Lapis-Armband"},"content":{"rendered":"<p>Giovanni Raspini Armband aus 925er Sterlingsilber und Lapislazuli mit 100% italienischer Handwerkskunst. Die L\u00e4nge des Armbands betr\u00e4gt 20 cm bei Gr\u00f6\u00dfe M und 22 cm bei Gr\u00f6\u00dfe L. Das Armband ist mit einem Karabinerverschluss mit verstellbaren Gliedern ausgestattet. Armband komplett mit Box und original Giovanni Raspini Garantie<\/p>\n","protected":false},"excerpt":{"rendered":"<p>Armband aus kleinen, notof\u00f6rmigen Silberelementen mit abwechselnden Kugeln aus tiefblauem Lapislazuli. Der Kontrast zwischen diesen beiden Materialien erzeugt faszinierende und elegante Reflexionen und Formen.<\/p>\n","protected":false},"featured_media":109047,"comment_status":"open","ping_status":"closed","template":"","meta":[],"product_brand":[],"product_cat":[7569],"product_tag":[7442],"class_list":{"0":"post-109008","1":"product","2":"type-product","3":"status-publish","4":"has-post-thumbnail","6":"product_cat-armbander-giovanni-raspini","7":"product_tag-verfugbar","9":"first","10":"instock","11":"sale","12":"taxable","13":"shipping-taxable","14":"purchasable","15":"product-type-variable","16":"has-default-attributes"},"exclude_global_add_ons":[],"addons":[],"df_price":247.5,"df_sale_price":"","df_regular_price":247.5,"df_image_link":"https:\/\/cdn02.fabioferro.eu\/wp-content\/uploads\/bracciale-giovanni-raspini-nodini-e-lapis-11649.jpg","_links":{"self":[{"href":"https:\/\/www.fabioferro.eu\/de\/wp-json\/wp\/v2\/product\/109008","targetHints":{"allow":["GET"]}}],"collection":[{"href":"https:\/\/www.fabioferro.eu\/de\/wp-json\/wp\/v2\/product"}],"about":[{"href":"https:\/\/www.fabioferro.eu\/de\/wp-json\/wp\/v2\/types\/product"}],"replies":[{"embeddable":true,"href":"https:\/\/www.fabioferro.eu\/de\/wp-json\/wp\/v2\/comments?post=109008"}],"version-history":[{"count":0,"href":"https:\/\/www.fabioferro.eu\/de\/wp-json\/wp\/v2\/product\/109008\/revisions"}],"wp:featuredmedia":[{"embeddable":true,"href":"https:\/\/www.fabioferro.eu\/de\/wp-json\/wp\/v2\/media\/109047"}],"wp:attachment":[{"href":"https:\/\/www.fabioferro.eu\/de\/wp-json\/wp\/v2\/media?parent=109008"}],"wp:term":[{"taxonomy":"product_brand","embeddable":true,"href":"https:\/\/www.fabioferro.eu\/de\/wp-json\/wp\/v2\/product_brand?post=109008"},{"taxonomy":"product_cat","embeddable":true,"href":"https:\/\/www.fabioferro.eu\/de\/wp-json\/wp\/v2\/product_cat?post=109008"},{"taxonomy":"product_tag","embeddable":true,"href":"https:\/\/www.fabioferro.eu\/de\/wp-json\/wp\/v2\/product_tag?post=109008"}],"curies":[{"name":"wp","href":"https:\/\/api.w.org\/{rel}","templated":true}]}}