{"id":109062,"date":"2023-04-07T09:23:41","date_gmt":"2023-04-07T07:23:41","guid":{"rendered":"https:\/\/www.fabioferro.eu\/giovanni-raspini-tango-schwarz-und-blau-armband.html"},"modified":"2024-10-30T09:52:10","modified_gmt":"2024-10-30T08:52:10","slug":"giovanni-raspini-tango-schwarz-und-blau-armband","status":"publish","type":"product","link":"https:\/\/www.fabioferro.eu\/de\/giovanni-raspini-tango-schwarz-und-blau-armband.html","title":{"rendered":"Giovanni Raspini Tango Schwarz und Blau Armband"},"content":{"rendered":"<p>Giovanni Raspini Armband aus 925er Sterlingsilber, Onyx und T\u00fcrkis mit 100% italienischer Handwerkskunst. Die L\u00e4nge des Armbands betr\u00e4gt 20 cm bei Gr\u00f6\u00dfe M und 22 cm bei Gr\u00f6\u00dfe L. Das Armband ist mit einem Karabinerverschluss mit regulierbaren Gliedern ausgestattet. Armband komplett mit Box und original Giovanni Raspini Garantie.<\/p>\n","protected":false},"excerpt":{"rendered":"<p>Armband aus kleinen schwarzen Onyxkugeln und einigen t\u00fcrkisfarbenen Elementen mit silbernen Abschnitten in Form eines kleinen Autos. Das Ergebnis ist eine elegante, raffinierte und gleichzeitig ausgesprochen synkopische Uhr.<\/p>\n","protected":false},"featured_media":109103,"comment_status":"open","ping_status":"closed","template":"","meta":[],"product_brand":[155],"product_cat":[7569],"product_tag":[],"class_list":{"0":"post-109062","1":"product","2":"type-product","3":"status-publish","4":"has-post-thumbnail","6":"product_brand-raspini","7":"product_cat-armbander-giovanni-raspini","9":"first","10":"instock","11":"sale","12":"taxable","13":"shipping-taxable","14":"purchasable","15":"product-type-variable","16":"has-default-attributes"},"exclude_global_add_ons":[],"addons":[],"df_price":144,"df_sale_price":"","df_regular_price":144,"df_image_link":"https:\/\/cdn02.fabioferro.eu\/wp-content\/uploads\/bracciale-giovanni-raspini-tango-black-and-blue-11651.jpg","_links":{"self":[{"href":"https:\/\/www.fabioferro.eu\/de\/wp-json\/wp\/v2\/product\/109062","targetHints":{"allow":["GET"]}}],"collection":[{"href":"https:\/\/www.fabioferro.eu\/de\/wp-json\/wp\/v2\/product"}],"about":[{"href":"https:\/\/www.fabioferro.eu\/de\/wp-json\/wp\/v2\/types\/product"}],"replies":[{"embeddable":true,"href":"https:\/\/www.fabioferro.eu\/de\/wp-json\/wp\/v2\/comments?post=109062"}],"version-history":[{"count":0,"href":"https:\/\/www.fabioferro.eu\/de\/wp-json\/wp\/v2\/product\/109062\/revisions"}],"wp:featuredmedia":[{"embeddable":true,"href":"https:\/\/www.fabioferro.eu\/de\/wp-json\/wp\/v2\/media\/109103"}],"wp:attachment":[{"href":"https:\/\/www.fabioferro.eu\/de\/wp-json\/wp\/v2\/media?parent=109062"}],"wp:term":[{"taxonomy":"product_brand","embeddable":true,"href":"https:\/\/www.fabioferro.eu\/de\/wp-json\/wp\/v2\/product_brand?post=109062"},{"taxonomy":"product_cat","embeddable":true,"href":"https:\/\/www.fabioferro.eu\/de\/wp-json\/wp\/v2\/product_cat?post=109062"},{"taxonomy":"product_tag","embeddable":true,"href":"https:\/\/www.fabioferro.eu\/de\/wp-json\/wp\/v2\/product_tag?post=109062"}],"curies":[{"name":"wp","href":"https:\/\/api.w.org\/{rel}","templated":true}]}}