{"id":109106,"date":"2023-03-30T14:48:07","date_gmt":"2023-03-30T12:48:07","guid":{"rendered":"https:\/\/www.fabioferro.eu\/giovanni-raspini-mini-grumetta-armband.html"},"modified":"2024-10-30T09:51:19","modified_gmt":"2024-10-30T08:51:19","slug":"giovanni-raspini-mini-grumetta-armband","status":"publish","type":"product","link":"https:\/\/www.fabioferro.eu\/de\/giovanni-raspini-mini-grumetta-armband.html","title":{"rendered":"Giovanni Raspini Mini Grumetta-Armband"},"content":{"rendered":"<p>Giovanni Raspini Armband aus 925er Sterlingsilber mit 100% italienischer Handwerkskunst. Die L\u00e4nge des Armbands in Gr\u00f6\u00dfe M betr\u00e4gt 19 cm, w\u00e4hrend die L\u00e4nge des Armbands in Gr\u00f6\u00dfe L 22 cm betr\u00e4gt. Das Armband ist mit einem Karabinerverschluss ausgestattet. Das Armband ist komplett mit Box und original Giovanni Raspini Garantie.<\/p>\n","protected":false},"excerpt":{"rendered":"<p>Armband aus Silber, mit regelm\u00e4\u00dfigen Maschen. Dank letzterem kann es sich eines einfachen, aber eleganten Stils r\u00fchmen.<\/p>\n","protected":false},"featured_media":109115,"comment_status":"open","ping_status":"closed","template":"","meta":[],"product_brand":[],"product_cat":[7569],"product_tag":[],"class_list":{"0":"post-109106","1":"product","2":"type-product","3":"status-publish","4":"has-post-thumbnail","6":"product_cat-armbander-giovanni-raspini","8":"first","9":"instock","10":"sale","11":"taxable","12":"shipping-taxable","13":"purchasable","14":"product-type-variable","15":"has-default-attributes"},"exclude_global_add_ons":[],"addons":[],"df_price":130.5,"df_sale_price":"","df_regular_price":130.5,"df_image_link":"https:\/\/cdn02.fabioferro.eu\/wp-content\/uploads\/bracciale-giovanni-raspini-mini-grumetta-11655.jpg","_links":{"self":[{"href":"https:\/\/www.fabioferro.eu\/de\/wp-json\/wp\/v2\/product\/109106","targetHints":{"allow":["GET"]}}],"collection":[{"href":"https:\/\/www.fabioferro.eu\/de\/wp-json\/wp\/v2\/product"}],"about":[{"href":"https:\/\/www.fabioferro.eu\/de\/wp-json\/wp\/v2\/types\/product"}],"replies":[{"embeddable":true,"href":"https:\/\/www.fabioferro.eu\/de\/wp-json\/wp\/v2\/comments?post=109106"}],"version-history":[{"count":0,"href":"https:\/\/www.fabioferro.eu\/de\/wp-json\/wp\/v2\/product\/109106\/revisions"}],"wp:featuredmedia":[{"embeddable":true,"href":"https:\/\/www.fabioferro.eu\/de\/wp-json\/wp\/v2\/media\/109115"}],"wp:attachment":[{"href":"https:\/\/www.fabioferro.eu\/de\/wp-json\/wp\/v2\/media?parent=109106"}],"wp:term":[{"taxonomy":"product_brand","embeddable":true,"href":"https:\/\/www.fabioferro.eu\/de\/wp-json\/wp\/v2\/product_brand?post=109106"},{"taxonomy":"product_cat","embeddable":true,"href":"https:\/\/www.fabioferro.eu\/de\/wp-json\/wp\/v2\/product_cat?post=109106"},{"taxonomy":"product_tag","embeddable":true,"href":"https:\/\/www.fabioferro.eu\/de\/wp-json\/wp\/v2\/product_tag?post=109106"}],"curies":[{"name":"wp","href":"https:\/\/api.w.org\/{rel}","templated":true}]}}