{"id":109113,"date":"2023-04-07T08:41:26","date_gmt":"2023-04-07T06:41:26","guid":{"rendered":"https:\/\/www.fabioferro.eu\/longines-spirit-flyback-stahl-schwarz-nato-beige-42-mm-uhr.html"},"modified":"2025-06-06T16:01:53","modified_gmt":"2025-06-06T14:01:53","slug":"longines-spirit-flyback-stahl-schwarz-nato-beige-42-mm-uhr","status":"publish","type":"product","link":"https:\/\/www.fabioferro.eu\/de\/longines-spirit-flyback-stahl-schwarz-nato-beige-42-mm-uhr.html","title":{"rendered":"Longines Spirit Flyback Stahl Schwarz Nato Beige 42 mm Uhr"},"content":{"rendered":"<p>Longines Automatikuhr mit dem Kaliber L791, E mit Stunden-, Minuten- und kleiner Sekundenfunktion bei 9 Uhr. Das Uhrwerk mit Automatikaufzug hat eine Frequenz von 28.800 Halbschwingungen pro Stunde und eine Gangreserve von etwa 68 Stunden. Ebenfalls vorhanden ist die Unruhspirale aus monokristallinem Silizium. Der Chronograph ist ein Flyback-Chronograph mit einem zentralen 60-Sekunden-Zeiger und einem 30-Minuten-Z\u00e4hler bei 3 Uhr. Ausgestattet mit der Longines-Manufaktur.<\/p>\n<p>Das Geh\u00e4use besteht aus Edelstahl mit einer runden Keramikl\u00fcnette mit einem Durchmesser von 42 mm. Das Glas ist ein kratzfestes, beidseitig mehrschichtig entspiegeltes Saphirkristall und ein transparenter Saphirkristallboden. Der Abstand zwischen den Anst\u00f6\u00dfen betr\u00e4gt 22 mm, w\u00e4hrend die Dicke 17 mm betr\u00e4gt. Wasserdicht bis 10 bar\/100 m. Ausgestattet mit einer bidirektionalen Drehl\u00fcnette mit verschraubter Krone. Gesamtgewicht 118,6 g.<\/p>\n<p>Das Zifferblatt hat einen schwarzen Sonnenschliff mit einem Stundenkreis aus applizierten arabischen Ziffern und Bronzezeigern. Das Schweizer Super-LumiNova-Leuchtsystem ist ebenfalls vorhanden.<\/p>\n<p>Der Riemen ist aus beigefarbenem Kunststoff gefertigt und mit einer Schnalle versehen.<\/p>\n<p>Ausgestattet mit antimagnetischer Technologie.<\/p>\n<p>Uhr komplett mit Box und offizieller 5-Jahres-Garantie von Longines.<\/p>\n<div class=\"video-container\"><iframe loading=\"lazy\" title=\"Longines Spirit Flyback, un ritorno al passato - Fabio Ferro I Gioielli\" width=\"1170\" height=\"658\" src=\"https:\/\/www.youtube.com\/embed\/ZynqripijXo?feature=oembed\" frameborder=\"0\" allow=\"accelerometer; autoplay; clipboard-write; encrypted-media; gyroscope; picture-in-picture; web-share\" allowfullscreen><\/iframe><\/div>\n","protected":false},"excerpt":{"rendered":"<p>Diese Uhr ist dank ihrer besonderen technologischen Innovationen in der Lage, Longines einen weiteren Sprung nach vorne zu machen, sowohl in Bezug auf Technologie und Technik als auch auf den Stil. Die Verwendung von Keramik und Stahl zur Herstellung des Geh\u00e4uses macht es zu einem einzigartigen, unglaublich raffinierten und eleganten Schmuckst\u00fcck.<\/p>\n","protected":false},"featured_media":109135,"comment_status":"open","ping_status":"closed","template":"","meta":[],"product_brand":[5391],"product_cat":[5953],"product_tag":[],"class_list":{"0":"post-109113","1":"product","2":"type-product","3":"status-publish","4":"has-post-thumbnail","6":"product_brand-longines","7":"product_cat-longines-herrenuhren","8":"pa_collezione-longines-spirit-de","10":"first","11":"instock","12":"taxable","13":"shipping-taxable","14":"purchasable","15":"product-type-simple"},"exclude_global_add_ons":[],"addons":[],"df_price":5000,"df_sale_price":"","df_regular_price":5000,"df_image_link":"https:\/\/cdn02.fabioferro.eu\/wp-content\/uploads\/orologio-longines-flyback-automatico-acciaio-canvas-l3.821.4.53.9.jpg","_links":{"self":[{"href":"https:\/\/www.fabioferro.eu\/de\/wp-json\/wp\/v2\/product\/109113","targetHints":{"allow":["GET"]}}],"collection":[{"href":"https:\/\/www.fabioferro.eu\/de\/wp-json\/wp\/v2\/product"}],"about":[{"href":"https:\/\/www.fabioferro.eu\/de\/wp-json\/wp\/v2\/types\/product"}],"replies":[{"embeddable":true,"href":"https:\/\/www.fabioferro.eu\/de\/wp-json\/wp\/v2\/comments?post=109113"}],"version-history":[{"count":0,"href":"https:\/\/www.fabioferro.eu\/de\/wp-json\/wp\/v2\/product\/109113\/revisions"}],"wp:featuredmedia":[{"embeddable":true,"href":"https:\/\/www.fabioferro.eu\/de\/wp-json\/wp\/v2\/media\/109135"}],"wp:attachment":[{"href":"https:\/\/www.fabioferro.eu\/de\/wp-json\/wp\/v2\/media?parent=109113"}],"wp:term":[{"taxonomy":"product_brand","embeddable":true,"href":"https:\/\/www.fabioferro.eu\/de\/wp-json\/wp\/v2\/product_brand?post=109113"},{"taxonomy":"product_cat","embeddable":true,"href":"https:\/\/www.fabioferro.eu\/de\/wp-json\/wp\/v2\/product_cat?post=109113"},{"taxonomy":"product_tag","embeddable":true,"href":"https:\/\/www.fabioferro.eu\/de\/wp-json\/wp\/v2\/product_tag?post=109113"}],"curies":[{"name":"wp","href":"https:\/\/api.w.org\/{rel}","templated":true}]}}