{"id":109125,"date":"2023-03-30T14:38:03","date_gmt":"2023-03-30T12:38:03","guid":{"rendered":"https:\/\/www.fabioferro.eu\/giovanni-raspini-quadratisches-gliederarmband.html"},"modified":"2024-10-30T09:51:17","modified_gmt":"2024-10-30T08:51:17","slug":"giovanni-raspini-quadratisches-gliederarmband","status":"publish","type":"product","link":"https:\/\/www.fabioferro.eu\/de\/giovanni-raspini-quadratisches-gliederarmband.html","title":{"rendered":"Giovanni Raspini Quadratisches Gliederarmband"},"content":{"rendered":"<p>Giovanni Raspini Armband aus 925er Sterlingsilber mit 100% italienischer Handwerkskunst. Die L\u00e4nge des Armbands in Gr\u00f6\u00dfe M betr\u00e4gt 20,5 cm, w\u00e4hrend die Gr\u00f6\u00dfe des 22,5 cm langen Armbands ein L ist. Das Armband ist mit einem Karabinerverschluss ausgestattet. Das Armband ist komplett mit Box und original Giovanni Raspini Garantie.<\/p>\n","protected":false},"excerpt":{"rendered":"<p>Armband mit einer ausgesprochen einfachen Linie und Gestaltung. Die quadratische Masche macht ihn noch flexibler. Bemerkenswert ist auch die Sehnsucht nach Sch\u00f6nheit und Alltag, die sie mit ihrer Form zu vermitteln vermag.<\/p>\n","protected":false},"featured_media":109144,"comment_status":"open","ping_status":"closed","template":"","meta":[],"product_brand":[],"product_cat":[7569],"product_tag":[],"class_list":{"0":"post-109125","1":"product","2":"type-product","3":"status-publish","4":"has-post-thumbnail","6":"product_cat-armbander-giovanni-raspini","8":"first","9":"instock","10":"sale","11":"taxable","12":"shipping-taxable","13":"purchasable","14":"product-type-variable","15":"has-default-attributes"},"exclude_global_add_ons":[],"addons":[],"df_price":211.5,"df_sale_price":"","df_regular_price":211.5,"df_image_link":"https:\/\/cdn02.fabioferro.eu\/wp-content\/uploads\/bracciale-giovanni-raspini-maglia-quadra-11659.jpg","_links":{"self":[{"href":"https:\/\/www.fabioferro.eu\/de\/wp-json\/wp\/v2\/product\/109125","targetHints":{"allow":["GET"]}}],"collection":[{"href":"https:\/\/www.fabioferro.eu\/de\/wp-json\/wp\/v2\/product"}],"about":[{"href":"https:\/\/www.fabioferro.eu\/de\/wp-json\/wp\/v2\/types\/product"}],"replies":[{"embeddable":true,"href":"https:\/\/www.fabioferro.eu\/de\/wp-json\/wp\/v2\/comments?post=109125"}],"version-history":[{"count":0,"href":"https:\/\/www.fabioferro.eu\/de\/wp-json\/wp\/v2\/product\/109125\/revisions"}],"wp:featuredmedia":[{"embeddable":true,"href":"https:\/\/www.fabioferro.eu\/de\/wp-json\/wp\/v2\/media\/109144"}],"wp:attachment":[{"href":"https:\/\/www.fabioferro.eu\/de\/wp-json\/wp\/v2\/media?parent=109125"}],"wp:term":[{"taxonomy":"product_brand","embeddable":true,"href":"https:\/\/www.fabioferro.eu\/de\/wp-json\/wp\/v2\/product_brand?post=109125"},{"taxonomy":"product_cat","embeddable":true,"href":"https:\/\/www.fabioferro.eu\/de\/wp-json\/wp\/v2\/product_cat?post=109125"},{"taxonomy":"product_tag","embeddable":true,"href":"https:\/\/www.fabioferro.eu\/de\/wp-json\/wp\/v2\/product_tag?post=109125"}],"curies":[{"name":"wp","href":"https:\/\/api.w.org\/{rel}","templated":true}]}}