{"id":109142,"date":"2023-04-11T17:21:33","date_gmt":"2023-04-11T15:21:33","guid":{"rendered":"https:\/\/www.fabioferro.eu\/giovanni-raspini-mini-maui-armband.html"},"modified":"2025-03-11T18:33:02","modified_gmt":"2025-03-11T17:33:02","slug":"giovanni-raspini-mini-maui-armband","status":"publish","type":"product","link":"https:\/\/www.fabioferro.eu\/de\/giovanni-raspini-mini-maui-armband.html","title":{"rendered":"Giovanni Raspini Mini Maui Armband"},"content":{"rendered":"<p>Giovanni Raspini Armband aus 925er Sterlingsilber mit Perlmutt und Hyalinquarz. 100% italienische Handwerkskunst.<\/p>\n<p>Die L\u00e4nge des Armbands betr\u00e4gt 19 cm.<\/p>\n<p>Der Verschluss ist vom Typ Karabinerhaken mit Verstellgliedern.<\/p>\n<p>Armband komplett mit Box und original Giovanni Raspini Garantie.<\/p>\n","protected":false},"excerpt":{"rendered":"<p>Dieses Armband zeichnet sich durch die Schlichtheit und Zartheit der Linien in Verbindung mit der sorgf\u00e4ltigen Auswahl der Materialien aus. Durch die Schaffung von roten und gr\u00fcnen Reflexen in Kombination mit Graut\u00f6nen und hellen Blaut\u00f6nen entsteht ein ausgesprochen interessanter und raffinierter Hell-Dunkel-Effekt.<\/p>\n","protected":false},"featured_media":108492,"comment_status":"open","ping_status":"closed","template":"","meta":[],"product_brand":[155],"product_cat":[7569],"product_tag":[],"class_list":{"0":"post-109142","1":"product","2":"type-product","3":"status-publish","4":"has-post-thumbnail","6":"product_brand-raspini","7":"product_cat-armbander-giovanni-raspini","9":"first","10":"instock","11":"sale","12":"taxable","13":"shipping-taxable","14":"purchasable","15":"product-type-simple"},"exclude_global_add_ons":[],"addons":[],"df_price":306,"df_sale_price":306,"df_regular_price":340,"df_image_link":"https:\/\/cdn02.fabioferro.eu\/wp-content\/uploads\/bracciale-giovanni-raspini-maui-10683.jpg","_links":{"self":[{"href":"https:\/\/www.fabioferro.eu\/de\/wp-json\/wp\/v2\/product\/109142","targetHints":{"allow":["GET"]}}],"collection":[{"href":"https:\/\/www.fabioferro.eu\/de\/wp-json\/wp\/v2\/product"}],"about":[{"href":"https:\/\/www.fabioferro.eu\/de\/wp-json\/wp\/v2\/types\/product"}],"replies":[{"embeddable":true,"href":"https:\/\/www.fabioferro.eu\/de\/wp-json\/wp\/v2\/comments?post=109142"}],"version-history":[{"count":0,"href":"https:\/\/www.fabioferro.eu\/de\/wp-json\/wp\/v2\/product\/109142\/revisions"}],"wp:featuredmedia":[{"embeddable":true,"href":"https:\/\/www.fabioferro.eu\/de\/wp-json\/wp\/v2\/media\/108492"}],"wp:attachment":[{"href":"https:\/\/www.fabioferro.eu\/de\/wp-json\/wp\/v2\/media?parent=109142"}],"wp:term":[{"taxonomy":"product_brand","embeddable":true,"href":"https:\/\/www.fabioferro.eu\/de\/wp-json\/wp\/v2\/product_brand?post=109142"},{"taxonomy":"product_cat","embeddable":true,"href":"https:\/\/www.fabioferro.eu\/de\/wp-json\/wp\/v2\/product_cat?post=109142"},{"taxonomy":"product_tag","embeddable":true,"href":"https:\/\/www.fabioferro.eu\/de\/wp-json\/wp\/v2\/product_tag?post=109142"}],"curies":[{"name":"wp","href":"https:\/\/api.w.org\/{rel}","templated":true}]}}