{"id":109175,"date":"2023-04-07T09:21:59","date_gmt":"2023-04-07T07:21:59","guid":{"rendered":"https:\/\/www.fabioferro.eu\/giovanni-raspini-grumetta-piastrina-armband.html"},"modified":"2024-10-30T09:52:09","modified_gmt":"2024-10-30T08:52:09","slug":"giovanni-raspini-grumetta-piastrina-armband","status":"publish","type":"product","link":"https:\/\/www.fabioferro.eu\/de\/giovanni-raspini-grumetta-piastrina-armband.html","title":{"rendered":"Giovanni Raspini Grumetta Piastrina Armband"},"content":{"rendered":"<p>Giovanni Raspini Armband aus 925er Sterlingsilber mit 100% italienischer Handwerkskunst. Die L\u00e4nge des Armbands betr\u00e4gt 19 cm bei Gr\u00f6\u00dfe M und 21 cm bei Gr\u00f6\u00dfe L. Das Armband ist mit einem Karabinerverschluss ausgestattet. Das Armband ist komplett mit Box und original Giovanni Raspini Garantie.<\/p>\n","protected":false},"excerpt":{"rendered":"<p>Armband aus Silber mit moderner Verarbeitung, die f\u00fcr Leichtigkeit und Diskretion am Handgelenk sorgt.<\/p>\n","protected":false},"featured_media":109184,"comment_status":"open","ping_status":"closed","template":"","meta":[],"product_brand":[],"product_cat":[7597],"product_tag":[],"class_list":{"0":"post-109175","1":"product","2":"type-product","3":"status-publish","4":"has-post-thumbnail","6":"product_cat-armbander-giovanni-raspini-manner","8":"first","9":"instock","10":"sale","11":"taxable","12":"shipping-taxable","13":"purchasable","14":"product-type-variable","15":"has-default-attributes"},"exclude_global_add_ons":[],"addons":[],"df_price":261,"df_sale_price":"","df_regular_price":261,"df_image_link":"https:\/\/cdn02.fabioferro.eu\/wp-content\/uploads\/bracciale-giovanni-raspini-grumetta-piastrina-11661.jpg","_links":{"self":[{"href":"https:\/\/www.fabioferro.eu\/de\/wp-json\/wp\/v2\/product\/109175","targetHints":{"allow":["GET"]}}],"collection":[{"href":"https:\/\/www.fabioferro.eu\/de\/wp-json\/wp\/v2\/product"}],"about":[{"href":"https:\/\/www.fabioferro.eu\/de\/wp-json\/wp\/v2\/types\/product"}],"replies":[{"embeddable":true,"href":"https:\/\/www.fabioferro.eu\/de\/wp-json\/wp\/v2\/comments?post=109175"}],"version-history":[{"count":0,"href":"https:\/\/www.fabioferro.eu\/de\/wp-json\/wp\/v2\/product\/109175\/revisions"}],"wp:featuredmedia":[{"embeddable":true,"href":"https:\/\/www.fabioferro.eu\/de\/wp-json\/wp\/v2\/media\/109184"}],"wp:attachment":[{"href":"https:\/\/www.fabioferro.eu\/de\/wp-json\/wp\/v2\/media?parent=109175"}],"wp:term":[{"taxonomy":"product_brand","embeddable":true,"href":"https:\/\/www.fabioferro.eu\/de\/wp-json\/wp\/v2\/product_brand?post=109175"},{"taxonomy":"product_cat","embeddable":true,"href":"https:\/\/www.fabioferro.eu\/de\/wp-json\/wp\/v2\/product_cat?post=109175"},{"taxonomy":"product_tag","embeddable":true,"href":"https:\/\/www.fabioferro.eu\/de\/wp-json\/wp\/v2\/product_tag?post=109175"}],"curies":[{"name":"wp","href":"https:\/\/api.w.org\/{rel}","templated":true}]}}