{"id":109245,"date":"2023-03-25T17:25:30","date_gmt":"2023-03-25T16:25:30","guid":{"rendered":"https:\/\/www.fabioferro.eu\/fabio-iron-halskette-tiffany-style-herzen-mit-diamanten-in-weissgold.html"},"modified":"2024-09-18T17:29:26","modified_gmt":"2024-09-18T15:29:26","slug":"fabio-iron-halskette-tiffany-style-herzen-mit-diamanten-in-weissgold","status":"publish","type":"product","link":"https:\/\/www.fabioferro.eu\/de\/fabio-iron-halskette-tiffany-style-herzen-mit-diamanten-in-weissgold.html","title":{"rendered":"Fabio Iron Halskette Tiffany Style Herzen mit Diamanten in Wei\u00dfgold"},"content":{"rendered":"<p>Halskette aus 18 Karat Wei\u00dfgold, hergestellt in unserer Goldschmiedewerkstatt. Im Inneren jedes kleinen Herzens befindet sich ein Diamant im Brillantschliff mit insgesamt 0,37 Karat. Sie zeichnen sich durch eine F-Farbe und einen VS2-Reinheitsgrad aus. Die kleinen herzf\u00f6rmigen Anh\u00e4nger sind an der Halskette befestigt, bewegen sich aber dennoch und erzeugen einzigartige Lichteffekte. Die L\u00e4nge der Halskette betr\u00e4gt maximal 45 cm, kann aber auch auf 43 cm gek\u00fcrzt werden. Verschluss mit klassischer Federklemme. Zusammen mit einer eleganten Geschenkbox und einer von Fabio Ferro I Gioielli unterzeichneten Qualit\u00e4tsgarantie.  <img decoding=\"async\" class=\"alignnone size-full wp-image-68675\" src=\"https:\/\/cdn02.fabioferro.eu\/wp-content\/uploads\/IGI-4cs-chart-IT-scaled.jpg\" alt=\"\" width=\"1864\" height=\"2560\" title=\"\" srcset=\"https:\/\/cdn02.fabioferro.eu\/wp-content\/uploads\/IGI-4cs-chart-IT-scaled.jpg 1864w, https:\/\/cdn02.fabioferro.eu\/wp-content\/uploads\/IGI-4cs-chart-IT-768x1055.jpg 768w, https:\/\/cdn02.fabioferro.eu\/wp-content\/uploads\/IGI-4cs-chart-IT-1119x1536.jpg 1119w, https:\/\/cdn02.fabioferro.eu\/wp-content\/uploads\/IGI-4cs-chart-IT-1491x2048.jpg 1491w, https:\/\/cdn02.fabioferro.eu\/wp-content\/uploads\/IGI-4cs-chart-IT-990x1359.jpg 990w, https:\/\/cdn02.fabioferro.eu\/wp-content\/uploads\/IGI-4cs-chart-IT-441x606.jpg 441w, https:\/\/cdn02.fabioferro.eu\/wp-content\/uploads\/IGI-4cs-chart-IT-600x824.jpg 600w, https:\/\/cdn02.fabioferro.eu\/wp-content\/uploads\/IGI-4cs-chart-IT-150x206.jpg 150w\" sizes=\"(max-width: 1864px) 100vw, 1864px\" \/><\/p>\n","protected":false},"excerpt":{"rendered":"<p>Ein Juwel, das kein Ende hat. Kleine Herzen werden immer einen Weg finden, um bemerkt zu werden.<\/p>\n","protected":false},"featured_media":109269,"comment_status":"open","ping_status":"closed","template":"","meta":[],"product_brand":[152],"product_cat":[6015],"product_tag":[],"class_list":{"0":"post-109245","1":"product","2":"type-product","3":"status-publish","4":"has-post-thumbnail","6":"product_brand-fabio-ferro-i-gioielli","7":"product_cat-halsketten","9":"first","10":"instock","11":"sale","12":"taxable","13":"shipping-taxable","14":"purchasable","15":"product-type-simple"},"exclude_global_add_ons":[],"addons":[],"df_price":1344,"df_sale_price":1344,"df_regular_price":1680,"df_image_link":"https:\/\/cdn02.fabioferro.eu\/wp-content\/uploads\/collana-fabio-ferro-tiffany-cuori-in-oro-bianco-con-diamanti-ff1152.jpg","_links":{"self":[{"href":"https:\/\/www.fabioferro.eu\/de\/wp-json\/wp\/v2\/product\/109245","targetHints":{"allow":["GET"]}}],"collection":[{"href":"https:\/\/www.fabioferro.eu\/de\/wp-json\/wp\/v2\/product"}],"about":[{"href":"https:\/\/www.fabioferro.eu\/de\/wp-json\/wp\/v2\/types\/product"}],"replies":[{"embeddable":true,"href":"https:\/\/www.fabioferro.eu\/de\/wp-json\/wp\/v2\/comments?post=109245"}],"version-history":[{"count":0,"href":"https:\/\/www.fabioferro.eu\/de\/wp-json\/wp\/v2\/product\/109245\/revisions"}],"wp:featuredmedia":[{"embeddable":true,"href":"https:\/\/www.fabioferro.eu\/de\/wp-json\/wp\/v2\/media\/109269"}],"wp:attachment":[{"href":"https:\/\/www.fabioferro.eu\/de\/wp-json\/wp\/v2\/media?parent=109245"}],"wp:term":[{"taxonomy":"product_brand","embeddable":true,"href":"https:\/\/www.fabioferro.eu\/de\/wp-json\/wp\/v2\/product_brand?post=109245"},{"taxonomy":"product_cat","embeddable":true,"href":"https:\/\/www.fabioferro.eu\/de\/wp-json\/wp\/v2\/product_cat?post=109245"},{"taxonomy":"product_tag","embeddable":true,"href":"https:\/\/www.fabioferro.eu\/de\/wp-json\/wp\/v2\/product_tag?post=109245"}],"curies":[{"name":"wp","href":"https:\/\/api.w.org\/{rel}","templated":true}]}}