{"id":109251,"date":"2023-03-15T16:50:24","date_gmt":"2023-03-15T15:50:24","guid":{"rendered":"https:\/\/www.fabioferro.eu\/giovanni-raspini-armspange-rock-grande-armband.html"},"modified":"2025-03-13T10:34:09","modified_gmt":"2025-03-13T09:34:09","slug":"giovanni-raspini-armspange-rock-grande-armband","status":"publish","type":"product","link":"https:\/\/www.fabioferro.eu\/de\/giovanni-raspini-armspange-rock-grande-armband.html","title":{"rendered":"Giovanni Raspini Armspange Rock Grande Armband"},"content":{"rendered":"<p>Armband aus geh\u00e4mmertem 925er Silber.<\/p>\n<p>Handgefertigt in Italien.<\/p>\n<p>Bequemer Verschluss mit Feder, ideal zum alleinigen Tragen.<\/p>\n<p>Innenma\u00df 5&#215;6 cm.<\/p>\n<p>Mit offizieller Giovanni Raspini Box und Garantie.<\/p>\n","protected":false},"excerpt":{"rendered":"<p>Ein Armband, das dem Wunsch entspringt, ein handgeh\u00e4mmertes Schmuckst\u00fcck zu schaffen, das mit den sch\u00f6nsten Reflexen gl\u00e4nzt.<\/p>\n","protected":false},"featured_media":109274,"comment_status":"open","ping_status":"closed","template":"","meta":[],"product_brand":[155],"product_cat":[7569],"product_tag":[],"class_list":{"0":"post-109251","1":"product","2":"type-product","3":"status-publish","4":"has-post-thumbnail","6":"product_brand-raspini","7":"product_cat-armbander-giovanni-raspini","9":"first","10":"instock","11":"sale","12":"taxable","13":"shipping-taxable","14":"purchasable","15":"product-type-simple"},"exclude_global_add_ons":[],"addons":[],"df_price":297,"df_sale_price":297,"df_regular_price":330,"df_image_link":"https:\/\/cdn02.fabioferro.eu\/wp-content\/uploads\/bracciale-giovanni-raspini-bangle-rock-medio-10238.jpg","_links":{"self":[{"href":"https:\/\/www.fabioferro.eu\/de\/wp-json\/wp\/v2\/product\/109251","targetHints":{"allow":["GET"]}}],"collection":[{"href":"https:\/\/www.fabioferro.eu\/de\/wp-json\/wp\/v2\/product"}],"about":[{"href":"https:\/\/www.fabioferro.eu\/de\/wp-json\/wp\/v2\/types\/product"}],"replies":[{"embeddable":true,"href":"https:\/\/www.fabioferro.eu\/de\/wp-json\/wp\/v2\/comments?post=109251"}],"version-history":[{"count":0,"href":"https:\/\/www.fabioferro.eu\/de\/wp-json\/wp\/v2\/product\/109251\/revisions"}],"wp:featuredmedia":[{"embeddable":true,"href":"https:\/\/www.fabioferro.eu\/de\/wp-json\/wp\/v2\/media\/109274"}],"wp:attachment":[{"href":"https:\/\/www.fabioferro.eu\/de\/wp-json\/wp\/v2\/media?parent=109251"}],"wp:term":[{"taxonomy":"product_brand","embeddable":true,"href":"https:\/\/www.fabioferro.eu\/de\/wp-json\/wp\/v2\/product_brand?post=109251"},{"taxonomy":"product_cat","embeddable":true,"href":"https:\/\/www.fabioferro.eu\/de\/wp-json\/wp\/v2\/product_cat?post=109251"},{"taxonomy":"product_tag","embeddable":true,"href":"https:\/\/www.fabioferro.eu\/de\/wp-json\/wp\/v2\/product_tag?post=109251"}],"curies":[{"name":"wp","href":"https:\/\/api.w.org\/{rel}","templated":true}]}}