{"id":109288,"date":"2023-03-23T11:07:21","date_gmt":"2023-03-23T10:07:21","guid":{"rendered":"https:\/\/www.fabioferro.eu\/bibigi-rose-und-weissgold-halskette-mit-diamanten.html"},"modified":"2023-03-23T11:07:21","modified_gmt":"2023-03-23T10:07:21","slug":"bibigi-rose-und-weissgold-halskette-mit-diamanten","status":"publish","type":"product","link":"https:\/\/www.fabioferro.eu\/de\/bibigi-rose-und-weissgold-halskette-mit-diamanten.html","title":{"rendered":"Bibigi Rose und Wei\u00dfgold Halskette mit Diamanten"},"content":{"rendered":"<p>In Italien handgefertigte Halskette, komplett aus 18 Karat Ros\u00e9- und Wei\u00dfgold.<\/p>\n<p>Die kleinsten Diamanten von 0,12 Karat im Brillantschliff, die sich durch die Farbe F und die Reinheit VS2 auszeichnen, sind in der kleinsten Schleife gefasst.<\/p>\n<p>Das Gesamtgewicht des Schmuckst\u00fccks betr\u00e4gt 7,45 g.<\/p>\n<p>Die L\u00e4nge des Schmuckst\u00fccks ist 42 cm, eine Gr\u00f6\u00dfe nicht einstellbar.<\/p>\n<p>Klassischer Karabinerverschluss.<\/p>\n<p>Die Schleife misst 3,5 cm in der L\u00e4nge und 3 cm in der Breite.<\/p>\n<p>Mit der offiziellen Bibigi-Verpackung und Garantie<\/p>\n","protected":false},"excerpt":{"rendered":"<p>Eine s\u00fc\u00dfe Heftklammer, die sich als das zeigt, was sie wirklich ist: unvollkommen, aber absurd sch\u00f6n.<\/p>\n","protected":false},"featured_media":109309,"comment_status":"open","ping_status":"closed","template":"","meta":[],"product_brand":[],"product_cat":[6015],"product_tag":[7442],"class_list":{"0":"post-109288","1":"product","2":"type-product","3":"status-publish","4":"has-post-thumbnail","6":"product_cat-halsketten","7":"product_tag-verfugbar","9":"first","10":"instock","11":"sale","12":"taxable","13":"shipping-taxable","14":"purchasable","15":"product-type-simple"},"exclude_global_add_ons":[],"addons":[],"df_price":1600,"df_sale_price":1600,"df_regular_price":2000,"df_image_link":"https:\/\/cdn02.fabioferro.eu\/wp-content\/uploads\/collana-fabio-ferro-fiocco-in-oro-rosa-e-bianco-con-diuamanti-cla1019b1.jpg","_links":{"self":[{"href":"https:\/\/www.fabioferro.eu\/de\/wp-json\/wp\/v2\/product\/109288","targetHints":{"allow":["GET"]}}],"collection":[{"href":"https:\/\/www.fabioferro.eu\/de\/wp-json\/wp\/v2\/product"}],"about":[{"href":"https:\/\/www.fabioferro.eu\/de\/wp-json\/wp\/v2\/types\/product"}],"replies":[{"embeddable":true,"href":"https:\/\/www.fabioferro.eu\/de\/wp-json\/wp\/v2\/comments?post=109288"}],"version-history":[{"count":0,"href":"https:\/\/www.fabioferro.eu\/de\/wp-json\/wp\/v2\/product\/109288\/revisions"}],"wp:featuredmedia":[{"embeddable":true,"href":"https:\/\/www.fabioferro.eu\/de\/wp-json\/wp\/v2\/media\/109309"}],"wp:attachment":[{"href":"https:\/\/www.fabioferro.eu\/de\/wp-json\/wp\/v2\/media?parent=109288"}],"wp:term":[{"taxonomy":"product_brand","embeddable":true,"href":"https:\/\/www.fabioferro.eu\/de\/wp-json\/wp\/v2\/product_brand?post=109288"},{"taxonomy":"product_cat","embeddable":true,"href":"https:\/\/www.fabioferro.eu\/de\/wp-json\/wp\/v2\/product_cat?post=109288"},{"taxonomy":"product_tag","embeddable":true,"href":"https:\/\/www.fabioferro.eu\/de\/wp-json\/wp\/v2\/product_tag?post=109288"}],"curies":[{"name":"wp","href":"https:\/\/api.w.org\/{rel}","templated":true}]}}